{"id":79569,"date":"2024-04-21T21:21:43","date_gmt":"2024-04-21T19:21:43","guid":{"rendered":"https:\/\/www.havohravo.com\/?post_type=product&#038;p=79569"},"modified":"2024-04-22T14:22:15","modified_gmt":"2024-04-22T12:22:15","slug":"team-austria-halsband-copy","status":"publish","type":"product","link":"https:\/\/www.havohravo.com\/de\/produkt\/team-austria-halsband-copy\/","title":{"rendered":"Team Austria Agilityleine"},"content":{"rendered":"<div class=\"wpb-content-wrapper\"><p>[vc_row][vc_column][vc_empty_space][\/vc_column][\/vc_row][vc_row][vc_column width=&#8220;1\/2&#8243;][vc_column_text]<\/p>\n<h3>Team Austria Agilityleine<\/h3>\n<p dir=\"auto\" data-pm-slice=\"1 1 []\">Ein unverzichtbares Accessoire f\u00fcr deinen vierbeinigen Athleten! Inspiriert von der \u00f6sterreichischen Flagge, ist diese Leine nicht nur ein modisches Statement. Mit dieser Leine entfesselst du den inneren Champion deines Hundes!<\/p>\n<h4>Ma\u00dfe:<\/h4>\n<p>Halsbandbreite: 25 mm<br \/>\nVerf\u00fcgbare L\u00e4ngen: 1,2 m oder 1,5 m<br \/>\nDer R\u00fcckd\u00e4mpfer ist in der Version Standard oder Extra Stark erh\u00e4ltlich. Die extra starke Version ist f\u00fcr gro\u00dfe, stark zerrende Hunde geeignet.<\/p>\n<h4 class=\"p1\">Gr\u00f6\u00dfe<\/h4>\n<ol>\n<li>Messe den Halsumfang mittig am Hals deines Hundes. Messe eng, ohne zus\u00e4tzlichen Platz zu lassen.<\/li>\n<li>Tippe den Halsumfang in cm und das Gewicht deines Hundes in das Notizfeld beim Check Out ein. Wir werden sicherstellen, dass wir die richtige Gr\u00f6\u00dfe und die passenden Komponenten f\u00fcr deinen Hund verwenden.<\/li>\n<\/ol>\n<p>[\/vc_column_text][vc_empty_space height=&#8220;24&#8243;][vc_single_image image=&#8220;79575&#8243; img_size=&#8220;large&#8220;][vc_empty_space height=&#8220;24&#8243;][\/vc_column][vc_column width=&#8220;5\/12&#8243; offset=&#8220;vc_col-sm-offset-1&#8243;][vc_column_text]<\/p>\n<h4>Material<\/h4>\n<h5>Gurtband:<\/h5>\n<ul>\n<li>Doppeltes, sehr weiches PET-Band.<\/li>\n<li>Hohe Zugfestigkeit<br \/>\nWitterungsbest\u00e4ndigkeit: best\u00e4ndig gegen UV-Strahlen und wechselnde Witterungsverh\u00e4ltnisse<\/li>\n<li>Geringe Wasseraufnahme<\/li>\n<li>Gute Abriebfestigkeit<\/li>\n<li>Leicht sauber zu halten<\/li>\n<\/ul>\n<h5>Polsterung\u00a0&#8211; Softshell<\/h5>\n<ul>\n<li>Winddicht<\/li>\n<li>Wasserdicht<\/li>\n<li>Atmungsf\u00e4hig<\/li>\n<li>mit BIONIC FINISH\u00ae ECO: eltfreundliche, fluorfreie, wasserabweisende Textilbeschichtung<\/li>\n<\/ul>\n<h5>Fleece<\/h5>\n<ul>\n<li>Polarmikrofleece 100 % Polyester<\/li>\n<li>Anti-Pilling<\/li>\n<li>Atmungsaktiv<\/li>\n<\/ul>\n<h5 class=\"p1\">Komponente<\/h5>\n<ul>\n<li>Metall: Zinkdruckguss mit vernickelter Oberfl\u00e4che<\/li>\n<\/ul>\n<p>[\/vc_column_text][vc_empty_space height=&#8220;24&#8243;][\/vc_column][\/vc_row]<\/p>\n<\/div>","protected":false},"excerpt":{"rendered":"<p>Bist du bereit zu gewinnen?!<\/p>\n","protected":false},"featured_media":79577,"template":"","meta":[],"pwb-brand":[374],"product_cat":[2271,2270,879],"product_tag":[],"class_list":{"0":"post-79569","1":"product","2":"type-product","3":"status-publish","4":"has-post-thumbnail","6":"pwb-brand-havohravo-de","7":"product_cat-agility-leinen","8":"product_cat-team-austria-kollektion","9":"product_cat-hundemode","11":"first","12":"instock","13":"featured","14":"taxable","15":"shipping-taxable","16":"purchasable","17":"product-type-variable"},"brands":[{"id":374,"name":"havohravo","slug":"havohravo-de"}],"_links":{"self":[{"href":"https:\/\/www.havohravo.com\/de\/wp-json\/wp\/v2\/product\/79569","targetHints":{"allow":["GET"]}}],"collection":[{"href":"https:\/\/www.havohravo.com\/de\/wp-json\/wp\/v2\/product"}],"about":[{"href":"https:\/\/www.havohravo.com\/de\/wp-json\/wp\/v2\/types\/product"}],"wp:featuredmedia":[{"embeddable":true,"href":"https:\/\/www.havohravo.com\/de\/wp-json\/wp\/v2\/media\/79577"}],"wp:attachment":[{"href":"https:\/\/www.havohravo.com\/de\/wp-json\/wp\/v2\/media?parent=79569"}],"wp:term":[{"taxonomy":"pwb-brand","embeddable":true,"href":"https:\/\/www.havohravo.com\/de\/wp-json\/wp\/v2\/pwb-brand?post=79569"},{"taxonomy":"product_cat","embeddable":true,"href":"https:\/\/www.havohravo.com\/de\/wp-json\/wp\/v2\/product_cat?post=79569"},{"taxonomy":"product_tag","embeddable":true,"href":"https:\/\/www.havohravo.com\/de\/wp-json\/wp\/v2\/product_tag?post=79569"}],"curies":[{"name":"wp","href":"https:\/\/api.w.org\/{rel}","templated":true}]}}