{"id":79726,"date":"2024-04-22T19:35:55","date_gmt":"2024-04-22T17:35:55","guid":{"rendered":"https:\/\/www.havohravo.com\/?post_type=product&#038;p=79726"},"modified":"2024-04-22T19:57:23","modified_gmt":"2024-04-22T17:57:23","slug":"regule-copy","status":"publish","type":"product","link":"https:\/\/www.havohravo.com\/de\/produkt\/regule-copy\/","title":{"rendered":"Dogule"},"content":{"rendered":"<div class=\"wpb-content-wrapper\"><p>[vc_row][vc_column][vc_empty_space][\/vc_column][\/vc_row][vc_row][vc_column width=&#8220;1\/2&#8243;][vc_column_text]<\/p>\n<h3>Dogule<\/h3>\n<p>Der beliebte Leckerbissen bringt Gesundheit f\u00fcr Hunde und hilft Besitzern beim Training.<\/p>\n<ul>\n<li style=\"font-weight: 400;\">komplexe Zusammenstellung von Leckereien \u2013 sie tragen zur Gesundheit bei und schmecken gleichzeitig gro\u00dfartig<\/li>\n<li style=\"font-weight: 400;\">ausgewogenes Verh\u00e4ltnis von Proteinen, Kohlenhydraten und Fetten<\/li>\n<li style=\"font-weight: 400;\">ohne Konservierungs- und Zusatzstoffe<\/li>\n<li style=\"font-weight: 400;\">Sie enthalten Qualit\u00e4tsfleisch<\/li>\n<li style=\"font-weight: 400;\">12 mm Durchmesser ist f\u00fcr kleine und gro\u00dfe Rassen geeignet<\/li>\n<\/ul>\n<div class=\"wp-block-media-text alignwide has-media-on-the-right is-stacked-on-mobile\">\n<div class=\"wp-block-media-text__content\">\n<p>Diese Leckerlis beinhalten <strong>echtes Fleisch<\/strong>, das N\u00e4hrstoffe und einen unwiderstehlichen Geschmack liefert. Nat\u00fcrliches Rinderkollagen\u00a0<strong>unterst\u00fctzt die Gelenke<\/strong>\u00a0und Sehnen, die beim Training beansprucht werden. Dank des mikrobiellen Proteins und der Hefe ist Dogule leicht verdaulich und\u00a0<strong>wird die Verdauung unterst\u00fctzen<\/strong>. Kelp verhindert die Bildung\u00a0<strong>Zahnstein<\/strong>\u00a0und unterdr\u00fcckt Mundgeruch. Spirulina und Chlorella sind\u00a0<strong>starke Antioxidantien<\/strong>\u00a0voller Vitamine und Mineralien. Hanfsamen\u00f6l enth\u00e4lt bis zu 80 % essentielle Fetts\u00e4uren, die gesundheitsf\u00f6rdernd sind\u00a0<strong>gesunde Entwicklung des Hundes<\/strong>\u00a0Dar\u00fcber hinaus unterst\u00fctzt es das Fell, das dann fest, dicht und gl\u00e4nzend ist.<\/p>\n<\/div>\n<\/div>\n<p>[\/vc_column_text][vc_empty_space height=&#8220;24&#8243;][\/vc_column][vc_column width=&#8220;5\/12&#8243; offset=&#8220;vc_col-sm-offset-1&#8243;][vc_column_text]<\/p>\n<h3>Dosierung:<\/h3>\n<p>Belohne den Hund mit den Leckerlis nach Bedarf, tue es aber nicht \u00fcbertreiben.<\/p>\n<h3>Zusammensetzung:<\/h3>\n<p>Enth\u00e4lt nur nat\u00fcrliche, sorgf\u00e4ltig ausgew\u00e4hlte und kombinierte Zutaten.<\/p>\n<p>Getrocknetes Entenfleisch, getrocknetes Lachsfleisch, getrocknetes Rindfleisch, hydrolysierte Gefl\u00fcgelleber, extrudierte Hirse und Reis, Rinderkollagen, Weizensprossen, Trockeneier, getrocknetes Apfelmark, mikrobielles Eiwei\u00df, Bierhefe, kaltgepresstes Hanfsamen\u00f6l, Kelp-Algen, Spirulina, Chlorella.<\/p>\n<p>Gehalt an nat\u00fcrlichen N\u00e4hrstoffen pro 100 g:<br \/>\nEiwei\u00df 32%, Fett 19%, Ballaststoffe 4%, Kohlenhydrate 2%, Salz 0,6%.<br \/>\nHergestellt in der Tschechischen Republik.[\/vc_column_text][vc_empty_space height=&#8220;24&#8243;][\/vc_column][\/vc_row]<\/p>\n<\/div>","protected":false},"excerpt":{"rendered":"<p id=\"tw-target-text\" class=\"tw-data-text tw-text-large tw-ta\" dir=\"ltr\" data-placeholder=\"Translation\">Gesunde-Leckerlies f\u00fcr Hunde perfekt f\u00fcrs Training<\/p>\n","protected":false},"featured_media":79734,"template":"","meta":[],"pwb-brand":[2249],"product_cat":[1933,1954],"product_tag":[],"class_list":{"0":"post-79726","1":"product","2":"type-product","3":"status-publish","4":"has-post-thumbnail","6":"pwb-brand-canislab-de","7":"product_cat-futter","8":"product_cat-leckerlis","10":"first","11":"instock","12":"taxable","13":"shipping-taxable","14":"purchasable","15":"product-type-variable"},"brands":[{"id":2249,"name":"canislab","slug":"canislab-de"}],"_links":{"self":[{"href":"https:\/\/www.havohravo.com\/de\/wp-json\/wp\/v2\/product\/79726","targetHints":{"allow":["GET"]}}],"collection":[{"href":"https:\/\/www.havohravo.com\/de\/wp-json\/wp\/v2\/product"}],"about":[{"href":"https:\/\/www.havohravo.com\/de\/wp-json\/wp\/v2\/types\/product"}],"wp:featuredmedia":[{"embeddable":true,"href":"https:\/\/www.havohravo.com\/de\/wp-json\/wp\/v2\/media\/79734"}],"wp:attachment":[{"href":"https:\/\/www.havohravo.com\/de\/wp-json\/wp\/v2\/media?parent=79726"}],"wp:term":[{"taxonomy":"pwb-brand","embeddable":true,"href":"https:\/\/www.havohravo.com\/de\/wp-json\/wp\/v2\/pwb-brand?post=79726"},{"taxonomy":"product_cat","embeddable":true,"href":"https:\/\/www.havohravo.com\/de\/wp-json\/wp\/v2\/product_cat?post=79726"},{"taxonomy":"product_tag","embeddable":true,"href":"https:\/\/www.havohravo.com\/de\/wp-json\/wp\/v2\/product_tag?post=79726"}],"curies":[{"name":"wp","href":"https:\/\/api.w.org\/{rel}","templated":true}]}}