{"id":80231,"date":"2024-05-23T22:25:08","date_gmt":"2024-05-23T20:25:08","guid":{"rendered":"https:\/\/www.havohravo.com\/?post_type=product&#038;p=80231"},"modified":"2024-05-23T22:47:03","modified_gmt":"2024-05-23T20:47:03","slug":"cool-on-track-kuhlmantel-fur-hund-copy","status":"publish","type":"product","link":"https:\/\/www.havohravo.com\/de\/produkt\/cool-on-track-kuhlmantel-fur-hund-copy\/","title":{"rendered":"Cool on Track K\u00fchltuch"},"content":{"rendered":"<div class=\"wpb-content-wrapper\"><p>[vc_row][vc_column][vc_empty_space][\/vc_column][\/vc_row][vc_row][vc_column width=&#8220;1\/2&#8243;][vc_column_text]<br \/>\nCool on Track K\u00fchltuch<\/p>\n<p>Das Cooling Towel h\u00e4lt deinen Hund &#8211; oder andere Familienmitglieder &#8211; angenehm k\u00fchl. Hunde sch\u00e4tzen es besonders, auf einer k\u00fchlen Unterlage zu liegen, da ihr Fell am Bauch d\u00fcnner ist und die oberfl\u00e4chlichen Blutgef\u00e4\u00dfe zur Senkung der K\u00f6rpertemperatur beitragen.<\/p>\n<p>Das technische Cool on Track\u2122 Material k\u00fchlt durch Wasserverdunstung und bietet einen angenehmen, erfrischenden Effekt. Es enth\u00e4lt keine Chemikalien und erfordert keinen Zugang zu einer Gefriertruhe. Eine strapazierf\u00e4hige Netzschicht an der Au\u00dfenseite regt die Luftzirkulation an. Das k\u00fchlende Handtuch ist einfach zu benutzen und kann bequem auf Ausfl\u00fcge und Reisen mitgenommen werden.[\/vc_column_text][vc_empty_space height=&#8220;24&#8243;][\/vc_column][vc_column width=&#8220;5\/12&#8243; offset=&#8220;vc_col-sm-offset-1&#8243;][vc_column_text]<\/p>\n<h3>Anwendung:<\/h3>\n<p>Weiche das Tuch in Wasser ein, dr\u00fccke die \u00fcbersch\u00fcssige Fl\u00fcssigkeit aus und lege das Handtuch auf oder unter den Hund. Das Material k\u00fchlt, solange es feucht ist, und du kannst es leicht wieder befeuchten, um den Effekt den ganzen Tag \u00fcber aufrechtzuerhalten.<\/p>\n<p>Es ist wichtig, das Produkt feucht halten, auch wenn es nicht benutzt wird. Wenn es trocken ist, wird es empfindlich und kann rei\u00dfen. Um ein trockenes Produkt wiederherzustellen, kannst du es mit warmem Wasser absp\u00fclen.<br \/>\n[\/vc_column_text][vc_empty_space height=&#8220;24&#8243;][\/vc_column][\/vc_row]<\/p>\n<\/div>","protected":false},"excerpt":{"rendered":"<p>Helde deinem Hund, in der Sommerhitze k\u00fchl zu bleiben, mit einem k\u00fchlenden Handtuch!<\/p>\n","protected":false},"featured_media":80239,"template":"","meta":[],"pwb-brand":[360],"product_cat":[2169,879,881,889],"product_tag":[],"class_list":{"0":"post-80231","1":"product","2":"type-product","3":"status-publish","4":"has-post-thumbnail","6":"pwb-brand-back-on-track-de","7":"product_cat-kuehlmantel","8":"product_cat-hundemode","9":"product_cat-mantel-und-jacken","10":"product_cat-andere-produkte-menschen","12":"first","13":"instock","14":"featured","15":"taxable","16":"shipping-taxable","17":"purchasable","18":"product-type-variable"},"brands":[{"id":360,"name":"Back On Track","slug":"back-on-track-de"}],"_links":{"self":[{"href":"https:\/\/www.havohravo.com\/de\/wp-json\/wp\/v2\/product\/80231","targetHints":{"allow":["GET"]}}],"collection":[{"href":"https:\/\/www.havohravo.com\/de\/wp-json\/wp\/v2\/product"}],"about":[{"href":"https:\/\/www.havohravo.com\/de\/wp-json\/wp\/v2\/types\/product"}],"wp:featuredmedia":[{"embeddable":true,"href":"https:\/\/www.havohravo.com\/de\/wp-json\/wp\/v2\/media\/80239"}],"wp:attachment":[{"href":"https:\/\/www.havohravo.com\/de\/wp-json\/wp\/v2\/media?parent=80231"}],"wp:term":[{"taxonomy":"pwb-brand","embeddable":true,"href":"https:\/\/www.havohravo.com\/de\/wp-json\/wp\/v2\/pwb-brand?post=80231"},{"taxonomy":"product_cat","embeddable":true,"href":"https:\/\/www.havohravo.com\/de\/wp-json\/wp\/v2\/product_cat?post=80231"},{"taxonomy":"product_tag","embeddable":true,"href":"https:\/\/www.havohravo.com\/de\/wp-json\/wp\/v2\/product_tag?post=80231"}],"curies":[{"name":"wp","href":"https:\/\/api.w.org\/{rel}","templated":true}]}}