{"id":80575,"date":"2024-06-05T22:38:51","date_gmt":"2024-06-05T20:38:51","guid":{"rendered":"https:\/\/www.havohravo.com\/?post_type=product&#038;p=80575"},"modified":"2026-03-15T23:09:21","modified_gmt":"2026-03-15T22:09:21","slug":"bungeezergel-mit-hasenfell-xl-copy","status":"publish","type":"product","link":"https:\/\/www.havohravo.com\/de\/produkt\/bungeezergel-mit-hasenfell-xl-copy\/","title":{"rendered":"Bungeezergel mit Schaffell XL"},"content":{"rendered":"<div class=\"wpb-content-wrapper\"><p>[vc_row][vc_column][vc_empty_space][\/vc_column][\/vc_row][vc_row][vc_column width=&#8220;2\/3&#8243; offset=&#8220;vc_col-sm-offset-2 vc_col-xs-12&#8243;][vc_column_text]<\/p>\n<h3>Bungeezergel mit Schaffell XL<\/h3>\n<p>Mach deinem Hund das Training interessanter mit dem Schaffell-Zerrspielzeug. Hunde lieben Fell und f\u00fchren gerne jedes Kommando in kurze Zeit aus. Es ist daher auch perfekt, um deinen Hund beim Hundesport oder beim gemeinsamen Spielen zu motivieren. Der Bungeegriff ist mit einem Sto\u00dfd\u00e4mpfer ausgestattet und liegt gut in der Hand.<\/p>\n<p>Dieses Spielzeug ist aus echtem Fell gefertigt. F\u00fcr die Herstellung dieses Spielzeugs wurden keine Tiere get\u00f6tet. Verarbeitet werden nur Teile des Fells, die normalerweise bei der Lebensmittelverarbeitung f\u00fcr den Menschen weggeworfen w\u00fcrden. Auf diese Weise recycelt dieses Spielzeug die Teile des Fells, die sonst entsorgt werden w\u00fcrden.<\/p>\n<p>Es ist f\u00fcr das aktive Spiel zwischen dem Hundef\u00fchrer und seinem Hund gedacht. Material: Schaffell und Polyester.<\/p>\n<p>Lassen Sie den Hund nicht mit dem Spielzeug unbeaufsichtigt. Nehmen Sie das Spielzeug weg, wenn es besch\u00e4digt ist. Nicht f\u00fcr Kinder geeignet.<\/p>\n<p>Dieses Produkt ist NICHT maschinenwaschbar. In kaltem Wasser waschen und an der Luft trocknen lassen.<\/p>\n<p><strong>L\u00e4nge:<\/strong><br \/>\nGesamtl\u00e4nge 130 cm<br \/>\nFellteil: 70 cm<br \/>\nKein Quietscher enthalten.[\/vc_column_text][vc_empty_space height=&#8220;32&#8243;][\/vc_column][\/vc_row]<\/p>\n<\/div>","protected":false},"excerpt":{"rendered":"<p>Zerspielzeug f\u00fcr Hunde, die kuscheliges Spielzeug lieben!<\/p>\n","protected":false},"featured_media":80572,"template":"","meta":[],"pwb-brand":[1009],"product_cat":[1693,866],"product_tag":[],"class_list":{"0":"post-80575","1":"product","2":"type-product","3":"status-publish","4":"has-post-thumbnail","6":"pwb-brand-piskacipotvurky","7":"product_cat-fellspielzeug","8":"product_cat-hundespielzeug","10":"first","11":"outofstock","12":"taxable","13":"shipping-taxable","14":"purchasable","15":"product-type-simple"},"brands":[{"id":1009,"name":"Piskaci Potvurky","slug":"piskacipotvurky"}],"_links":{"self":[{"href":"https:\/\/www.havohravo.com\/de\/wp-json\/wp\/v2\/product\/80575","targetHints":{"allow":["GET"]}}],"collection":[{"href":"https:\/\/www.havohravo.com\/de\/wp-json\/wp\/v2\/product"}],"about":[{"href":"https:\/\/www.havohravo.com\/de\/wp-json\/wp\/v2\/types\/product"}],"wp:featuredmedia":[{"embeddable":true,"href":"https:\/\/www.havohravo.com\/de\/wp-json\/wp\/v2\/media\/80572"}],"wp:attachment":[{"href":"https:\/\/www.havohravo.com\/de\/wp-json\/wp\/v2\/media?parent=80575"}],"wp:term":[{"taxonomy":"pwb-brand","embeddable":true,"href":"https:\/\/www.havohravo.com\/de\/wp-json\/wp\/v2\/pwb-brand?post=80575"},{"taxonomy":"product_cat","embeddable":true,"href":"https:\/\/www.havohravo.com\/de\/wp-json\/wp\/v2\/product_cat?post=80575"},{"taxonomy":"product_tag","embeddable":true,"href":"https:\/\/www.havohravo.com\/de\/wp-json\/wp\/v2\/product_tag?post=80575"}],"curies":[{"name":"wp","href":"https:\/\/api.w.org\/{rel}","templated":true}]}}