{"id":80588,"date":"2024-06-05T23:00:46","date_gmt":"2024-06-05T21:00:46","guid":{"rendered":"https:\/\/www.havohravo.com\/?post_type=product&#038;p=80588"},"modified":"2026-01-08T19:55:33","modified_gmt":"2026-01-08T18:55:33","slug":"bungee-kombizergel-copy","status":"publish","type":"product","link":"https:\/\/www.havohravo.com\/de\/produkt\/bungee-kombizergel-copy\/","title":{"rendered":"Bungeezergel Bunnemone"},"content":{"rendered":"<div class=\"wpb-content-wrapper\"><p>[vc_row][vc_column][vc_empty_space][\/vc_column][\/vc_row][vc_row][vc_column width=&#8220;2\/3&#8243; offset=&#8220;vc_col-sm-offset-2 vc_col-xs-12&#8243;][vc_column_text]<\/p>\n<h3>Bungee Tug Bunnemone<\/h3>\n<p>Eine Kombination der zwei beliebtesten Spielzeuge in einem. Der Hasenzergel und der Wischmopp sind die Lieblinge der Hunde. Ideal f\u00fcr positives Hundetraining oder als Motivation im Hundesport. Der Mop-Zergel hat einen flexiblen Griff &#8211; Sto\u00dfd\u00e4mpfer &#8211; mit Softshell unterlegt. Das reduziert den Aufprall beim Spielen, schont die Handgelenke und liegt angenehm in der Hand. Das Fell ist fest mit dem Gurtband vern\u00e4ht. So musst du dir keine Sorgen um die wilderen Spiele machen.<\/p>\n<p>Dieses Spielzeug ist aus echtem Fell gefertigt. F\u00fcr die Herstellung dieses Spielzeugs wurden keine Tiere get\u00f6tet. Verarbeitet werden nur Teile des Fells, die normalerweise bei der Lebensmittelverarbeitung f\u00fcr den Menschen weggeworfen w\u00fcrden. Auf diese Weise recycelt dieses Spielzeug die Teile des Fells, die sonst entsorgt werden w\u00fcrden.<\/p>\n<p>Es ist f\u00fcr das aktive Spiel zwischen dem Hundef\u00fchrer und seinem Hund gedacht. Material: Kaninchenfell und Polyester.<\/p>\n<p>Lassen Sie den Hund nicht mit dem Spielzeug unbeaufsichtigt. Nehmen Sie das Spielzeug weg, wenn es besch\u00e4digt ist. Nicht f\u00fcr Kinder geeignet.<\/p>\n<p>Dieses Produkt ist NICHT maschinenwaschbar. In kaltem Wasser waschen und an der Luft trocknen lassen.<\/p>\n<p><strong>Gr\u00f6\u00dfe<\/strong>:<br \/>\nGesamtl\u00e4nge des Spielzeugs: ca. 105 cm<br \/>\nL\u00e4nge des Griffs: 55 cm<br \/>\nL\u00e4nge von Mop und Fell: 50 cm<br \/>\nInklusive Quietsche[\/vc_column_text][vc_empty_space height=&#8220;32&#8243;][\/vc_column][\/vc_row]<\/p>\n<\/div>","protected":false},"excerpt":{"rendered":"<p>Zerspielzeug f\u00fcr Hunde, die\u00a0 kuscheliges Spielzeug lieben!<\/p>\n","protected":false},"featured_media":80608,"template":"","meta":[],"pwb-brand":[1009],"product_cat":[1693,866],"product_tag":[],"class_list":{"0":"post-80588","1":"product","2":"type-product","3":"status-publish","4":"has-post-thumbnail","6":"pwb-brand-piskacipotvurky","7":"product_cat-fellspielzeug","8":"product_cat-hundespielzeug","10":"first","11":"instock","12":"taxable","13":"shipping-taxable","14":"purchasable","15":"product-type-variable"},"brands":[{"id":1009,"name":"Piskaci Potvurky","slug":"piskacipotvurky"}],"_links":{"self":[{"href":"https:\/\/www.havohravo.com\/de\/wp-json\/wp\/v2\/product\/80588","targetHints":{"allow":["GET"]}}],"collection":[{"href":"https:\/\/www.havohravo.com\/de\/wp-json\/wp\/v2\/product"}],"about":[{"href":"https:\/\/www.havohravo.com\/de\/wp-json\/wp\/v2\/types\/product"}],"wp:featuredmedia":[{"embeddable":true,"href":"https:\/\/www.havohravo.com\/de\/wp-json\/wp\/v2\/media\/80608"}],"wp:attachment":[{"href":"https:\/\/www.havohravo.com\/de\/wp-json\/wp\/v2\/media?parent=80588"}],"wp:term":[{"taxonomy":"pwb-brand","embeddable":true,"href":"https:\/\/www.havohravo.com\/de\/wp-json\/wp\/v2\/pwb-brand?post=80588"},{"taxonomy":"product_cat","embeddable":true,"href":"https:\/\/www.havohravo.com\/de\/wp-json\/wp\/v2\/product_cat?post=80588"},{"taxonomy":"product_tag","embeddable":true,"href":"https:\/\/www.havohravo.com\/de\/wp-json\/wp\/v2\/product_tag?post=80588"}],"curies":[{"name":"wp","href":"https:\/\/api.w.org\/{rel}","templated":true}]}}