{"id":80631,"date":"2024-06-06T09:23:31","date_gmt":"2024-06-06T07:23:31","guid":{"rendered":"https:\/\/www.havohravo.com\/?post_type=product&#038;p=80631"},"modified":"2026-03-29T18:11:19","modified_gmt":"2026-03-29T16:11:19","slug":"schwimmweste-protector-copy","status":"publish","type":"product","link":"https:\/\/www.havohravo.com\/de\/produkt\/schwimmweste-protector-copy\/","title":{"rendered":"Schwimmweste Protector T\u00fcrkis"},"content":{"rendered":"<div class=\"wpb-content-wrapper\"><p>[vc_row][vc_column][vc_empty_space][\/vc_column][\/vc_row][vc_row][vc_column width=&#8220;1\/2&#8243;][vc_column_text]<\/p>\n<h3>Schwimmveste Protector<\/h3>\n<p>Diese Hundeschwimmweste ist wie keine andere auf dem Markt. Die einzigartige SAFE-R-Auftriebskonstruktion sorgt daf\u00fcr, dass dein Hund \u00fcber Wasser gehalten wird und zur Wasserlinie stabil bleibt. Der Schaumstoff ist an der Seite angebracht, um den Auftrieb und die Bewegungsfreiheit zu erh\u00f6hen. Die Paneele sind in Abschnitte unterteilt, damit der Hund sich drehen kann, ohne von der Weste eingeschr\u00e4nkt zu werden.<\/p>\n<p>Sie erm\u00f6glicht extreme Atmungsaktivit\u00e4t: Wasser kann durchflie\u00dfen, und die bel\u00fcftete Oberseite verhindert, dass dein Hund \u00fcberhitzt.<\/p>\n<p>Die Schwimmweste ist mit einem stabilen Griff ausgestattet, falls du den Hund auf den Paddelboard, den Steg oder ins Boot heben m\u00fcssen.<\/p>\n<p>Durch die Kombination des SAFE-T-Wickelsystems und der breiten Brustgurte wird der Druck gleichm\u00e4\u00dfig verteilt, so dass die Weste bequem und sicher f\u00fcr deinen Hund ist. Zus\u00e4tzlich zu einem Leinenbefestigungspunkt auf dem R\u00fccken gibt es zwei Befestigungspunkte an der Seite der Schwimmweste, mit denen du Richtung und Widerstand kontrollieren kannst. Kleine Gegenst\u00e4nde k\u00f6nnen in der R\u00fcckentasche verstaut werden.<\/p>\n<p>Die Protector Schwimmweste ist in den Gr\u00f6\u00dfen 2-7 erh\u00e4ltlich.<\/p>\n<p>Brauchst du Hilfe beim Schwimmtraining? Lies unseren Blog-Beitrag \u00fcber <a href=\"https:\/\/www.havohravo.com\/de\/intensives-schwimmtraining-fur-hunde\/\" target=\"_blank\" rel=\"noopener\">Schwimmen mit hoher Intensit\u00e4t f\u00fcr Hunde.\u00b4<\/a>[\/vc_column_text][vc_empty_space height=&#8220;24&#8243;][\/vc_column][vc_column width=&#8220;5\/12&#8243; offset=&#8220;vc_col-sm-offset-1&#8243;][vc_column_text]<\/p>\n<h3>Charakteristik<\/h3>\n<table>\n<tbody>\n<tr>\n<td width=\"301\"><strong>Passform:<\/strong><\/td>\n<td width=\"301\">Mittellang<\/td>\n<\/tr>\n<tr>\n<td width=\"301\"><strong>Geeignet f\u00fcr:<\/strong><\/td>\n<td width=\"301\">Anf\u00e4nger als auch Wasserratten<\/td>\n<\/tr>\n<tr>\n<td width=\"301\"><strong>Verstellbar:<\/strong><\/td>\n<td width=\"301\">Ja: Halsausschnitt und Brustumfang<\/td>\n<\/tr>\n<tr>\n<td width=\"301\"><strong>Wissenswertes:<\/strong><\/td>\n<td width=\"301\">Schwimmweste mit dem besten Atmungsaktivit\u00e4ts-Design auf dem Markt: verhindert \u00dcberhitzung und erm\u00f6glicht den Wasserfluss durch die Weste.<br \/>\nGut gepolsterter Brustgurt: eine gute Wahl, wenn du den Hund h\u00e4ufig hochheben musst (SUP, Boot, etc.).<\/td>\n<\/tr>\n<\/tbody>\n<\/table>\n<h3>Tips zur Anwendung<\/h3>\n<p>Wenn die Schwimmweste nass ist und sich mit Wasser vollgesogen hat, solltest du die Gurte nocheinmal festziehen, besonders bei flauschigen Hunden. Es ist kein negatives Zeichen, wenn die Schwimmweste vom R\u00fccken des Hundes \u201cabsteht\u201d: Das Wasser muss durchflie\u00dfen k\u00f6nnen! Sonst bleibt es zwischen dem Fell des Hundes und der Jacke \u201cstecken\u201d, erw\u00e4rmt sich und f\u00fchrt zu \u00dcberhitzung.[\/vc_column_text][vc_empty_space height=&#8220;24&#8243;][\/vc_column][\/vc_row][vc_row][vc_column width=&#8220;1\/2&#8243;][vc_empty_space height=&#8220;24&#8243;][vc_column_text]<\/p>\n<table cellspacing=\"0\" cellpadding=\"0\">\n<tbody>\n<tr>\n<td valign=\"bottom\"><strong>Gr\u00f6\u00dfe<\/strong><\/td>\n<td valign=\"bottom\"><strong>K\u00f6rpergewicht<\/strong><\/td>\n<td valign=\"bottom\"><strong>Brustumfang<\/strong><\/td>\n<\/tr>\n<tr>\n<td valign=\"bottom\">2<\/td>\n<td valign=\"bottom\">1,5 \u2013 7 kg<\/td>\n<td valign=\"bottom\">32-45 cm<\/td>\n<\/tr>\n<tr>\n<td valign=\"bottom\">3<\/td>\n<td valign=\"bottom\">3 \u2013 7 kg<\/td>\n<td valign=\"bottom\">40-56 cm<\/td>\n<\/tr>\n<tr>\n<td valign=\"bottom\">4<\/td>\n<td valign=\"bottom\">7 \u2013 17 kg<\/td>\n<td valign=\"bottom\">48-67cm<\/td>\n<\/tr>\n<tr>\n<td valign=\"bottom\">5<\/td>\n<td valign=\"bottom\">13 \u2013 26 kg<\/td>\n<td valign=\"bottom\">56-78 cm<\/td>\n<\/tr>\n<tr>\n<td valign=\"bottom\">6<\/td>\n<td valign=\"bottom\">22 \u2013 35 kg<\/td>\n<td valign=\"bottom\">65-90 cm<\/td>\n<\/tr>\n<tr>\n<td valign=\"bottom\">7<\/td>\n<td valign=\"bottom\">31 \u2013 47 kg<\/td>\n<td valign=\"bottom\">71-99 cm<\/td>\n<\/tr>\n<\/tbody>\n<\/table>\n<p>[\/vc_column_text][vc_empty_space height=&#8220;24&#8243;][\/vc_column][vc_column width=&#8220;1\/2&#8243;][vc_empty_space height=&#8220;24&#8243;][vc_single_image image=&#8220;80643&#8243; img_size=&#8220;full&#8220;][vc_empty_space height=&#8220;24&#8243;][\/vc_column][\/vc_row][vc_row][vc_column][vc_video link=&#8220;https:\/\/youtu.be\/F0zCCE-NA90&#8243;][vc_empty_space][vc_video link=&#8220;https:\/\/youtu.be\/ps3KDn-4AlY&#8220;][\/vc_column][\/vc_row]<\/p>\n<\/div>","protected":false},"excerpt":{"rendered":"<p>Die Protector Schwimmweste ist mit einem einzigartigen Design konstruiert, das Auftrieb, Stabilit\u00e4t und Bewegungsfreiheit optimiert.<\/p>\n","protected":false},"featured_media":80649,"template":"","meta":[],"pwb-brand":[378],"product_cat":[1937,879],"product_tag":[925,1990],"class_list":{"0":"post-80631","1":"product","2":"type-product","3":"status-publish","4":"has-post-thumbnail","6":"pwb-brand-non-stop-dogwear-de","7":"product_cat-schwimmwesten-rucksaecke","8":"product_cat-hundemode","9":"product_tag-sicherheit","10":"product_tag-sommer","12":"first","13":"onbackorder","14":"featured","15":"taxable","16":"shipping-taxable","17":"purchasable","18":"product-type-variable"},"brands":[{"id":378,"name":"Non-Stop Dogwear","slug":"non-stop-dogwear-de"}],"_links":{"self":[{"href":"https:\/\/www.havohravo.com\/de\/wp-json\/wp\/v2\/product\/80631","targetHints":{"allow":["GET"]}}],"collection":[{"href":"https:\/\/www.havohravo.com\/de\/wp-json\/wp\/v2\/product"}],"about":[{"href":"https:\/\/www.havohravo.com\/de\/wp-json\/wp\/v2\/types\/product"}],"wp:featuredmedia":[{"embeddable":true,"href":"https:\/\/www.havohravo.com\/de\/wp-json\/wp\/v2\/media\/80649"}],"wp:attachment":[{"href":"https:\/\/www.havohravo.com\/de\/wp-json\/wp\/v2\/media?parent=80631"}],"wp:term":[{"taxonomy":"pwb-brand","embeddable":true,"href":"https:\/\/www.havohravo.com\/de\/wp-json\/wp\/v2\/pwb-brand?post=80631"},{"taxonomy":"product_cat","embeddable":true,"href":"https:\/\/www.havohravo.com\/de\/wp-json\/wp\/v2\/product_cat?post=80631"},{"taxonomy":"product_tag","embeddable":true,"href":"https:\/\/www.havohravo.com\/de\/wp-json\/wp\/v2\/product_tag?post=80631"}],"curies":[{"name":"wp","href":"https:\/\/api.w.org\/{rel}","templated":true}]}}