{"id":80669,"date":"2024-06-06T13:16:11","date_gmt":"2024-06-06T11:16:11","guid":{"rendered":"https:\/\/www.havohravo.com\/?post_type=product&#038;p=80669"},"modified":"2025-11-12T21:03:43","modified_gmt":"2025-11-12T20:03:43","slug":"rochen-fur-wilde-zerrspiele-copy","status":"publish","type":"product","link":"https:\/\/www.havohravo.com\/de\/produkt\/rochen-fur-wilde-zerrspiele-copy\/","title":{"rendered":"Rochen mit Fell &#8211; f\u00fcr wilde Zerrspiele"},"content":{"rendered":"<div class=\"wpb-content-wrapper\"><p>[vc_row][vc_column][vc_empty_space][\/vc_column][\/vc_row][vc_row][vc_column width=&#8220;2\/3&#8243; offset=&#8220;vc_col-sm-offset-2 vc_col-xs-12&#8243;][vc_column_text]<\/p>\n<h3>Rochen mit Fell f\u00fcr wilde Zerrspiele<\/h3>\n<div class=\"wpb_text_column wpb_content_element \">\n<div class=\"wpb_wrapper\">\n<div class=\"wpb_text_column wpb_content_element \">\n<div class=\"wpb_wrapper\">\n<p>Dieses Tierchen kommt direkt aus dem Meer und ist eines der beliebtesten unter Hunden! Diese Version besteht aus Softshell mit echtem Kaninchenfell. Der geflochtene Teil ist fest mit dem K\u00f6rper vern\u00e4ht und ist deswegen extra strapazierf\u00e4hig!<\/p>\n<p>Enth\u00e4lt 2 Plastikquitschi in jedem &#8222;Fl\u00fcgel&#8220;.<\/p>\n<p>Das Spielzeug dient zum aktiven Spiel zwischen dem Hundef\u00fchrer und dem Hund.Lassen sie den Hund nicht unbeaufsichtig damit spielen. Falls das Spielzeug besch\u00e4digt wird, nehmen sie es dem Hund weg. Es ist kein Kinderspielzeug.<\/p>\n<h4>Gr\u00f6\u00dfe:<\/h4>\n<p>Gesamtl\u00e4nge: 85 cm<br \/>\nK\u00f6rper: L\u00e4nge ca 18 cm, Breite ca 25 cm<br \/>\nRute: L\u00e4nge 37 cm<\/p>\n<h4>Material<\/h4>\n<p>Softshell &#8211; 100 % Polyester, Kaninchenfell<\/p>\n<\/div>\n<\/div>\n<\/div>\n<\/div>\n<p>[\/vc_column_text][vc_empty_space height=&#8220;32&#8243;][\/vc_column][\/vc_row]<\/p>\n<\/div>","protected":false},"excerpt":{"rendered":"<p>Zerspielzeug f\u00fcr Hunde aus extra strapazierf\u00e4higem Material!<\/p>\n","protected":false},"featured_media":80685,"template":"","meta":[],"pwb-brand":[1009],"product_cat":[1693,1178,866],"product_tag":[1179],"class_list":{"0":"post-80669","1":"product","2":"type-product","3":"status-publish","4":"has-post-thumbnail","6":"pwb-brand-piskacipotvurky","7":"product_cat-fellspielzeug","8":"product_cat-pluschtierchen","9":"product_cat-hundespielzeug","10":"product_tag-quitschi","12":"first","13":"instock","14":"featured","15":"taxable","16":"shipping-taxable","17":"purchasable","18":"product-type-variable"},"brands":[{"id":1009,"name":"Piskaci Potvurky","slug":"piskacipotvurky"}],"_links":{"self":[{"href":"https:\/\/www.havohravo.com\/de\/wp-json\/wp\/v2\/product\/80669","targetHints":{"allow":["GET"]}}],"collection":[{"href":"https:\/\/www.havohravo.com\/de\/wp-json\/wp\/v2\/product"}],"about":[{"href":"https:\/\/www.havohravo.com\/de\/wp-json\/wp\/v2\/types\/product"}],"wp:featuredmedia":[{"embeddable":true,"href":"https:\/\/www.havohravo.com\/de\/wp-json\/wp\/v2\/media\/80685"}],"wp:attachment":[{"href":"https:\/\/www.havohravo.com\/de\/wp-json\/wp\/v2\/media?parent=80669"}],"wp:term":[{"taxonomy":"pwb-brand","embeddable":true,"href":"https:\/\/www.havohravo.com\/de\/wp-json\/wp\/v2\/pwb-brand?post=80669"},{"taxonomy":"product_cat","embeddable":true,"href":"https:\/\/www.havohravo.com\/de\/wp-json\/wp\/v2\/product_cat?post=80669"},{"taxonomy":"product_tag","embeddable":true,"href":"https:\/\/www.havohravo.com\/de\/wp-json\/wp\/v2\/product_tag?post=80669"}],"curies":[{"name":"wp","href":"https:\/\/api.w.org\/{rel}","templated":true}]}}