{"id":80731,"date":"2024-06-06T13:52:33","date_gmt":"2024-06-06T11:52:33","guid":{"rendered":"https:\/\/www.havohravo.com\/?post_type=product&#038;p=80731"},"modified":"2025-04-05T05:34:18","modified_gmt":"2025-04-05T03:34:18","slug":"eule-copy","status":"publish","type":"product","link":"https:\/\/www.havohravo.com\/de\/produkt\/eule-copy\/","title":{"rendered":"Ameise"},"content":{"rendered":"<div class=\"wpb-content-wrapper\"><p>[vc_row][vc_column][vc_empty_space][\/vc_column][\/vc_row][vc_row][vc_column width=&#8220;2\/3&#8243; offset=&#8220;vc_col-sm-offset-2 vc_col-xs-12&#8243;][vc_column_text]<\/p>\n<h3>Ameise<\/h3>\n<p>Drei Paar Beine und ein quietschender Hintern, das ist ein Pl\u00fcschtier, das Hunde lieben. Die Beine aus geflochtenen Fleece sind mit technischem Garn, das zum N\u00e4hen von Schuhen verwendet wird, fest vern\u00e4ht. So m\u00fcssen Sie sich keine Sorgen machen, dass sie bei raueren Spielen abfallen. Das strapazierf\u00e4hige Stofffutter und der pl\u00fcschige K\u00f6rper machen Ameise zu einem tollen Begleiter f\u00fcr das Agility-Training als auch spielerische Nachmittage.<\/p>\n<p>Enth\u00e4lt 1 Quietsche.<\/p>\n<p>Es ist f\u00fcr das aktive Spiel zwischen dem Hundef\u00fchrer und seinem Hund gedacht. Lassen Sie den Hund nicht unbeaufsichtigt mit dem Spielzeug. Nehmen Sie das Spielzeug weg, wenn es besch\u00e4digt ist. Nicht f\u00fcr Kinder geeignet.<\/p>\n<h3>Gr\u00f6\u00dfe:<\/h3>\n<p>H\u00f6he ca. 26 cm<br \/>\nBreite ca. 5-7 cm<\/p>\n<h3>Material:<\/h3>\n<p>100 % Polyester[\/vc_column_text][vc_empty_space height=&#8220;32&#8243;][\/vc_column][\/vc_row]<\/p>\n<\/div>","protected":false},"excerpt":{"rendered":"<p>Perfekte Belohnung f\u00fcr gro\u00dfe und mittelgro\u00dfe Hunde!<\/p>\n","protected":false},"featured_media":80749,"template":"","meta":[],"pwb-brand":[1009],"product_cat":[1178,866],"product_tag":[1179],"class_list":{"0":"post-80731","1":"product","2":"type-product","3":"status-publish","4":"has-post-thumbnail","6":"pwb-brand-piskacipotvurky","7":"product_cat-pluschtierchen","8":"product_cat-hundespielzeug","9":"product_tag-quitschi","11":"first","12":"outofstock","13":"taxable","14":"shipping-taxable","15":"purchasable","16":"product-type-variable"},"brands":[{"id":1009,"name":"Piskaci Potvurky","slug":"piskacipotvurky"}],"_links":{"self":[{"href":"https:\/\/www.havohravo.com\/de\/wp-json\/wp\/v2\/product\/80731","targetHints":{"allow":["GET"]}}],"collection":[{"href":"https:\/\/www.havohravo.com\/de\/wp-json\/wp\/v2\/product"}],"about":[{"href":"https:\/\/www.havohravo.com\/de\/wp-json\/wp\/v2\/types\/product"}],"wp:featuredmedia":[{"embeddable":true,"href":"https:\/\/www.havohravo.com\/de\/wp-json\/wp\/v2\/media\/80749"}],"wp:attachment":[{"href":"https:\/\/www.havohravo.com\/de\/wp-json\/wp\/v2\/media?parent=80731"}],"wp:term":[{"taxonomy":"pwb-brand","embeddable":true,"href":"https:\/\/www.havohravo.com\/de\/wp-json\/wp\/v2\/pwb-brand?post=80731"},{"taxonomy":"product_cat","embeddable":true,"href":"https:\/\/www.havohravo.com\/de\/wp-json\/wp\/v2\/product_cat?post=80731"},{"taxonomy":"product_tag","embeddable":true,"href":"https:\/\/www.havohravo.com\/de\/wp-json\/wp\/v2\/product_tag?post=80731"}],"curies":[{"name":"wp","href":"https:\/\/api.w.org\/{rel}","templated":true}]}}