{"id":80913,"date":"2024-06-06T22:12:49","date_gmt":"2024-06-06T20:12:49","guid":{"rendered":"https:\/\/www.havohravo.com\/?post_type=product&#038;p=80913"},"modified":"2026-03-27T11:18:37","modified_gmt":"2026-03-27T10:18:37","slug":"anemone-mini-zergel-copy","status":"publish","type":"product","link":"https:\/\/www.havohravo.com\/de\/produkt\/anemone-mini-zergel-copy\/","title":{"rendered":"Anemone Bungee Zergel"},"content":{"rendered":"<div class=\"wpb-content-wrapper\"><p>[vc_row][vc_column][vc_column_text]<\/p>\n<h3>Anemone Bungee Zergel<\/h3>\n<p>Mit dem Wischmopp am Bungee-Griff wird dein Hund alle Ecken zu Hause sauber machen. Das Spielzeug enth\u00e4lt einen Quietscher. Der Wischmopp ist weich und hat keine F\u00fcllung. Das feste Innenfutter und der mehrfach vern\u00e4hte Griff erh\u00f6hen seine \u00dcberlebenschancen, wenn er mit den scharfen Z\u00e4hnen deines Hundes konfrontiert wird. Der Griff ist mit Softshell gef\u00fcttert, damit er gut in der Hand liegt, und der flexible Griff absorbiert St\u00f6\u00dfe.<\/p>\n<p>Es ist f\u00fcr das aktive Spiel zwischen dem Hundef\u00fchrer und seinem Hund gedacht. Lassen Sie den Hund nicht unbeaufsichtigt mit dem Spielzeug spielen. Nehmen Sie das Spielzeug weg, wenn es besch\u00e4digt ist. Nicht f\u00fcr Kinder geeignet.<\/p>\n<h3>Gr\u00f6\u00dfe:<\/h3>\n<p>Gesamtl\u00e4nge ca. 78 cm<br \/>\nInklusive Quietscher.<\/p>\n<h3>Material:<\/h3>\n<p>100 % Polyester. Das Spielzeug ist in der Waschmaschine bei 30\u00b0C waschbar.[\/vc_column_text][vc_empty_space][\/vc_column][\/vc_row]<\/p>\n<\/div>","protected":false},"excerpt":{"rendered":"<p>Perfektes Motivationsspielzeug mit Bungeegriff<\/p>\n","protected":false},"featured_media":89729,"template":"","meta":[],"pwb-brand":[1009],"product_cat":[1696,1178,866],"product_tag":[917],"class_list":{"0":"post-80913","1":"product","2":"type-product","3":"status-publish","4":"has-post-thumbnail","6":"pwb-brand-piskacipotvurky","7":"product_cat-anderes-spielzeug","8":"product_cat-pluschtierchen","9":"product_cat-hundespielzeug","10":"product_tag-anemone-de","12":"first","13":"outofstock","14":"taxable","15":"shipping-taxable","16":"purchasable","17":"product-type-variable"},"brands":[{"id":1009,"name":"Piskaci Potvurky","slug":"piskacipotvurky"}],"_links":{"self":[{"href":"https:\/\/www.havohravo.com\/de\/wp-json\/wp\/v2\/product\/80913","targetHints":{"allow":["GET"]}}],"collection":[{"href":"https:\/\/www.havohravo.com\/de\/wp-json\/wp\/v2\/product"}],"about":[{"href":"https:\/\/www.havohravo.com\/de\/wp-json\/wp\/v2\/types\/product"}],"wp:featuredmedia":[{"embeddable":true,"href":"https:\/\/www.havohravo.com\/de\/wp-json\/wp\/v2\/media\/89729"}],"wp:attachment":[{"href":"https:\/\/www.havohravo.com\/de\/wp-json\/wp\/v2\/media?parent=80913"}],"wp:term":[{"taxonomy":"pwb-brand","embeddable":true,"href":"https:\/\/www.havohravo.com\/de\/wp-json\/wp\/v2\/pwb-brand?post=80913"},{"taxonomy":"product_cat","embeddable":true,"href":"https:\/\/www.havohravo.com\/de\/wp-json\/wp\/v2\/product_cat?post=80913"},{"taxonomy":"product_tag","embeddable":true,"href":"https:\/\/www.havohravo.com\/de\/wp-json\/wp\/v2\/product_tag?post=80913"}],"curies":[{"name":"wp","href":"https:\/\/api.w.org\/{rel}","templated":true}]}}