{"id":80933,"date":"2024-06-06T22:47:40","date_gmt":"2024-06-06T20:47:40","guid":{"rendered":"https:\/\/www.havohravo.com\/?post_type=product&#038;p=80933"},"modified":"2025-10-24T18:56:12","modified_gmt":"2025-10-24T16:56:12","slug":"ring-mit-hasenfell-copy-2","status":"publish","type":"product","link":"https:\/\/www.havohravo.com\/de\/produkt\/ring-mit-hasenfell-copy-2\/","title":{"rendered":"Ring mit Schaffell"},"content":{"rendered":"<div class=\"wpb-content-wrapper\"><p>[vc_row][vc_column][vc_empty_space][\/vc_column][\/vc_row][vc_row][vc_column width=&#8220;2\/3&#8243; offset=&#8220;vc_col-sm-offset-2 vc_col-xs-12&#8243;][vc_column_text]<\/p>\n<h3>Ring mit Schaffell<\/h3>\n<p>Das hervorragende Motivationsspielzeug f\u00fcr Hunde mit Schafsfell ist \u00fcber die gesamte L\u00e4nge fest mit dem Band vern\u00e4ht. Der elastische Griff ist praktisch und leicht zu halten. Der Ring mit Fell ist ein ideales Spielzeug f\u00fcr verschiedene Hundesportarten. Schafsfell riecht unwiderstehlich f\u00fcr Hunde, unterst\u00fctzt ihren nat\u00fcrlichen Beutetrieb.<\/p>\n<p>Er ist f\u00fcr das aktive Spiel zwischen dem Hundef\u00fchrer und seinem Hund gedacht. Material: Schafsfell &amp; Polyester. Wird in zuf\u00e4lliger Farbkombination geliefert.<\/p>\n<p>Lassen Sie den Hund nicht unbeaufsichtigt mit dem Spielzeug. Nehmen Sie das Spielzeug weg, wenn es besch\u00e4digt ist. Nicht f\u00fcr Kinder geeignet.<\/p>\n<p>Dieses Produkt ist NICHT maschinenwaschbar. In kaltem Wasser waschen und an der Luft trocknen lassen.<\/p>\n<h3>Gr\u00f6\u00dfe:<\/h3>\n<p>Ring-Durchmesser: 18-20 cm<br \/>\nFellteil: 26 cm<br \/>\nKein Quietscher enthalten.[\/vc_column_text][vc_empty_space height=&#8220;32&#8243;][\/vc_column][\/vc_row]<\/p>\n<\/div>","protected":false},"excerpt":{"rendered":"<p>Zerspielzeug f\u00fcr Hunde, die kuscheliges Spielzeug lieben!<\/p>\n","protected":false},"featured_media":80935,"template":"","meta":[],"pwb-brand":[],"product_cat":[1693,866],"product_tag":[],"class_list":{"0":"post-80933","1":"product","2":"type-product","3":"status-publish","4":"has-post-thumbnail","6":"product_cat-fellspielzeug","7":"product_cat-hundespielzeug","9":"first","10":"outofstock","11":"taxable","12":"shipping-taxable","13":"purchasable","14":"product-type-simple"},"brands":[],"_links":{"self":[{"href":"https:\/\/www.havohravo.com\/de\/wp-json\/wp\/v2\/product\/80933","targetHints":{"allow":["GET"]}}],"collection":[{"href":"https:\/\/www.havohravo.com\/de\/wp-json\/wp\/v2\/product"}],"about":[{"href":"https:\/\/www.havohravo.com\/de\/wp-json\/wp\/v2\/types\/product"}],"wp:featuredmedia":[{"embeddable":true,"href":"https:\/\/www.havohravo.com\/de\/wp-json\/wp\/v2\/media\/80935"}],"wp:attachment":[{"href":"https:\/\/www.havohravo.com\/de\/wp-json\/wp\/v2\/media?parent=80933"}],"wp:term":[{"taxonomy":"pwb-brand","embeddable":true,"href":"https:\/\/www.havohravo.com\/de\/wp-json\/wp\/v2\/pwb-brand?post=80933"},{"taxonomy":"product_cat","embeddable":true,"href":"https:\/\/www.havohravo.com\/de\/wp-json\/wp\/v2\/product_cat?post=80933"},{"taxonomy":"product_tag","embeddable":true,"href":"https:\/\/www.havohravo.com\/de\/wp-json\/wp\/v2\/product_tag?post=80933"}],"curies":[{"name":"wp","href":"https:\/\/api.w.org\/{rel}","templated":true}]}}