{"id":81234,"date":"2024-06-18T13:57:01","date_gmt":"2024-06-18T11:57:01","guid":{"rendered":"https:\/\/www.havohravo.com\/?post_type=product&#038;p=81234"},"modified":"2024-06-26T16:22:35","modified_gmt":"2024-06-26T14:22:35","slug":"stay-back-patch","status":"publish","type":"product","link":"https:\/\/www.havohravo.com\/de\/produkt\/stay-back-patch\/","title":{"rendered":"&#8222;STAY BACK&#8220; Patch"},"content":{"rendered":"<div class=\"wpb-content-wrapper\"><p>[vc_row][vc_column width=&#8220;1\/2&#8243;][vc_column_text]<\/p>\n<h3>Patch<\/h3>\n<p>Diese Hundepatch wird die Ausr\u00fcstung, an der sie befestigt sind, auf jeden Fall aufpeppen, denn sie hat ein einzigartiges Design, das vorbeigehende Personen warnt, Abstand zu halten.<\/p>\n<p>Die kontrastierenden Orange- und Schwarzt\u00f6ne senden eine klare Botschaft aus: Hund im Anmarsch. Diese Patches eignen sich hervorragend zum Anbringen an einer Hundeweste, einem Geschirr oder einer Tasche. Sie sind in verschiedenen Formen erh\u00e4ltlich, sodass du alle Paneele ausf\u00fcllen kannst.<\/p>\n<p>Das Paket enth\u00e4lt 1 Patch:<\/p>\n<ul>\n<li>\u201cStay Back\u201d<\/li>\n<li>Gr\u00f6\u00dfe: 11 cm x 6,5 cm<\/li>\n<\/ul>\n<p>[\/vc_column_text][vc_empty_space height=&#8220;24&#8243;][\/vc_column][vc_column width=&#8220;1\/2&#8243;][vc_column_text]<\/p>\n<h3>Charakteristik<\/h3>\n<p><strong>Material:<\/strong><\/p>\n<ul>\n<li>Nylon Textilien<\/li>\n<li>3M\u2122 reflektierende Textilie<\/li>\n<\/ul>\n<p><strong>Patches<\/strong><\/p>\n<ul>\n<li>Sicherheit &amp; Langlebigkeit \u2013 Robustes Nylongewebe mit 3M\u2122 lichtreflektierendem Material f\u00fcr den Einsatz am Tag und in der Nacht f\u00fcr Hi-Vis-Funktionalit\u00e4t<\/li>\n<\/ul>\n<p>[\/vc_column_text][vc_empty_space height=&#8220;24&#8243;][\/vc_column][\/vc_row][vc_row][vc_column][vc_single_image image=&#8220;81238&#8243; img_size=&#8220;full&#8220;][vc_empty_space height=&#8220;24&#8243;][\/vc_column][\/vc_row]<\/p>\n<\/div>","protected":false},"excerpt":{"rendered":"<p>Patch f\u00fcr taktische und Outdoor-Ausr\u00fcstung<\/p>\n","protected":false},"featured_media":81236,"template":"","meta":[],"pwb-brand":[2316],"product_cat":[879,883,884],"product_tag":[],"class_list":{"0":"post-81234","1":"product","2":"type-product","3":"status-publish","4":"has-post-thumbnail","6":"pwb-brand-onetigris-de","7":"product_cat-hundemode","8":"product_cat-brustgeschirre","9":"product_cat-zubehoer","11":"first","12":"instock","13":"featured","14":"taxable","15":"shipping-taxable","16":"purchasable","17":"product-type-simple"},"brands":[{"id":2316,"name":"OneTigris","slug":"onetigris-de"}],"_links":{"self":[{"href":"https:\/\/www.havohravo.com\/de\/wp-json\/wp\/v2\/product\/81234","targetHints":{"allow":["GET"]}}],"collection":[{"href":"https:\/\/www.havohravo.com\/de\/wp-json\/wp\/v2\/product"}],"about":[{"href":"https:\/\/www.havohravo.com\/de\/wp-json\/wp\/v2\/types\/product"}],"wp:featuredmedia":[{"embeddable":true,"href":"https:\/\/www.havohravo.com\/de\/wp-json\/wp\/v2\/media\/81236"}],"wp:attachment":[{"href":"https:\/\/www.havohravo.com\/de\/wp-json\/wp\/v2\/media?parent=81234"}],"wp:term":[{"taxonomy":"pwb-brand","embeddable":true,"href":"https:\/\/www.havohravo.com\/de\/wp-json\/wp\/v2\/pwb-brand?post=81234"},{"taxonomy":"product_cat","embeddable":true,"href":"https:\/\/www.havohravo.com\/de\/wp-json\/wp\/v2\/product_cat?post=81234"},{"taxonomy":"product_tag","embeddable":true,"href":"https:\/\/www.havohravo.com\/de\/wp-json\/wp\/v2\/product_tag?post=81234"}],"curies":[{"name":"wp","href":"https:\/\/api.w.org\/{rel}","templated":true}]}}