{"id":81355,"date":"2024-06-24T10:48:02","date_gmt":"2024-06-24T08:48:02","guid":{"rendered":"https:\/\/www.havohravo.com\/?post_type=product&#038;p=81355"},"modified":"2026-05-02T14:57:32","modified_gmt":"2026-05-02T12:57:32","slug":"aire-mesh-brustgeschirr-copy-2","status":"publish","type":"product","link":"https:\/\/www.havohravo.com\/de\/produkt\/aire-mesh-brustgeschirr-copy-2\/","title":{"rendered":"X Hundehalsband"},"content":{"rendered":"<div class=\"wpb-content-wrapper\"><p>[vc_row][vc_column width=&#8220;1\/2&#8243;][vc_column_text]<\/p>\n<h3>X Hundehalsband<\/h3>\n<p>Dieses Halsband aus der OneTigris X-Serie besteht aus extra dickem Nylon-Gurtband f\u00fcr eine lange Lebensdauer, verwendet Metallzubeh\u00f6r f\u00fcr zus\u00e4tzliche Festigkeit und verf\u00fcgt \u00fcber ein knalliges schwarz-oranges Logo-Patch auf schwarzem Hintergrund. Wenn du deine eigenen Lieblingspatches hast, ist das horizontale Aufn\u00e4herfeld deine Leinwand, und die leicht reflektierenden Streifen sorgen f\u00fcr eine weitere Stilebene.<\/p>\n<p>Das weiche Futter des Halsbandes bietet Komfort und Atmungsaktivit\u00e4t, und das Design mit Klettverschluss und elastischem Gurtband sorgt daf\u00fcr, dass sich das Halsband mit der Zeit nicht lockert oder vom Hals deines Hundes abrutscht. Das Halsband l\u00e4sst sich einmal per Klettverschluss einstellen und danach einfach durch L\u00f6sen der Steckschnalle abnehmen.[\/vc_column_text][vc_empty_space height=&#8220;24&#8243;][\/vc_column][vc_column width=&#8220;1\/2&#8243;][vc_column_text]<\/p>\n<h3>Charakteristik<\/h3>\n<p><strong>Material:<\/strong><\/p>\n<ul>\n<li>Nylon Gurtband<\/li>\n<li>Patch Panel<\/li>\n<li>Edehlstahl D-Ringe<\/li>\n<li>Metallschnalle aus Zinklegierung<\/li>\n<\/ul>\n<p><strong>Gr\u00f6\u00dfe<\/strong><\/p>\n<ul>\n<li>Breite 4 cm<\/li>\n<li>Gr. M 39 &#8211; 48 cm<br \/>\nGr. L 43 &#8211; 56 cm<\/li>\n<\/ul>\n<p>[\/vc_column_text][vc_empty_space height=&#8220;24&#8243;][\/vc_column][\/vc_row][vc_row][vc_column][vc_single_image image=&#8220;81490&#8243; img_size=&#8220;full&#8220;][vc_empty_space height=&#8220;24&#8243;][\/vc_column][\/vc_row]<\/p>\n<\/div>","protected":false},"excerpt":{"rendered":"<p>Metallhalsband mit Schnallenverschluss, reflektierenden Streifen und Patch-Panel<\/p>\n","protected":false},"featured_media":81490,"template":"","meta":[],"pwb-brand":[2316],"product_cat":[879,882],"product_tag":[],"class_list":{"0":"post-81355","1":"product","2":"type-product","3":"status-publish","4":"has-post-thumbnail","6":"pwb-brand-onetigris-de","7":"product_cat-hundemode","8":"product_cat-halsbander","10":"first","11":"instock","12":"featured","13":"taxable","14":"shipping-taxable","15":"purchasable","16":"product-type-variable"},"brands":[{"id":2316,"name":"OneTigris","slug":"onetigris-de"}],"_links":{"self":[{"href":"https:\/\/www.havohravo.com\/de\/wp-json\/wp\/v2\/product\/81355","targetHints":{"allow":["GET"]}}],"collection":[{"href":"https:\/\/www.havohravo.com\/de\/wp-json\/wp\/v2\/product"}],"about":[{"href":"https:\/\/www.havohravo.com\/de\/wp-json\/wp\/v2\/types\/product"}],"wp:featuredmedia":[{"embeddable":true,"href":"https:\/\/www.havohravo.com\/de\/wp-json\/wp\/v2\/media\/81490"}],"wp:attachment":[{"href":"https:\/\/www.havohravo.com\/de\/wp-json\/wp\/v2\/media?parent=81355"}],"wp:term":[{"taxonomy":"pwb-brand","embeddable":true,"href":"https:\/\/www.havohravo.com\/de\/wp-json\/wp\/v2\/pwb-brand?post=81355"},{"taxonomy":"product_cat","embeddable":true,"href":"https:\/\/www.havohravo.com\/de\/wp-json\/wp\/v2\/product_cat?post=81355"},{"taxonomy":"product_tag","embeddable":true,"href":"https:\/\/www.havohravo.com\/de\/wp-json\/wp\/v2\/product_tag?post=81355"}],"curies":[{"name":"wp","href":"https:\/\/api.w.org\/{rel}","templated":true}]}}