{"id":81508,"date":"2024-06-26T12:59:07","date_gmt":"2024-06-26T10:59:07","guid":{"rendered":"https:\/\/www.havohravo.com\/?post_type=product&#038;p=81508"},"modified":"2024-06-26T13:35:00","modified_gmt":"2024-06-26T11:35:00","slug":"x-hundehalsband-copy-2","status":"publish","type":"product","link":"https:\/\/www.havohravo.com\/de\/produkt\/x-hundehalsband-copy-2\/","title":{"rendered":"Milit\u00e4rstyle Hundehalsband"},"content":{"rendered":"<div class=\"wpb-content-wrapper\"><p>[vc_row][vc_column width=&#8220;1\/2&#8243;][vc_column_text]<\/p>\n<h3>Milit\u00e4rstyle Hundehalsband<\/h3>\n<p>Es ist strapazierf\u00e4hig und bequem, mit robustem Metallzubeh\u00f6r und weicher Polsterung, und es hat ein Paneel, an dem du Patches anbringen kannst, die f\u00fcr einen knallharten Stil sorgen. Mit verstellbaren Riemen f\u00fcr verschiedene Gr\u00f6\u00dfen.[\/vc_column_text][vc_empty_space height=&#8220;24&#8243;][\/vc_column][vc_column width=&#8220;1\/2&#8243;][vc_column_text]<\/p>\n<h3>Charakteristik<\/h3>\n<p><strong>Material:<\/strong><\/p>\n<ul>\n<li>Nylon Gurtband<\/li>\n<li>Patch Paneel<\/li>\n<li>Stabile Metal D-Ringe<\/li>\n<li>Metal Schnalle<\/li>\n<\/ul>\n<p><strong>Gr\u00f6\u00dfe<\/strong><\/p>\n<ul>\n<li>Breite 3,8 cm<\/li>\n<li>Gr. M 37 &#8211; 45 cm<br \/>\nGr. L 45 &#8211; 53 cm<\/li>\n<\/ul>\n<p>[\/vc_column_text][vc_empty_space height=&#8220;24&#8243;][\/vc_column][\/vc_row][vc_row][vc_column][vc_single_image image=&#8220;81490&#8243; img_size=&#8220;full&#8220;][vc_empty_space height=&#8220;24&#8243;][\/vc_column][\/vc_row]<\/p>\n<\/div>","protected":false},"excerpt":{"rendered":"<p>OneTigris Verstellbares Hundehalsband in Milit\u00e4rstyle<\/p>\n","protected":false},"featured_media":81490,"template":"","meta":[],"pwb-brand":[2316],"product_cat":[879,882],"product_tag":[],"class_list":{"0":"post-81508","1":"product","2":"type-product","3":"status-publish","4":"has-post-thumbnail","6":"pwb-brand-onetigris-de","7":"product_cat-hundemode","8":"product_cat-halsbander","10":"first","11":"instock","12":"featured","13":"taxable","14":"shipping-taxable","15":"purchasable","16":"product-type-variable"},"brands":[{"id":2316,"name":"OneTigris","slug":"onetigris-de"}],"_links":{"self":[{"href":"https:\/\/www.havohravo.com\/de\/wp-json\/wp\/v2\/product\/81508","targetHints":{"allow":["GET"]}}],"collection":[{"href":"https:\/\/www.havohravo.com\/de\/wp-json\/wp\/v2\/product"}],"about":[{"href":"https:\/\/www.havohravo.com\/de\/wp-json\/wp\/v2\/types\/product"}],"wp:featuredmedia":[{"embeddable":true,"href":"https:\/\/www.havohravo.com\/de\/wp-json\/wp\/v2\/media\/81490"}],"wp:attachment":[{"href":"https:\/\/www.havohravo.com\/de\/wp-json\/wp\/v2\/media?parent=81508"}],"wp:term":[{"taxonomy":"pwb-brand","embeddable":true,"href":"https:\/\/www.havohravo.com\/de\/wp-json\/wp\/v2\/pwb-brand?post=81508"},{"taxonomy":"product_cat","embeddable":true,"href":"https:\/\/www.havohravo.com\/de\/wp-json\/wp\/v2\/product_cat?post=81508"},{"taxonomy":"product_tag","embeddable":true,"href":"https:\/\/www.havohravo.com\/de\/wp-json\/wp\/v2\/product_tag?post=81508"}],"curies":[{"name":"wp","href":"https:\/\/api.w.org\/{rel}","templated":true}]}}