{"id":81725,"date":"2024-07-12T08:49:24","date_gmt":"2024-07-12T06:49:24","guid":{"rendered":"https:\/\/www.havohravo.com\/?post_type=product&#038;p=81725"},"modified":"2025-12-16T21:34:40","modified_gmt":"2025-12-16T20:34:40","slug":"schleckmatte-lebensbaum-mit-saugkappen-copy","status":"publish","type":"product","link":"https:\/\/www.havohravo.com\/de\/produkt\/schleckmatte-lebensbaum-mit-saugkappen-copy\/","title":{"rendered":"Schlecksch\u00fcssel Garden of Eatin&#8216;"},"content":{"rendered":"<div class=\"wpb-content-wrapper\"><p>[vc_row][vc_column][vc_column_text css=&#8220;&#8220;]<\/p>\n<h3>Schlecksch\u00fcssel<\/h3>\n<p>Schmiere das Futter auf die Oberfl\u00e4che der Matte, um eine spielerische und interaktive Essenszeit zu erleben. Dieser einzigartige Napf wird deinen Hund zum Lecken bringen, wenn er kippt und sich bewegt.<\/p>\n<p>Das Ablecken beruhigt und entspannt deinen Hund. F\u00f6rdert frischen Atem, gesunde Z\u00e4hne und gesundes Zahnfleisch. Stimuliert den Speichel zur F\u00f6rderung der Verdauung. Achte auf\u00a0\u00dcberf\u00fctterung![\/vc_column_text][vc_empty_space height=&#8220;24px&#8220;][vc_column_text css=&#8220;&#8220;]<\/p>\n<div class=\"wpb_text_column wpb_content_element\">\n<div class=\"wpb_wrapper\">\n<div class=\"wpb_text_column wpb_content_element \">\n<div class=\"wpb_wrapper\">\n<h3>Spielzeug Guide<\/h3>\n<table>\n<tbody>\n<tr>\n<td width=\"301\"><strong>Spielzeugart:<\/strong><\/td>\n<td width=\"301\">Schlecksch\u00fcssel<\/td>\n<\/tr>\n<tr>\n<td width=\"301\"><strong>Geeignet f\u00fcr:<\/strong><\/td>\n<td width=\"301\">Hunde die gerne schlecken<\/td>\n<\/tr>\n<tr>\n<td width=\"301\"><strong>Schwierigkeitsgrad:<\/strong><\/td>\n<td width=\"301\">Mittel<\/td>\n<\/tr>\n<tr>\n<td width=\"301\"><strong>Gr\u00f6\u00dfe:<\/strong><\/td>\n<td width=\"301\">Geeignet f\u00fcr alle Hundegr\u00f6\u00dfen<\/td>\n<\/tr>\n<tr>\n<td width=\"301\"><strong>Geschirrsp\u00fcller geeignet:<\/strong><\/td>\n<td width=\"301\">Ja, obere Reihe<\/td>\n<\/tr>\n<\/tbody>\n<\/table>\n<\/div>\n<\/div>\n<\/div>\n<\/div>\n<p>[\/vc_column_text][vc_empty_space height=&#8220;24px&#8220;][vc_column_text]<\/p>\n<h3><span class=\"a-list-item\">Welcher Spielzeug passt f\u00fcr meinen Hund?<\/span><\/h3>\n<p>Jeder Hund ist anders und hat unterschiedliche Pr\u00e4ferenz. Manche w\u00fcrden das Futter zusammen mit ihrem Napf in 5 Sekunden auffressen. Diese Hunde sind leicht frustriert und haben wenig Geduld mit dem Futter. Gelegentliches Reinbei\u00dfen in die Schleckmatte ist in Ordnung, aber sobald sie versuchen, sie zu zerst\u00f6ren, ist das ein Zeichen von Stress. Andere Hunde lecken ewig geduldig den versch\u00fctteten Joghurt vom Boden auf. Sobald man ihnen jedoch einen gef\u00fcllten Kong gibt, verlieren sie das Interesse. Viele Hunde verbringen mehr als 30 Minuten mit dem Spielzeug und \u00fcberlegen geduldig, wie sie an die Leckerlis kommen. Du kennst deinen Hund am besten! Nutze unseren <strong>Guide<\/strong> und w\u00e4hle das richtige Spielzeug, um deinen Hund eine entspannende Besch\u00e4ftigung zu bieten, die keinen Frust verursacht.[\/vc_column_text][vc_empty_space height=&#8220;24px&#8220;][vc_single_image image=&#8220;81741&#8243; img_size=&#8220;large&#8220;][vc_empty_space height=&#8220;24px&#8220;][vc_column_text]<\/p>\n<h3>Gr\u00f6\u00dfe<\/h3>\n<p>Durchmesser 20 cm<\/p>\n<h3><span class=\"a-list-item\">Material &amp; Reinigung<\/span><\/h3>\n<p>Hergestellt in den USA. Hergestellt aus ungiftigem und biologisch abbaubarem Material.<br \/>\nDieses Spielzeug ist sp\u00fclmaschinenfest \u2013 im oberen Fach einordnen.<\/p>\n<p>Es handelt sich nicht um ein Kauspielzeug. Lass den Hund mit der Schleckmatte nie unbeaufsichtigt. Wenn die Matte besch\u00e4digt wird, entferne es sofort vom Tier.[\/vc_column_text][\/vc_column][\/vc_row]<\/p>\n<\/div>","protected":false},"excerpt":{"rendered":"<p id=\"tw-target-text\" class=\"tw-data-text tw-text-large tw-ta\" dir=\"ltr\" data-placeholder=\"Translation\"><span class=\"Y2IQFc\" lang=\"de\">Schlecksch\u00fcssel mit wackeliger Herausforderung<\/span><\/p>\n","protected":false},"featured_media":81739,"template":"","meta":[],"pwb-brand":[1976],"product_cat":[1974,2114],"product_tag":[],"class_list":{"0":"post-81725","1":"product","2":"type-product","3":"status-publish","4":"has-post-thumbnail","6":"pwb-brand-sodapup-de","7":"product_cat-hunde-enrichment","8":"product_cat-schleckmatten","10":"first","11":"instock","12":"featured","13":"taxable","14":"shipping-taxable","15":"purchasable","16":"product-type-variable"},"brands":[{"id":1976,"name":"Sodapup","slug":"sodapup-de"}],"_links":{"self":[{"href":"https:\/\/www.havohravo.com\/de\/wp-json\/wp\/v2\/product\/81725","targetHints":{"allow":["GET"]}}],"collection":[{"href":"https:\/\/www.havohravo.com\/de\/wp-json\/wp\/v2\/product"}],"about":[{"href":"https:\/\/www.havohravo.com\/de\/wp-json\/wp\/v2\/types\/product"}],"wp:featuredmedia":[{"embeddable":true,"href":"https:\/\/www.havohravo.com\/de\/wp-json\/wp\/v2\/media\/81739"}],"wp:attachment":[{"href":"https:\/\/www.havohravo.com\/de\/wp-json\/wp\/v2\/media?parent=81725"}],"wp:term":[{"taxonomy":"pwb-brand","embeddable":true,"href":"https:\/\/www.havohravo.com\/de\/wp-json\/wp\/v2\/pwb-brand?post=81725"},{"taxonomy":"product_cat","embeddable":true,"href":"https:\/\/www.havohravo.com\/de\/wp-json\/wp\/v2\/product_cat?post=81725"},{"taxonomy":"product_tag","embeddable":true,"href":"https:\/\/www.havohravo.com\/de\/wp-json\/wp\/v2\/product_tag?post=81725"}],"curies":[{"name":"wp","href":"https:\/\/api.w.org\/{rel}","templated":true}]}}