{"id":81768,"date":"2024-07-13T00:34:36","date_gmt":"2024-07-12T22:34:36","guid":{"rendered":"https:\/\/www.havohravo.com\/?post_type=product&#038;p=81768"},"modified":"2024-08-13T11:05:02","modified_gmt":"2024-08-13T09:05:02","slug":"frozen-yoghurt-fur-hunde-copy","status":"publish","type":"product","link":"https:\/\/www.havohravo.com\/de\/produkt\/frozen-yoghurt-fur-hunde-copy\/","title":{"rendered":"Yoghurt f\u00fcr Hunde"},"content":{"rendered":"<div class=\"wpb-content-wrapper\"><p>[vc_row][vc_column][vc_empty_space][\/vc_column][\/vc_row][vc_row][vc_column][vc_column_text css=&#8220;&#8220;]<\/p>\n<h3>Nat\u00fcrliches Yoghurt f\u00fcr Hunde<\/h3>\n<p>Innovatives, nat\u00fcrliches Hunde Joghurt, hergestellt mit einer speziell f\u00fcr Ihren Vierbeiner angepassten Rezeptur. Ohne zugesetzten Zucker, laktosefrei und 0% Fett. | Inhalt: 115g[\/vc_column_text][vc_empty_space height=&#8220;24&#8243;][vc_column_text css=&#8220;&#8220;]<\/p>\n<h4>Verf\u00fcgbare Geschmackrichtungen<\/h4>\n<p><strong>Natural<\/strong><\/p>\n<p><strong>Lachs Haare und Haut<\/strong><br \/>\nohne Zuckerzusatz, laktosefrei, mit pr\u00e4biotischer Faser, Collagen und Omega 3. Enth\u00e4lt 300mg EPA + DHA Omega 3 pro 100g<\/p>\n<p><b>Huhn Fit &amp; Vital<\/b><br \/>\n0% Fett, ohne Zuckerzusatz, laktosefrei, mit pr\u00e4biotischen Fasern, Collagen und Chondroprotektoren.[\/vc_column_text][vc_empty_space height=&#8220;24&#8243;][vc_column_text css=&#8220;&#8220;]<\/p>\n<ul>\n<li>fermentierte Milchprodukte (laktosefreier Joghurt)<\/li>\n<li>Maisst\u00e4rke<\/li>\n<li>Pektin<\/li>\n<li>Trocken-Oligofructose<\/li>\n<\/ul>\n<p>Unterst\u00fctzt die Verdauung und reduziert Kotger\u00fcche \u2013 Nat\u00fcrlicher Joghurt, angepasst f\u00fcr Ihr Haustier, ohne zugesetzten Zucker, laktosefrei und 0% Fett. Ein t\u00e4gliches Nahrungserg\u00e4nzungsmittel, ideal zum Mischen mit Futter oder zur direkten F\u00fctterung aus dem Beh\u00e4lter.<\/p>\n<p>Die YowUp Joghurts enthalten pflanzliche Pr\u00e4biotika, die aus R\u00fcben extrahiert und durch tier\u00e4rztliche Studien\u00a0best\u00e4tigt\u00a0und zertifiziert\u00a0sind. Pr\u00e4biotika sind gesund f\u00fcr Hunde: Sie verbessern die Darmgesundheit, den N\u00e4hrstoffaufnahmeprozess und sie reduzieren Kotger\u00fcche.[\/vc_column_text][vc_empty_space height=&#8220;24&#8243;][\/vc_column][\/vc_row]<\/p>\n<\/div>","protected":false},"excerpt":{"rendered":"<p>Perfekte F\u00fcllung f\u00fcr Enrichment Spielzeug<\/p>\n","protected":false},"featured_media":81779,"template":"","meta":[],"pwb-brand":[],"product_cat":[1933],"product_tag":[],"class_list":{"0":"post-81768","1":"product","2":"type-product","3":"status-publish","4":"has-post-thumbnail","6":"product_cat-futter","8":"first","9":"instock","10":"featured","11":"taxable","12":"shipping-taxable","13":"purchasable","14":"product-type-variable"},"brands":[],"_links":{"self":[{"href":"https:\/\/www.havohravo.com\/de\/wp-json\/wp\/v2\/product\/81768","targetHints":{"allow":["GET"]}}],"collection":[{"href":"https:\/\/www.havohravo.com\/de\/wp-json\/wp\/v2\/product"}],"about":[{"href":"https:\/\/www.havohravo.com\/de\/wp-json\/wp\/v2\/types\/product"}],"wp:featuredmedia":[{"embeddable":true,"href":"https:\/\/www.havohravo.com\/de\/wp-json\/wp\/v2\/media\/81779"}],"wp:attachment":[{"href":"https:\/\/www.havohravo.com\/de\/wp-json\/wp\/v2\/media?parent=81768"}],"wp:term":[{"taxonomy":"pwb-brand","embeddable":true,"href":"https:\/\/www.havohravo.com\/de\/wp-json\/wp\/v2\/pwb-brand?post=81768"},{"taxonomy":"product_cat","embeddable":true,"href":"https:\/\/www.havohravo.com\/de\/wp-json\/wp\/v2\/product_cat?post=81768"},{"taxonomy":"product_tag","embeddable":true,"href":"https:\/\/www.havohravo.com\/de\/wp-json\/wp\/v2\/product_tag?post=81768"}],"curies":[{"name":"wp","href":"https:\/\/api.w.org\/{rel}","templated":true}]}}