{"id":81835,"date":"2024-07-16T17:07:16","date_gmt":"2024-07-16T15:07:16","guid":{"rendered":"https:\/\/www.havohravo.com\/?post_type=product&#038;p=81835"},"modified":"2024-07-16T18:18:02","modified_gmt":"2024-07-16T16:18:02","slug":"weihnachts-toppl-copy","status":"publish","type":"product","link":"https:\/\/www.havohravo.com\/de\/produkt\/weihnachts-toppl-copy\/","title":{"rendered":"Special Edition Lavender Toppl"},"content":{"rendered":"<div class=\"wpb-content-wrapper\"><p>[vc_row][vc_column][vc_column_text]<\/p>\n<div class=\"wpb_text_column wpb_content_element\">\n<div class=\"wpb_wrapper\">\n<div class=\"wpb_text_column wpb_content_element \">\n<div class=\"wpb_wrapper\">\n<h3>Toppl\u00ae Spielzeug<\/h3>\n<p>Das Leckerlispender-Puzzle regt das Schn\u00fcffel- und Leckverhalten an. Die Gr\u00f6\u00dfen Large und Small kann man zusammenstecken und bieten eine zus\u00e4tzliche Herausforderung. Passt gut f\u00fcr Nussbutter, cremigen Leckerlis, K\u00e4sest\u00fcckchen, zerdr\u00fcckter Banane, Hundekekse und mehr. Friere es ein mit feuchter F\u00fcllung f\u00fcr lang anhaltendes Spiel und erfrischenden Sommergenuss.<\/p>\n<p>Bei richtiger Anwendung\u00a0<strong>reduziert\u00a0<\/strong>Enrichment-Hundespielzeug<strong>\u00a0problematisches Verhalten<\/strong>\u00a0wie Kauen, hilft gegen Langeweile und lindert Trennungsangst.<\/p>\n<\/div>\n<\/div>\n<\/div>\n<\/div>\n<p>[\/vc_column_text][vc_empty_space height=&#8220;24px&#8220;][vc_column_text]<\/p>\n<h3>Spielzeug Guide<\/h3>\n<table>\n<tbody>\n<tr>\n<td width=\"301\"><strong>Spielzeugart:<\/strong><\/td>\n<td width=\"301\">Leckerlispender<\/td>\n<\/tr>\n<tr>\n<td width=\"301\"><strong>Geeignet f\u00fcr:<\/strong><\/td>\n<td width=\"301\">Kein Kauspielzeug! Falls du einen \u201cZerst\u00f6rer\u201d hast, nehme den Toppl gleich weg sobald es leer ist!<\/td>\n<\/tr>\n<tr>\n<td width=\"301\"><strong>Schwierigkeitsgrad:<\/strong><\/td>\n<td width=\"301\">Einfach mit Trockenfutter, anspruchvoller mit Na\u00dffutter.<\/td>\n<\/tr>\n<tr>\n<td width=\"301\"><strong>Gr\u00f6\u00dfe:<\/strong><\/td>\n<td width=\"301\">S \u2013 kleine &amp; mittelgro\u00dfe Hunde f\u00fcr Snacks<br \/>\nL \u2013 mittelgro\u00dfe Hunde f\u00fcr ganze Mahlzeiten, gro\u00dfe Hunde<br \/>\nXL \u2013\u00a0gro\u00dfe Hunde f\u00fcr ganze Mahlzeiten, Riesengro\u00dfe Hunde<\/td>\n<\/tr>\n<tr>\n<td width=\"301\"><strong>Geschirrsp\u00fcller geeignet:<\/strong><\/td>\n<td width=\"301\">Ja, obere Reihe<\/td>\n<\/tr>\n<tr>\n<td width=\"301\"><strong>Kombinierbar mit:<\/strong><\/td>\n<td width=\"301\"><a href=\"https:\/\/www.havohravo.com\/de\/produkt\/wackelstopper\/\" target=\"_blank\" rel=\"noopener\">Wobble Stopper<\/a>,\u00a0<a href=\"https:\/\/www.havohravo.com\/de\/produkt\/stopper-fur-toppl\/\" target=\"_blank\" rel=\"noopener\">Stoppl<\/a>,\u00a0<a href=\"https:\/\/www.havohravo.com\/de\/produkt\/westpaw-stopper-fur-toppl\/\">WestPaws Toppl Stopper<\/a><\/td>\n<\/tr>\n<\/tbody>\n<\/table>\n<p>[\/vc_column_text][vc_empty_space height=&#8220;24px&#8220;][vc_column_text]<\/p>\n<h3><span class=\"a-list-item\">Welcher Spielzeug passt f\u00fcr meinen Hund?<\/span><\/h3>\n<p>Jeder Hund ist anders und hat unterschiedliche Pr\u00e4ferenz. Manche w\u00fcrden das Futter zusammen mit ihrem Napf in 5 Sekunden auffressen. Diese Hunde sind leicht frustriert und haben wenig Geduld mit dem Futter. Gelegentliches Reinbei\u00dfen in die Schleckmatte ist in Ordnung, aber sobald sie versuchen, sie zu zerst\u00f6ren, ist das ein Zeichen von Stress. Andere Hunde lecken ewig geduldig den versch\u00fctteten Joghurt vom Boden auf. Sobald man ihnen jedoch einen gef\u00fcllten Kong gibt, verlieren sie das Interesse. Viele Hunde verbringen mehr als 30 Minuten mit dem Spielzeug und \u00fcberlegen geduldig, wie sie an die Leckerlis kommen. Du kennst deinen Hund am besten! Nutze unseren\u00a0<strong>Guide<\/strong>\u00a0und w\u00e4hle das richtige Spielzeug, um deinen Hund eine entspannende Besch\u00e4ftigung zu bieten, die keinen Frust verursacht.[\/vc_column_text][vc_empty_space height=&#8220;24px&#8220;][vc_single_image image=&#8220;81843&#8243; img_size=&#8220;medium&#8220;][vc_empty_space height=&#8220;24px&#8220;][vc_column_text]<\/p>\n<h3>Gr\u00f6\u00dfe<\/h3>\n<p>Small \u2013 ca. 6 cm hoch<br \/>\nLarge \u2013 ca. 8,5 cm hoch<br \/>\nX-Large \u2013 ca 10 cm hoch<\/p>\n<h3><span class=\"a-list-item\">Material &amp; Reinigung<\/span><\/h3>\n<p>Hergestellt aus zero-waste und recycelbarem Zogoflex-Material in den USA. Nicht giftig und sp\u00fclmaschinenfest.[\/vc_column_text][\/vc_column][\/vc_row]<\/p>\n<\/div>","protected":false},"excerpt":{"rendered":"<p id=\"tw-target-text\" class=\"tw-data-text tw-text-large tw-ta\" dir=\"ltr\" data-placeholder=\"Translation\"><span class=\"Y2IQFc\" lang=\"de\">Perfektes Spielzeug f\u00fcr Hunde-Enrichment mit Sommerstimmung<\/span><\/p>\n","protected":false},"featured_media":81847,"template":"","meta":[],"pwb-brand":[1972],"product_cat":[2113,2115,1974],"product_tag":[],"class_list":{"0":"post-81835","1":"product","2":"type-product","3":"status-publish","4":"has-post-thumbnail","6":"pwb-brand-westpaw-de","7":"product_cat-anti-schling-naepfe","8":"product_cat-befuellbares-spielzeug","9":"product_cat-hunde-enrichment","11":"first","12":"outofstock","13":"taxable","14":"shipping-taxable","15":"purchasable","16":"product-type-variable"},"brands":[{"id":1972,"name":"West Paw","slug":"westpaw-de"}],"_links":{"self":[{"href":"https:\/\/www.havohravo.com\/de\/wp-json\/wp\/v2\/product\/81835","targetHints":{"allow":["GET"]}}],"collection":[{"href":"https:\/\/www.havohravo.com\/de\/wp-json\/wp\/v2\/product"}],"about":[{"href":"https:\/\/www.havohravo.com\/de\/wp-json\/wp\/v2\/types\/product"}],"wp:featuredmedia":[{"embeddable":true,"href":"https:\/\/www.havohravo.com\/de\/wp-json\/wp\/v2\/media\/81847"}],"wp:attachment":[{"href":"https:\/\/www.havohravo.com\/de\/wp-json\/wp\/v2\/media?parent=81835"}],"wp:term":[{"taxonomy":"pwb-brand","embeddable":true,"href":"https:\/\/www.havohravo.com\/de\/wp-json\/wp\/v2\/pwb-brand?post=81835"},{"taxonomy":"product_cat","embeddable":true,"href":"https:\/\/www.havohravo.com\/de\/wp-json\/wp\/v2\/product_cat?post=81835"},{"taxonomy":"product_tag","embeddable":true,"href":"https:\/\/www.havohravo.com\/de\/wp-json\/wp\/v2\/product_tag?post=81835"}],"curies":[{"name":"wp","href":"https:\/\/api.w.org\/{rel}","templated":true}]}}