{"id":81875,"date":"2024-07-18T08:01:18","date_gmt":"2024-07-18T06:01:18","guid":{"rendered":"https:\/\/www.havohravo.com\/?post_type=product&#038;p=81875"},"modified":"2024-11-05T17:33:38","modified_gmt":"2024-11-05T16:33:38","slug":"puck-spielzeug","status":"publish","type":"product","link":"https:\/\/www.havohravo.com\/de\/produkt\/puck-spielzeug\/","title":{"rendered":"Puck Spielzeug"},"content":{"rendered":"<div class=\"wpb-content-wrapper\"><p>[vc_row][vc_column][vc_empty_space][\/vc_column][\/vc_row][vc_row][vc_column width=&#8220;2\/3&#8243; offset=&#8220;vc_col-sm-offset-2 vc_col-xs-12&#8243;][vc_column_text css=&#8220;&#8220;]<\/p>\n<h3>Puck Spielzeug<\/h3>\n<p>Der Puck ist aus Nylcot mit Gurtband gefertigt. Ein sehr praktisches Spielzeug, das man beim Training unter dem Arm tragen kann, um schnell best\u00e4tigen zu k\u00f6nnen. Auch ein tolles Spielzeug f\u00fcr Welpen.<\/p>\n<h3>Gr\u00f6\u00dfe:<\/h3>\n<p>Puck Durchmesser 8,5 cm<br \/>\nPuck H\u00f6he: 2,8 cm<br \/>\nGurtbandl\u00e4nge: 30 cm[\/vc_column_text][vc_empty_space height=&#8220;32&#8243;][vc_single_image image=&#8220;81871&#8243; img_size=&#8220;medium&#8220;][\/vc_column][\/vc_row]<\/p>\n<\/div>","protected":false},"excerpt":{"rendered":"<p>Weiches Spielzeug f\u00fcr Hunde<\/p>\n","protected":false},"featured_media":81883,"template":"","meta":[],"pwb-brand":[2334],"product_cat":[1696,866],"product_tag":[],"class_list":{"0":"post-81875","1":"product","2":"type-product","3":"status-publish","4":"has-post-thumbnail","6":"pwb-brand-jami-de","7":"product_cat-anderes-spielzeug","8":"product_cat-hundespielzeug","10":"first","11":"outofstock","12":"featured","13":"taxable","14":"shipping-taxable","15":"purchasable","16":"product-type-variable"},"brands":[{"id":2334,"name":"Jami","slug":"jami-de"}],"_links":{"self":[{"href":"https:\/\/www.havohravo.com\/de\/wp-json\/wp\/v2\/product\/81875","targetHints":{"allow":["GET"]}}],"collection":[{"href":"https:\/\/www.havohravo.com\/de\/wp-json\/wp\/v2\/product"}],"about":[{"href":"https:\/\/www.havohravo.com\/de\/wp-json\/wp\/v2\/types\/product"}],"wp:featuredmedia":[{"embeddable":true,"href":"https:\/\/www.havohravo.com\/de\/wp-json\/wp\/v2\/media\/81883"}],"wp:attachment":[{"href":"https:\/\/www.havohravo.com\/de\/wp-json\/wp\/v2\/media?parent=81875"}],"wp:term":[{"taxonomy":"pwb-brand","embeddable":true,"href":"https:\/\/www.havohravo.com\/de\/wp-json\/wp\/v2\/pwb-brand?post=81875"},{"taxonomy":"product_cat","embeddable":true,"href":"https:\/\/www.havohravo.com\/de\/wp-json\/wp\/v2\/product_cat?post=81875"},{"taxonomy":"product_tag","embeddable":true,"href":"https:\/\/www.havohravo.com\/de\/wp-json\/wp\/v2\/product_tag?post=81875"}],"curies":[{"name":"wp","href":"https:\/\/api.w.org\/{rel}","templated":true}]}}