{"id":82043,"date":"2024-07-18T20:38:18","date_gmt":"2024-07-18T18:38:18","guid":{"rendered":"https:\/\/www.havohravo.com\/?post_type=product&#038;p=82043"},"modified":"2026-04-12T13:52:44","modified_gmt":"2026-04-12T11:52:44","slug":"bringholz-mit-schaumstoff-copy-copy","status":"publish","type":"product","link":"https:\/\/www.havohravo.com\/de\/produkt\/bringholz-mit-schaumstoff-copy-copy\/","title":{"rendered":"Bringholz Light"},"content":{"rendered":"<div class=\"wpb-content-wrapper\"><p>[vc_row][vc_column][vc_empty_space][\/vc_column][\/vc_row][vc_row][vc_column][vc_column_text css=&#8220;&#8220;]<\/p>\n<h3>Bringholz Light<\/h3>\n<p>Die Seiten sind aus 8 mm wasserfestem Sperrholz gefertigt. Die Bringh\u00f6lzer sind mit langen, tief eingelassenen Schrauben befestigt, was die Haltbarkeit erh\u00f6ht und verhindert, dass sich die Seiten drehen. Es ist kein Logo auf der Seite angebracht, das Logo ist nur auf dem Griff eingraviert.<\/p>\n<p>Der Griff ist aus hartem Buchenholz gefertigt.<\/p>\n<p>Die Bringh\u00f6lzer sind in 4 Gr\u00f6\u00dfen erh\u00e4ltlich.[\/vc_column_text][vc_empty_space height=&#8220;24&#8243;][vc_single_image image=&#8220;82107&#8243; img_size=&#8220;large&#8220;][vc_empty_space height=&#8220;24&#8243;][\/vc_column][\/vc_row][vc_row][vc_column width=&#8220;1\/2&#8243;][vc_single_image image=&#8220;54067&#8243; img_size=&#8220;medium&#8220;][vc_empty_space height=&#8220;24&#8243;][\/vc_column][vc_column width=&#8220;1\/2&#8243;][vc_column_text css=&#8220;&#8220;]<\/p>\n<table>\n<tbody>\n<tr>\n<td>\n<h5>Gr\u00f6\u00dfe<\/h5>\n<\/td>\n<td>\n<h5>S<\/h5>\n<\/td>\n<td>\n<h5>S\/M<\/h5>\n<\/td>\n<td>\n<h5>M<\/h5>\n<\/td>\n<td>\n<h5>L<\/h5>\n<\/td>\n<\/tr>\n<tr>\n<td>Seiten (A)<\/td>\n<td>7 cm<\/td>\n<td>9 cm<\/td>\n<td>10 cm<\/td>\n<td>12 cm<\/td>\n<\/tr>\n<tr>\n<td>Stegl\u00e4nge (B)<\/td>\n<td>8 cm<\/td>\n<td>9 cm<\/td>\n<td>11 cm<\/td>\n<td>12 cm<\/td>\n<\/tr>\n<tr>\n<td>Gewicht<\/td>\n<td>70g<\/td>\n<td>140g<\/td>\n<td>160g<\/td>\n<td>200g<\/td>\n<\/tr>\n<tr>\n<td>Stegdurchmesser (C)<\/td>\n<td>1,5 cm<\/td>\n<td>2 cm<\/td>\n<td>2 cm<\/td>\n<td>3 cm<\/td>\n<\/tr>\n<tr>\n<td>Seitenbreite (D)<\/td>\n<td>0,8 cm<\/td>\n<td>0,8 cm<\/td>\n<td>0,8 cm<\/td>\n<td>0,8 cm<\/td>\n<\/tr>\n<\/tbody>\n<\/table>\n<p>[\/vc_column_text][vc_empty_space height=&#8220;24&#8243;][\/vc_column][\/vc_row]<\/p>\n<\/div>","protected":false},"excerpt":{"rendered":"<p>Bringholz ideal f\u00fcr Obedience Training.<\/p>\n","protected":false},"featured_media":82101,"template":"","meta":[],"pwb-brand":[2290],"product_cat":[1011,2336],"product_tag":[],"class_list":{"0":"post-82043","1":"product","2":"type-product","3":"status-publish","4":"has-post-thumbnail","6":"pwb-brand-wooddog-de","7":"product_cat-anderes-zubehoer","8":"product_cat-obedience-de","10":"first","11":"instock","12":"featured","13":"taxable","14":"shipping-taxable","15":"purchasable","16":"product-type-variable"},"brands":[{"id":2290,"name":"Wooddog","slug":"wooddog-de"}],"_links":{"self":[{"href":"https:\/\/www.havohravo.com\/de\/wp-json\/wp\/v2\/product\/82043","targetHints":{"allow":["GET"]}}],"collection":[{"href":"https:\/\/www.havohravo.com\/de\/wp-json\/wp\/v2\/product"}],"about":[{"href":"https:\/\/www.havohravo.com\/de\/wp-json\/wp\/v2\/types\/product"}],"wp:featuredmedia":[{"embeddable":true,"href":"https:\/\/www.havohravo.com\/de\/wp-json\/wp\/v2\/media\/82101"}],"wp:attachment":[{"href":"https:\/\/www.havohravo.com\/de\/wp-json\/wp\/v2\/media?parent=82043"}],"wp:term":[{"taxonomy":"pwb-brand","embeddable":true,"href":"https:\/\/www.havohravo.com\/de\/wp-json\/wp\/v2\/pwb-brand?post=82043"},{"taxonomy":"product_cat","embeddable":true,"href":"https:\/\/www.havohravo.com\/de\/wp-json\/wp\/v2\/product_cat?post=82043"},{"taxonomy":"product_tag","embeddable":true,"href":"https:\/\/www.havohravo.com\/de\/wp-json\/wp\/v2\/product_tag?post=82043"}],"curies":[{"name":"wp","href":"https:\/\/api.w.org\/{rel}","templated":true}]}}