{"id":82248,"date":"2024-08-01T21:42:16","date_gmt":"2024-08-01T19:42:16","guid":{"rendered":"https:\/\/www.havohravo.com\/?post_type=product&#038;p=82248"},"modified":"2024-08-01T21:48:17","modified_gmt":"2024-08-01T19:48:17","slug":"baja-tablett","status":"publish","type":"product","link":"https:\/\/www.havohravo.com\/de\/produkt\/baja-tablett\/","title":{"rendered":"Baja Tablett"},"content":{"rendered":"<div class=\"wpb-content-wrapper\"><p>[vc_row][vc_column][vc_column_text css=&#8220;&#8220;]<\/p>\n<h3>Baja Tablett<\/h3>\n<p>Das Enrichment Tablett kombiniert die Vorteile von Schleckmatten mit den Vorteilen von Slow-Feed Fressn\u00e4pfen.<\/p>\n<p>Das Baja Design ist ein <strong>flaches Slow-Feeder<\/strong>-Tablett. Es erm\u00f6glicht langsamere Nahrungsaufnahme, ohne dass es f\u00fcr manche Rassen unm\u00f6glich ist, es zu benutzen. Ideal f\u00fcr Hunde mit flachen Nasen, wie z. B. Bully-Rassen, die Schwierigkeiten mit tieferen Slow-Feeder-N\u00e4pfen haben.<\/p>\n<p>Langsames Fressen hat folgende Vorteile: Es beruhigt den Hund, kann Bl\u00e4hungen vorbeugen, verbessert die Verdauung und die Darmgesundheit, kleine Mahlzeiten halten l\u00e4nger. Bei richtiger Anwendung <strong>reduziert <\/strong>Enrichment-Hundespielzeug<strong> problematisches Verhalten<\/strong> wie Kauen, hilft gegen Langeweile und lindert Trennungsangst.[\/vc_column_text][vc_empty_space height=&#8220;24px&#8220;][vc_column_text css=&#8220;&#8220;]<\/p>\n<h3>Spielzeug Guide<\/h3>\n<table>\n<tbody>\n<tr>\n<td width=\"301\"><strong>Spielzeugart:<\/strong><\/td>\n<td width=\"301\">Anti-Schling Napf<\/td>\n<\/tr>\n<tr>\n<td width=\"301\"><strong>Geeignet f\u00fcr:<\/strong><\/td>\n<td width=\"301\">Auch f\u00fcr ungeduldige Hunde, die manchmal ihre Schleckmatten zerkauen<br \/>\nIdeal f\u00fcr Hunde mit flachen Nasen<\/td>\n<\/tr>\n<tr>\n<td width=\"301\"><strong>Schwierigkeitsgrad:<\/strong><\/td>\n<td width=\"301\">Medium<\/td>\n<\/tr>\n<tr>\n<td width=\"301\"><strong>Gr\u00f6\u00dfe:<\/strong><\/td>\n<td width=\"301\">Geeignet f\u00fcr kleinere Hunde<\/td>\n<\/tr>\n<tr>\n<td width=\"301\"><strong>Geschirrsp\u00fcller geeignet:<\/strong><\/td>\n<td width=\"301\">Ja, obere Reihe<\/td>\n<\/tr>\n<\/tbody>\n<\/table>\n<p>[\/vc_column_text][vc_empty_space height=&#8220;24px&#8220;][vc_single_image image=&#8220;82250&#8243; img_size=&#8220;large&#8220;][vc_empty_space height=&#8220;24px&#8220;][vc_column_text]<\/p>\n<h3><span class=\"a-list-item\">Welcher Spielzeug passt f\u00fcr meinen Hund?<\/span><\/h3>\n<p>Jeder Hund ist anders und hat unterschiedliche Pr\u00e4ferenz. Manche w\u00fcrden das Futter zusammen mit ihrem Napf in 5 Sekunden auffressen. Diese Hunde sind leicht frustriert und haben wenig Geduld mit dem Futter. Gelegentliches Reinbei\u00dfen in die Schleckmatte ist in Ordnung, aber sobald sie versuchen, sie zu zerst\u00f6ren, ist das ein Zeichen von Stress. Andere Hunde lecken ewig geduldig den versch\u00fctteten Joghurt vom Boden auf. Sobald man ihnen jedoch einen gef\u00fcllten Kong gibt, verlieren sie das Interesse. Viele Hunde verbringen mehr als 30 Minuten mit dem Spielzeug und \u00fcberlegen geduldig, wie sie an die Leckerlis kommen. Du kennst deinen Hund am besten! Nutze unseren <strong>Guide<\/strong> und w\u00e4hle das richtige Spielzeug, um deinen Hund eine entspannende Besch\u00e4ftigung zu bieten, die keinen Frust verursacht.[\/vc_column_text][vc_empty_space height=&#8220;24px&#8220;][vc_column_text]<\/p>\n<h3>Gr\u00f6\u00dfe<\/h3>\n<p>20 x 20 cm x 3,5 cm<\/p>\n<h3><span class=\"a-list-item\">Material &amp; Reinigung<\/span><\/h3>\n<p>Hergestellt in den USA. Hergestellt aus ungiftigem und biologisch abbaubarem Material.<br \/>\nDieses Spielzeug ist sp\u00fclmaschinenfest \u2013 im oberen Fach einordnen.<\/p>\n<p>Es handelt sich nicht um ein Kauspielzeug. Lass den Hund mit der Schleckmatte nie unbeaufsichtigt. Wenn die Matte besch\u00e4digt wird, entferne es sofort vom Tier.[\/vc_column_text][vc_empty_space height=&#8220;24px&#8220;][\/vc_column][\/vc_row]<\/p>\n<\/div>","protected":false},"excerpt":{"rendered":"<p id=\"tw-target-text\" class=\"tw-data-text tw-text-large tw-ta\" dir=\"ltr\" data-placeholder=\"Translation\"><span class=\"Y2IQFc\" lang=\"de\">Kombination von Leckmatte und Anti-Schling-Sch\u00fcssel bring den Enrichment deines Hundes auf den n\u00e4chsten Level!<\/span><\/p>\n","protected":false},"featured_media":82252,"template":"","meta":[],"pwb-brand":[1976],"product_cat":[2113,1974,2114],"product_tag":[],"class_list":{"0":"post-82248","1":"product","2":"type-product","3":"status-publish","4":"has-post-thumbnail","6":"pwb-brand-sodapup-de","7":"product_cat-anti-schling-naepfe","8":"product_cat-hunde-enrichment","9":"product_cat-schleckmatten","11":"first","12":"instock","13":"featured","14":"taxable","15":"shipping-taxable","16":"purchasable","17":"product-type-simple"},"brands":[{"id":1976,"name":"Sodapup","slug":"sodapup-de"}],"_links":{"self":[{"href":"https:\/\/www.havohravo.com\/de\/wp-json\/wp\/v2\/product\/82248","targetHints":{"allow":["GET"]}}],"collection":[{"href":"https:\/\/www.havohravo.com\/de\/wp-json\/wp\/v2\/product"}],"about":[{"href":"https:\/\/www.havohravo.com\/de\/wp-json\/wp\/v2\/types\/product"}],"wp:featuredmedia":[{"embeddable":true,"href":"https:\/\/www.havohravo.com\/de\/wp-json\/wp\/v2\/media\/82252"}],"wp:attachment":[{"href":"https:\/\/www.havohravo.com\/de\/wp-json\/wp\/v2\/media?parent=82248"}],"wp:term":[{"taxonomy":"pwb-brand","embeddable":true,"href":"https:\/\/www.havohravo.com\/de\/wp-json\/wp\/v2\/pwb-brand?post=82248"},{"taxonomy":"product_cat","embeddable":true,"href":"https:\/\/www.havohravo.com\/de\/wp-json\/wp\/v2\/product_cat?post=82248"},{"taxonomy":"product_tag","embeddable":true,"href":"https:\/\/www.havohravo.com\/de\/wp-json\/wp\/v2\/product_tag?post=82248"}],"curies":[{"name":"wp","href":"https:\/\/api.w.org\/{rel}","templated":true}]}}