{"id":82504,"date":"2024-08-13T09:21:04","date_gmt":"2024-08-13T07:21:04","guid":{"rendered":"https:\/\/www.havohravo.com\/?post_type=product&#038;p=82504"},"modified":"2026-04-01T13:30:58","modified_gmt":"2026-04-01T11:30:58","slug":"bringholz-light-copy","status":"publish","type":"product","link":"https:\/\/www.havohravo.com\/de\/produkt\/bringholz-light-copy\/","title":{"rendered":"Trainingsbringholz Schaumstoff"},"content":{"rendered":"<div class=\"wpb-content-wrapper\"><p>[vc_row][vc_column][vc_empty_space][\/vc_column][\/vc_row][vc_row][vc_column][vc_column_text css=&#8220;&#8220;]<\/p>\n<h3>Trainingsbringholz Schaumstoff<\/h3>\n<p>Die Seiten sind aus 1,5 cm dickem Schaumgummi gefertigt, wodurch sie sich nicht verbiegen k\u00f6nnen. Es ist kein Logo auf der Seite angebracht, das Logo ist nur auf dem Griff eingraviert.<\/p>\n<p>Der Griff ist aus hartem Buchenholz gefertigt.<\/p>\n<p>Die Bringh\u00f6lzer sind in 3 Gr\u00f6\u00dfen erh\u00e4ltlich.[\/vc_column_text][vc_empty_space height=&#8220;24&#8243;][vc_single_image image=&#8220;82584&#8243; img_size=&#8220;large&#8220;][vc_empty_space height=&#8220;24&#8243;][\/vc_column][\/vc_row][vc_row][vc_column width=&#8220;1\/2&#8243;][vc_single_image image=&#8220;54067&#8243; img_size=&#8220;medium&#8220;][vc_empty_space height=&#8220;24&#8243;][\/vc_column][vc_column width=&#8220;1\/2&#8243;][vc_column_text css=&#8220;&#8220;]<\/p>\n<table>\n<tbody>\n<tr>\n<td>\n<h5>Gr\u00f6\u00dfe<\/h5>\n<\/td>\n<td>\n<h5>S<\/h5>\n<\/td>\n<td>\n<h5>M<\/h5>\n<\/td>\n<td>\n<h5>L<\/h5>\n<\/td>\n<\/tr>\n<tr>\n<td>Seiten (A)<\/td>\n<td>7 cm<\/td>\n<td>10 cm<\/td>\n<td>12 cm<\/td>\n<\/tr>\n<tr>\n<td>Stegl\u00e4nge (B)<\/td>\n<td>8 cm<\/td>\n<td>10 cm<\/td>\n<td>12 cm<\/td>\n<\/tr>\n<tr>\n<td>Gewicht<\/td>\n<td>30g<\/td>\n<td>40g<\/td>\n<td>80g<\/td>\n<\/tr>\n<tr>\n<td>Stegdurchmesser (C)<\/td>\n<td>1,5 cm<\/td>\n<td>2 cm<\/td>\n<td>2 cm<\/td>\n<\/tr>\n<tr>\n<td>Seitenbreite (D)<\/td>\n<td>1,5 cm<\/td>\n<td>1,5 cm<\/td>\n<td>1,5 cm<\/td>\n<\/tr>\n<\/tbody>\n<\/table>\n<p>[\/vc_column_text][vc_empty_space height=&#8220;24&#8243;][\/vc_column][\/vc_row]<\/p>\n<\/div>","protected":false},"excerpt":{"rendered":"<p>Schaumstoff-Bringholz ideal f\u00fcr Obedience Training.<\/p>\n","protected":false},"featured_media":82578,"template":"","meta":[],"pwb-brand":[2290],"product_cat":[1011,2336],"product_tag":[],"class_list":{"0":"post-82504","1":"product","2":"type-product","3":"status-publish","4":"has-post-thumbnail","6":"pwb-brand-wooddog-de","7":"product_cat-anderes-zubehoer","8":"product_cat-obedience-de","10":"first","11":"instock","12":"featured","13":"taxable","14":"shipping-taxable","15":"purchasable","16":"product-type-variable"},"brands":[{"id":2290,"name":"Wooddog","slug":"wooddog-de"}],"_links":{"self":[{"href":"https:\/\/www.havohravo.com\/de\/wp-json\/wp\/v2\/product\/82504","targetHints":{"allow":["GET"]}}],"collection":[{"href":"https:\/\/www.havohravo.com\/de\/wp-json\/wp\/v2\/product"}],"about":[{"href":"https:\/\/www.havohravo.com\/de\/wp-json\/wp\/v2\/types\/product"}],"wp:featuredmedia":[{"embeddable":true,"href":"https:\/\/www.havohravo.com\/de\/wp-json\/wp\/v2\/media\/82578"}],"wp:attachment":[{"href":"https:\/\/www.havohravo.com\/de\/wp-json\/wp\/v2\/media?parent=82504"}],"wp:term":[{"taxonomy":"pwb-brand","embeddable":true,"href":"https:\/\/www.havohravo.com\/de\/wp-json\/wp\/v2\/pwb-brand?post=82504"},{"taxonomy":"product_cat","embeddable":true,"href":"https:\/\/www.havohravo.com\/de\/wp-json\/wp\/v2\/product_cat?post=82504"},{"taxonomy":"product_tag","embeddable":true,"href":"https:\/\/www.havohravo.com\/de\/wp-json\/wp\/v2\/product_tag?post=82504"}],"curies":[{"name":"wp","href":"https:\/\/api.w.org\/{rel}","templated":true}]}}