{"id":82618,"date":"2024-08-13T12:44:09","date_gmt":"2024-08-13T10:44:09","guid":{"rendered":"https:\/\/www.havohravo.com\/?post_type=product&#038;p=82618"},"modified":"2024-08-13T13:03:50","modified_gmt":"2024-08-13T11:03:50","slug":"herbix-copy","status":"publish","type":"product","link":"https:\/\/www.havohravo.com\/de\/produkt\/herbix-copy\/","title":{"rendered":"Colostrum"},"content":{"rendered":"<div class=\"wpb-content-wrapper\"><p>[vc_row][vc_column][vc_empty_space][\/vc_column][\/vc_row][vc_row][vc_column width=&#8220;1\/2&#8243;][vc_column_text css=&#8220;&#8220;]<\/p>\n<h3>Kolostrum<\/h3>\n<p>Der wichtigste Bestandteil des Kolostrums sind die <strong>Immunglobuline<\/strong>, also Stoffe, die Viren und Parasiten angreifen. Der Gehalt an Immunregulatoren, die die Abwehrmechanismen des K\u00f6rpers beeinflussen, ist ebenfalls wichtig, <strong>da sie die Heilung beschleunigen<\/strong>.<br \/>\nEine ideale Erg\u00e4nzung sowohl f\u00fcr BARF als auch f\u00fcr Trockenfutter.<\/p>\n<h3>Welche Auswirkungen hat Colostrum f\u00fcr deinen Hund?<\/h3>\n<ul>\n<li>Kolostrum wird f\u00fcr den Aufbau lebenslanger Immunit\u00e4t und Vitalit\u00e4t ben\u00f6tigt. Es ist eine der wirksamsten Substanzen, die Hunden verabreicht werden k\u00f6nnen. Dar\u00fcber hinaus ist es v\u00f6llig nat\u00fcrlich.<\/li>\n<li>\u00fcber 250 aktive Inhaltsstoffe<\/li>\n<li>st\u00e4rkt die Immunit\u00e4t<\/li>\n<li>f\u00fcr H\u00fcndinnen vor und nach der Geburt<\/li>\n<li>Regulierung der Zell- und Organfunktionen<\/li>\n<li>f\u00fcr eine schnelle Genesung<\/li>\n<li>sowohl f\u00fcr BARF als auch f\u00fcr Trockenfutter geeignet<\/li>\n<li>hoher Gehalt an Immunglobulinen &#8211; Ig 40<\/li>\n<\/ul>\n<p>[\/vc_column_text][vc_empty_space height=&#8220;24&#8243;][\/vc_column][vc_column width=&#8220;5\/12&#8243; offset=&#8220;vc_col-sm-offset-1&#8243;][vc_column_text css=&#8220;&#8220;]<\/p>\n<h3>Dosierung:<\/h3>\n<p>2 g der Mischung pro Tag. F\u00fcge es zu dem Futter hinzu.<br \/>\nEs wird empfohlen, das Futter mit Wasser oder \u00d6l anzufeuchten, um es besser zu vermischen.<br \/>\nKann \u00fcber einen l\u00e4ngeren Zeitraum gef\u00fcttert werden.<\/p>\n<h3>Zusammensetzung:<\/h3>\n<p>Kolostrum enth\u00e4lt auch die wichtigen Vitamine B1, B2, B6, C, E und A. An Mineralstoffen enth\u00e4lt es Phosphor, Kalzium, Kalium, Magnesium und Natrium.[\/vc_column_text][vc_empty_space height=&#8220;24&#8243;][\/vc_column][\/vc_row]<\/p>\n<\/div>","protected":false},"excerpt":{"rendered":"<p class=\"pr_title mb10\">Eine der wichtigsten Substanzen f\u00fcr Welpen, erwachsene und \u00e4ltere Hunde<\/p>\n","protected":false},"featured_media":82620,"template":"","meta":[],"pwb-brand":[2249],"product_cat":[2263,2338],"product_tag":[],"class_list":{"0":"post-82618","1":"product","2":"type-product","3":"status-publish","4":"has-post-thumbnail","6":"pwb-brand-canislab-de","7":"product_cat-fuer-barf","8":"product_cat-fuer-trockenfutter","10":"first","11":"instock","12":"taxable","13":"shipping-taxable","14":"purchasable","15":"product-type-simple"},"brands":[{"id":2249,"name":"canislab","slug":"canislab-de"}],"_links":{"self":[{"href":"https:\/\/www.havohravo.com\/de\/wp-json\/wp\/v2\/product\/82618","targetHints":{"allow":["GET"]}}],"collection":[{"href":"https:\/\/www.havohravo.com\/de\/wp-json\/wp\/v2\/product"}],"about":[{"href":"https:\/\/www.havohravo.com\/de\/wp-json\/wp\/v2\/types\/product"}],"wp:featuredmedia":[{"embeddable":true,"href":"https:\/\/www.havohravo.com\/de\/wp-json\/wp\/v2\/media\/82620"}],"wp:attachment":[{"href":"https:\/\/www.havohravo.com\/de\/wp-json\/wp\/v2\/media?parent=82618"}],"wp:term":[{"taxonomy":"pwb-brand","embeddable":true,"href":"https:\/\/www.havohravo.com\/de\/wp-json\/wp\/v2\/pwb-brand?post=82618"},{"taxonomy":"product_cat","embeddable":true,"href":"https:\/\/www.havohravo.com\/de\/wp-json\/wp\/v2\/product_cat?post=82618"},{"taxonomy":"product_tag","embeddable":true,"href":"https:\/\/www.havohravo.com\/de\/wp-json\/wp\/v2\/product_tag?post=82618"}],"curies":[{"name":"wp","href":"https:\/\/api.w.org\/{rel}","templated":true}]}}