{"id":82638,"date":"2024-08-13T17:30:37","date_gmt":"2024-08-13T15:30:37","guid":{"rendered":"https:\/\/www.havohravo.com\/?post_type=product&#038;p=82638"},"modified":"2024-08-13T17:43:32","modified_gmt":"2024-08-13T15:43:32","slug":"poop-good-copy","status":"publish","type":"product","link":"https:\/\/www.havohravo.com\/de\/produkt\/poop-good-copy\/","title":{"rendered":"Kelp"},"content":{"rendered":"<div class=\"wpb-content-wrapper\"><p>[vc_row][vc_column][vc_empty_space][\/vc_column][\/vc_row][vc_row][vc_column width=&#8220;1\/2&#8243;][vc_column_text css=&#8220;&#8220;]<\/p>\n<h3 class=\"pr_title mb10\">Kelp<\/h3>\n<p>Seetang f\u00fcr gesunde Z\u00e4hne, gesundes Zahnfleisch und sch\u00f6nes Fell. Seetang mit einem hohen Gehalt an Mineralien &#8211; insbesondere an Jod, das oft Mangelware ist.<\/p>\n<p>Kelp ist die reichste nat\u00fcrliche <strong>Jodquelle<\/strong>. Dies hilft bei der Produktion von Schilddr\u00fcsenhormonen. Er unterst\u00fctzt die nat\u00fcrliche Immunit\u00e4t des Hundes und seine <strong>Regeneration<\/strong> &#8211; er hat eine starke antioxidative, antibakterielle und antivirale Wirkung. Eine ideale Erg\u00e4nzung sowohl f\u00fcr BARF als auch f\u00fcr Trockenfutter.<\/p>\n<p>Aufgrund des hohen Jodgehalts sollte die empfohlene Tagesdosis nicht \u00fcberschritten werden.<\/p>\n<h3>Welche Wirkungen hat Kelp f\u00fcr Ihren Hund?<\/h3>\n<ul>\n<li>Unterst\u00fctzung der Schilddr\u00fcse<\/li>\n<li>Verhinderung von Zahnbelag und Zahnstein<\/li>\n<li>Beseitigung von unangenehmem Atemgeruch<\/li>\n<li>Unterst\u00fctzung der Haut- und Fellpigmentierung<br \/>\nstarke Unterst\u00fctzung des Immunsystems<\/li>\n<li>unterst\u00fctzt die Gehirnfunktionen &#8211; geeignet f\u00fcr junge Hunde<\/li>\n<\/ul>\n<p>[\/vc_column_text][vc_empty_space height=&#8220;24&#8243;][\/vc_column][vc_column width=&#8220;5\/12&#8243; offset=&#8220;vc_col-sm-offset-1&#8243;][vc_column_text css=&#8220;&#8220;]<\/p>\n<h3>Dosierung:<\/h3>\n<p>1 g der Mischung pro Tag.<br \/>\nIn das Futter sch\u00fctten und mischen.<br \/>\nEs wird empfohlen, die Mischung mit Wasser oder \u00d6l zu befeuchten, um sie besser zu verd\u00fcnnen.<\/p>\n<h3>Zusammensetzung:<\/h3>\n<p>100% Seetang Kelp[\/vc_column_text][vc_empty_space height=&#8220;24&#8243;][\/vc_column][\/vc_row]<\/p>\n<\/div>","protected":false},"excerpt":{"rendered":"<p class=\"pr_title mb10\">Meeresalge f\u00fcr gesunde Z\u00e4hne, gesundes Zahnfleisch und sch\u00f6nes Fell.<\/p>\n","protected":false},"featured_media":82642,"template":"","meta":[],"pwb-brand":[2249],"product_cat":[2263,2338],"product_tag":[],"class_list":{"0":"post-82638","1":"product","2":"type-product","3":"status-publish","4":"has-post-thumbnail","6":"pwb-brand-canislab-de","7":"product_cat-fuer-barf","8":"product_cat-fuer-trockenfutter","10":"first","11":"instock","12":"taxable","13":"shipping-taxable","14":"purchasable","15":"product-type-simple"},"brands":[{"id":2249,"name":"canislab","slug":"canislab-de"}],"_links":{"self":[{"href":"https:\/\/www.havohravo.com\/de\/wp-json\/wp\/v2\/product\/82638","targetHints":{"allow":["GET"]}}],"collection":[{"href":"https:\/\/www.havohravo.com\/de\/wp-json\/wp\/v2\/product"}],"about":[{"href":"https:\/\/www.havohravo.com\/de\/wp-json\/wp\/v2\/types\/product"}],"wp:featuredmedia":[{"embeddable":true,"href":"https:\/\/www.havohravo.com\/de\/wp-json\/wp\/v2\/media\/82642"}],"wp:attachment":[{"href":"https:\/\/www.havohravo.com\/de\/wp-json\/wp\/v2\/media?parent=82638"}],"wp:term":[{"taxonomy":"pwb-brand","embeddable":true,"href":"https:\/\/www.havohravo.com\/de\/wp-json\/wp\/v2\/pwb-brand?post=82638"},{"taxonomy":"product_cat","embeddable":true,"href":"https:\/\/www.havohravo.com\/de\/wp-json\/wp\/v2\/product_cat?post=82638"},{"taxonomy":"product_tag","embeddable":true,"href":"https:\/\/www.havohravo.com\/de\/wp-json\/wp\/v2\/product_tag?post=82638"}],"curies":[{"name":"wp","href":"https:\/\/api.w.org\/{rel}","templated":true}]}}