{"id":82647,"date":"2024-08-13T17:44:25","date_gmt":"2024-08-13T15:44:25","guid":{"rendered":"https:\/\/www.havohravo.com\/?post_type=product&#038;p=82647"},"modified":"2024-08-13T22:21:07","modified_gmt":"2024-08-13T20:21:07","slug":"imunovital-copy","status":"publish","type":"product","link":"https:\/\/www.havohravo.com\/de\/produkt\/imunovital-copy\/","title":{"rendered":"Everyday BARF Balancer"},"content":{"rendered":"<div class=\"wpb-content-wrapper\"><p>[vc_row][vc_column][vc_empty_space][\/vc_column][\/vc_row][vc_row][vc_column width=&#8220;1\/2&#8243;][vc_column_text css=&#8220;&#8220;]<\/p>\n<h3 class=\"pr_title mb10\">Everyday BARF balancer | Die wichtigsten N\u00e4hrstoffe f\u00fcr Hunde<\/h3>\n<p>Das einzige Produkt, das du bei der BARF-F\u00fctterung ben\u00f6tigst. Everyday BARF Balancer liefert alle notwendigen Stoffe, die der Hund im Futter braucht. Entwickelt f\u00fcr <strong>den t\u00e4glichen Gebrauch<\/strong>. Indem du den Everyday Balancer dem Futter hinzuf\u00fcgst, kannst du sicher sein, dass dein Hund <strong>alle notwendigen N\u00e4hrstoffe<\/strong> erh\u00e4lt.<\/p>\n<h3>Welche Wirkungen hat Everyday Balancer Pulver f\u00fcr deiner Hund?<\/h3>\n<ul>\n<li>zur komplexen Zufuhr von N\u00e4hrstoffen bei BARF-F\u00fctterung<\/li>\n<li>unterst\u00fctzt die Verdauung<\/li>\n<li>st\u00e4rkt Gelenke und Knochen<\/li>\n<li>tr\u00e4gt zur gesunden Entwicklung des Hundes bei<\/li>\n<li>entwickelt von der BARF-Gemeinschaft und Tier\u00e4rzten<\/li>\n<\/ul>\n<h3 id=\"block-d60058d5-3897-45af-a4a9-352c3863c4f5\">Dosierung:<\/h3>\n<p>Pro 5 kg Gewicht des Hundes \/ 1-2 g der Mischung \/ pro Tag &#8211; unter das Futter mischen.<br \/>\n1 Teel\u00f6ffel ist etwa 5 g.[\/vc_column_text][vc_empty_space height=&#8220;24&#8243;][\/vc_column][vc_column width=&#8220;5\/12&#8243; offset=&#8220;vc_col-sm-offset-1&#8243;][vc_column_text css=&#8220;&#8220;]<\/p>\n<h3>Inhaltsstoffe:<\/h3>\n<p><strong>Eine Mischung aus Vitaminen und Mineralien<\/strong>, die f\u00fcr das richtige Funktionieren des Hundek\u00f6rpers notwendig sind. Alle Vitamine und Mineralien sind im idealen Verh\u00e4ltnis und Menge.<br \/>\n<strong>Kr\u00e4uter und Pr\u00e4biotika<\/strong>, die die Verdauung verbessern und die Aufnahme f\u00f6rdern. Die anderen Stoffe werden so besser aufgenommen und die Verdauung des Hundes l\u00e4uft wie ein Schweizer Uhrwerk.<br \/>\n<strong>Kollagen<\/strong> ist wichtig f\u00fcr gesunde Gelenke und eine schmerzfreie Bewegung des Hundes. Besonders f\u00fcr sportliche und aktive Hunde ist es die Basis der Pr\u00e4vention.<br \/>\n<strong>Antioxidantien<\/strong> sch\u00fctzen die Zellen des Hundes vor oxidativem Stress und unterst\u00fctzen die nat\u00fcrliche Immunit\u00e4t des Hundes.<br \/>\n<strong>Kurkuma<\/strong><br \/>\n<strong>Aktivkohle<\/strong> entfernt Giftstoffe aus dem K\u00f6rper des Hundes und unterst\u00fctzt die nat\u00fcrliche Verdauung.<br \/>\n<strong>Omega-3- und Omega-6-Fetts\u00e4uren<\/strong> sind wichtig f\u00fcr die richtige Entwicklung und Funktion des Nervensystems. Sie unterst\u00fctzen die Gehirn- und Herzt\u00e4tigkeit.<\/p>\n<p>Kelp, Bierhefe, dehydrierter Krill, Vit&amp;Min, Spinat, Brennnessel, Basilikum, Petersilie, Minze, Fenchel, Pr\u00e4biotika, hydrolysiertes Rinderkollagen, Inulin, Antioxidantien: Aktivkohle, Kurkuma.<br \/>\n<strong>Liste der Vitamine und Mineralstoffe:<\/strong> Kupfer, Zink, Mangan, Jod, Selen, Vitamin A, Vitamin D3, Vitamin E, Vitamin K3, Vitamin C, Vitamin B1, Vitamin B2, Vitamin B6, Vitamin B12, Biotin, Niacinamid, Fols\u00e4ure, Pantothenan Calcium, Vitamin B4, Calciumdihydrogenphosphat, Calciumcarbonat, Omega 3 + 6.<\/p>\n<p><strong>Gehalt an nat\u00fcrlichen N\u00e4hrstoffen:<\/strong><br \/>\nProteine 36,5%, Fett 16%, Ballaststoffe 11%, Kohlenhydrate 22,1%, Mineralstoffe 8,1%, Feuchtigkeit bis zu 5%.[\/vc_column_text][vc_empty_space height=&#8220;24&#8243;][\/vc_column][\/vc_row]<\/p>\n<\/div>","protected":false},"excerpt":{"rendered":"<p id=\"tw-target-text\" class=\"tw-data-text tw-text-large tw-ta\" dir=\"ltr\" data-placeholder=\"Translation\">Das einzige Zusatz, das du f\u00fcr die BARF-F\u00fctterung ben\u00f6tigst<\/p>\n","protected":false},"featured_media":82652,"template":"","meta":[],"pwb-brand":[2249],"product_cat":[2263],"product_tag":[],"class_list":{"0":"post-82647","1":"product","2":"type-product","3":"status-publish","4":"has-post-thumbnail","6":"pwb-brand-canislab-de","7":"product_cat-fuer-barf","9":"first","10":"instock","11":"featured","12":"taxable","13":"shipping-taxable","14":"purchasable","15":"product-type-variable"},"brands":[{"id":2249,"name":"canislab","slug":"canislab-de"}],"_links":{"self":[{"href":"https:\/\/www.havohravo.com\/de\/wp-json\/wp\/v2\/product\/82647","targetHints":{"allow":["GET"]}}],"collection":[{"href":"https:\/\/www.havohravo.com\/de\/wp-json\/wp\/v2\/product"}],"about":[{"href":"https:\/\/www.havohravo.com\/de\/wp-json\/wp\/v2\/types\/product"}],"wp:featuredmedia":[{"embeddable":true,"href":"https:\/\/www.havohravo.com\/de\/wp-json\/wp\/v2\/media\/82652"}],"wp:attachment":[{"href":"https:\/\/www.havohravo.com\/de\/wp-json\/wp\/v2\/media?parent=82647"}],"wp:term":[{"taxonomy":"pwb-brand","embeddable":true,"href":"https:\/\/www.havohravo.com\/de\/wp-json\/wp\/v2\/pwb-brand?post=82647"},{"taxonomy":"product_cat","embeddable":true,"href":"https:\/\/www.havohravo.com\/de\/wp-json\/wp\/v2\/product_cat?post=82647"},{"taxonomy":"product_tag","embeddable":true,"href":"https:\/\/www.havohravo.com\/de\/wp-json\/wp\/v2\/product_tag?post=82647"}],"curies":[{"name":"wp","href":"https:\/\/api.w.org\/{rel}","templated":true}]}}