{"id":82679,"date":"2024-08-13T23:18:09","date_gmt":"2024-08-13T21:18:09","guid":{"rendered":"https:\/\/www.havohravo.com\/?post_type=product&#038;p=82679"},"modified":"2024-08-13T23:32:05","modified_gmt":"2024-08-13T21:32:05","slug":"poop-good-copy-3","status":"publish","type":"product","link":"https:\/\/www.havohravo.com\/de\/produkt\/poop-good-copy-3\/","title":{"rendered":"Beta Glucan"},"content":{"rendered":"<div class=\"wpb-content-wrapper\"><p>[vc_row][vc_column][vc_empty_space][\/vc_column][\/vc_row][vc_row][vc_column width=&#8220;1\/2&#8243;][vc_column_text css=&#8220;&#8220;]<\/p>\n<h3 class=\"pr_title mb10\">Beta Glucan<\/h3>\n<p><strong>Beta-Glucan in extra reiner Form (80+) mit hoher Wirksamkeit<\/strong>.<br \/>\nBeta-Glucan f\u00fcr Hunde ist der st\u00e4rkste nat\u00fcrliche Immunstimulator. Dies ist der beste Weg, um die <strong>nat\u00fcrliche Immunit\u00e4t<\/strong> des Hundes auf nat\u00fcrliche Weise zu unterst\u00fctzen. Zusammen mit Colostrum sind sie die vorteilhaftesten Erg\u00e4nzungen f\u00fcr einen Hund im Bereich der Immunit\u00e4t.<\/p>\n<p><strong>F\u00fcr aktive und sportliche Hunde<\/strong> &#8211; sch\u00fctzt den Organismus, der nach dem Sport anf\u00e4lliger f\u00fcr Entz\u00fcndungen ist. Es hilft bei der Regeneration und bringt den Hund schneller wieder in Form.<br \/>\n<strong>F\u00fcr kranke Hund<\/strong>e &#8211; beschleunigt die Therapie und die anschlie\u00dfende Genesung. Es hilft, die verlorene Immunit\u00e4t auf nat\u00fcrliche Weise wiederherzustellen.<br \/>\n<strong>F\u00fcr \u00e4ltere Hunde<\/strong> &#8211; steigert die Vitalit\u00e4t und senkt den Zucker- und Cholesterinspiegel im Blut.<br \/>\nEs kann pr\u00e4ventiv und langfristig verabreicht werden. Es ist erwiesen, dass bereits 200 mg pro Tag eine sp\u00fcrbare Wirkung auf den Organismus des Hundes haben.<\/p>\n<h3>Welche Wirkungen hat Beta Glucan f\u00fcr Ihren Hund?<\/h3>\n<ul>\n<li>St\u00e4rkung der Immunit\u00e4t<\/li>\n<li>sch\u00fctzt den Organismus des Hundes bei Stress<\/li>\n<li>unterdr\u00fcckt Entz\u00fcndungen<\/li>\n<li>bessere Abwehr von Viren, Parasiten, Bakterien und Pilzerkrankungen<\/li>\n<li>Senkung des Cholesterin- und Blutzuckerspiegels<\/li>\n<li>vollst\u00e4ndige Entgiftung<\/li>\n<\/ul>\n<p>[\/vc_column_text][vc_empty_space height=&#8220;24&#8243;][\/vc_column][vc_column width=&#8220;5\/12&#8243; offset=&#8220;vc_col-sm-offset-1&#8243;][vc_column_text css=&#8220;&#8220;]<\/p>\n<h3>Dosierung:<\/h3>\n<p>Vorbeugung: 0,5 &#8211; 1 g der Mischung \/ Tag<br \/>\nBei Stress: 1 &#8211; 2 g der Mischung &#8211; einmal t\u00e4glich f\u00fcr mittelgro\u00dfe Hunde und zweimal t\u00e4glich f\u00fcr gr\u00f6\u00dfere Hunde (mehr als 25 kg).<br \/>\nWir empfehlen, die Mischung mit Wasser oder \u00d6l anzufeuchten, damit sie sich besser vermischt.<\/p>\n<h3>Zusammensetzung:<\/h3>\n<p>Beta-Glucan in extra reiner Form (80+) mit hoher Potenz. Der Vorteil von Beta-Glucan ist, dass es die nat\u00fcrliche Immunit\u00e4t des Hundes unterst\u00fctzt. Der Hund ist besser in der Lage, mit \u00e4u\u00dferen Einfl\u00fcssen fertig zu werden.[\/vc_column_text][vc_empty_space height=&#8220;24&#8243;][\/vc_column][\/vc_row]<\/p>\n<\/div>","protected":false},"excerpt":{"rendered":"<p class=\"pr_title mb10\">Die wirksamste nat\u00fcrliche Unterst\u00fctzung des Immunsystem<\/p>\n","protected":false},"featured_media":82683,"template":"","meta":[],"pwb-brand":[2249],"product_cat":[2263,2338],"product_tag":[],"class_list":{"0":"post-82679","1":"product","2":"type-product","3":"status-publish","4":"has-post-thumbnail","6":"pwb-brand-canislab-de","7":"product_cat-fuer-barf","8":"product_cat-fuer-trockenfutter","10":"first","11":"instock","12":"taxable","13":"shipping-taxable","14":"purchasable","15":"product-type-simple"},"brands":[{"id":2249,"name":"canislab","slug":"canislab-de"}],"_links":{"self":[{"href":"https:\/\/www.havohravo.com\/de\/wp-json\/wp\/v2\/product\/82679","targetHints":{"allow":["GET"]}}],"collection":[{"href":"https:\/\/www.havohravo.com\/de\/wp-json\/wp\/v2\/product"}],"about":[{"href":"https:\/\/www.havohravo.com\/de\/wp-json\/wp\/v2\/types\/product"}],"wp:featuredmedia":[{"embeddable":true,"href":"https:\/\/www.havohravo.com\/de\/wp-json\/wp\/v2\/media\/82683"}],"wp:attachment":[{"href":"https:\/\/www.havohravo.com\/de\/wp-json\/wp\/v2\/media?parent=82679"}],"wp:term":[{"taxonomy":"pwb-brand","embeddable":true,"href":"https:\/\/www.havohravo.com\/de\/wp-json\/wp\/v2\/pwb-brand?post=82679"},{"taxonomy":"product_cat","embeddable":true,"href":"https:\/\/www.havohravo.com\/de\/wp-json\/wp\/v2\/product_cat?post=82679"},{"taxonomy":"product_tag","embeddable":true,"href":"https:\/\/www.havohravo.com\/de\/wp-json\/wp\/v2\/product_tag?post=82679"}],"curies":[{"name":"wp","href":"https:\/\/api.w.org\/{rel}","templated":true}]}}