{"id":82693,"date":"2024-08-15T19:54:28","date_gmt":"2024-08-15T17:54:28","guid":{"rendered":"https:\/\/www.havohravo.com\/?post_type=product&#038;p=82693"},"modified":"2024-08-15T20:19:02","modified_gmt":"2024-08-15T18:19:02","slug":"b-a-r-f-sider-daily-copy","status":"publish","type":"product","link":"https:\/\/www.havohravo.com\/de\/produkt\/b-a-r-f-sider-daily-copy\/","title":{"rendered":"B.A.R.F. Sider Obst-Fusion"},"content":{"rendered":"<div class=\"wpb-content-wrapper\"><p>[vc_row][vc_column][vc_empty_space][\/vc_column][\/vc_row][vc_row][vc_column width=&#8220;1\/2&#8243;][vc_column_text css=&#8220;&#8220;]<\/p>\n<h3 class=\"pr_title mb10\">B.A.R.F. Sider Obst Fusion<\/h3>\n<p>Obst ist ein wesentlicher Bestandteil der Ern\u00e4hrung eines Hundes, wird aber oft vergessen. Mit der Obstbeilage hast du das Problem gel\u00f6st. Sorgf\u00e4ltig getrocknetes Obst liefert nat\u00fcrliche Vitamine und Mineralien und schmeckt zudem hervorragend.<br \/>\nEinfach mit Wasser aufgie\u00dfen. So sparst du viel Zeit bei der Zubereitung und hast gleichzeitig die Gewissheit, dass der Hund eine hochwertige und leicht verdauliche Beilage erh\u00e4lt.<\/p>\n<ul>\n<li>eine reichhaltige Beilage zu Fleisch<\/li>\n<li>schonend getrocknete Fr\u00fcchte f\u00fcr maximalen N\u00e4hrstoffgehalt<\/li>\n<li>einfach mit Wasser aufgie\u00dfen<\/li>\n<li>leicht verdaulich<\/li>\n<li>spart eine Menge Zeit<\/li>\n<\/ul>\n<p>[\/vc_column_text][vc_empty_space height=&#8220;24&#8243;][\/vc_column][vc_column width=&#8220;5\/12&#8243; offset=&#8220;vc_col-sm-offset-1&#8243;][vc_column_text css=&#8220;&#8220;]<\/p>\n<h3>Dosierung:<\/h3>\n<p>Gie\u00dfe Wasser in einem Verh\u00e4ltnis von 2:1. Verwende also 10 g der Mischung und 20 ml Wasser f\u00fcr 30 g des Pulvers.<br \/>\nDie Beilage sollte maximal 20 % des Futtervolumens ausmachen. F\u00fcr einen 10 kg schweren Hund maximal 40 g der fertigen Beilage.<\/p>\n<h3>Zusammensetzung:<\/h3>\n<p>Instant-Reisbrei, Mariendistel\u00f6l, getrocknete \u00c4pfel, getrocknete Bananen, getrocknete Erdbeeren, pflanzliche Fasermischung.<br \/>\nPro 100 g: 12,5% Eiwei\u00df, 18,3% Fett, 46% Kohlenhydrate, 21,2% Ballaststoffe.[\/vc_column_text][vc_empty_space height=&#8220;24&#8243;][\/vc_column][\/vc_row]<\/p>\n<\/div>","protected":false},"excerpt":{"rendered":"<p class=\"pr_title mb10\">Eine komplette Beilage zu BARF<\/p>\n","protected":false},"featured_media":82695,"template":"","meta":[],"pwb-brand":[2249],"product_cat":[2263],"product_tag":[],"class_list":{"0":"post-82693","1":"product","2":"type-product","3":"status-publish","4":"has-post-thumbnail","6":"pwb-brand-canislab-de","7":"product_cat-fuer-barf","9":"first","10":"instock","11":"taxable","12":"shipping-taxable","13":"purchasable","14":"product-type-simple"},"brands":[{"id":2249,"name":"canislab","slug":"canislab-de"}],"_links":{"self":[{"href":"https:\/\/www.havohravo.com\/de\/wp-json\/wp\/v2\/product\/82693","targetHints":{"allow":["GET"]}}],"collection":[{"href":"https:\/\/www.havohravo.com\/de\/wp-json\/wp\/v2\/product"}],"about":[{"href":"https:\/\/www.havohravo.com\/de\/wp-json\/wp\/v2\/types\/product"}],"wp:featuredmedia":[{"embeddable":true,"href":"https:\/\/www.havohravo.com\/de\/wp-json\/wp\/v2\/media\/82695"}],"wp:attachment":[{"href":"https:\/\/www.havohravo.com\/de\/wp-json\/wp\/v2\/media?parent=82693"}],"wp:term":[{"taxonomy":"pwb-brand","embeddable":true,"href":"https:\/\/www.havohravo.com\/de\/wp-json\/wp\/v2\/pwb-brand?post=82693"},{"taxonomy":"product_cat","embeddable":true,"href":"https:\/\/www.havohravo.com\/de\/wp-json\/wp\/v2\/product_cat?post=82693"},{"taxonomy":"product_tag","embeddable":true,"href":"https:\/\/www.havohravo.com\/de\/wp-json\/wp\/v2\/product_tag?post=82693"}],"curies":[{"name":"wp","href":"https:\/\/api.w.org\/{rel}","templated":true}]}}