{"id":82753,"date":"2024-08-19T12:09:38","date_gmt":"2024-08-19T10:09:38","guid":{"rendered":"https:\/\/www.havohravo.com\/?post_type=product&#038;p=82753"},"modified":"2024-08-19T12:23:17","modified_gmt":"2024-08-19T10:23:17","slug":"b-a-r-f-sider-prebiotic-copy","status":"publish","type":"product","link":"https:\/\/www.havohravo.com\/de\/produkt\/b-a-r-f-sider-prebiotic-copy\/","title":{"rendered":"Vegac"},"content":{"rendered":"<div class=\"wpb-content-wrapper\"><p>[vc_row][vc_column][vc_empty_space][\/vc_column][\/vc_row][vc_row][vc_column width=&#8220;1\/2&#8243;][vc_column_text css=&#8220;&#8220;]<\/p>\n<h3 class=\"pr_title mb10\">Vegac | Getrocknete Gem\u00fcsemischung f\u00fcr Hunde<\/h3>\n<p>Eine ausgewogene Erg\u00e4nzung zum Hundefutter. Ideal f\u00fcr BARF. Kein Hacken, Mixen, Sch\u00e4len und Reiben mehr. Sorgf\u00e4ltig ausgew\u00e4hlte Zutaten liefern leicht verdauliche N\u00e4hrstoffe und Vitamine. Kr\u00e4uter unterst\u00fctzen die Darmt\u00e4tigkeit. Alles ist bereits fertig, du brauchst nur noch hei\u00dfes Wasser hinzuf\u00fcgen.<\/p>\n<ul>\n<li>ausgewogenes Verh\u00e4ltnis von Gem\u00fcse, Kr\u00e4utern und \u00d6len<\/li>\n<li>leicht verdaulich<\/li>\n<li>unterst\u00fctzt die Darmt\u00e4tigkeit<\/li>\n<li>spart viel Zeit bei der Zubereitung<\/li>\n<li>100% nat\u00fcrliche Zusammensetzung<\/li>\n<\/ul>\n<p>[\/vc_column_text][vc_empty_space height=&#8220;24&#8243;][\/vc_column][vc_column width=&#8220;5\/12&#8243; offset=&#8220;vc_col-sm-offset-1&#8243;][vc_column_text css=&#8220;&#8220;]<\/p>\n<h3>Dosage:<\/h3>\n<p>Die Mischung sollte 20-30% der gesamten Futtermenge ausmachen.<\/p>\n<p>Bitte beachten Sie: Nach dem Aufgie\u00dfen von Wasser vergr\u00f6\u00dfert die Mischung ihr Volumen um das Dreifache. Wenn du also z.B. 300 g Beilagen zubereiten wollen, verwende 100 g der Mischung.<\/p>\n<p>Zubereitung: Gie\u00dfe die Mischung mit kochendem Wasser auf und decke es ab. Lass die Mischung 15 Minuten ziehen und gie\u00dfe das restliche Wasser nachher ab. Die Mischung wird das Wasser aufnehmen und weich werden. Die lauwarme Mischung zu dem Futter geben.<\/p>\n<h3>Zusammensetzung:<\/h3>\n<p>Getrocknete Rote Bete, getrocknete Karotten, getrocknete Pastiche, Hanfsamenausz\u00fcge, glutenfreie feine Haferflocken, Spinat, Brennnessel, Basilikum, Petersilie, Johannisbrot, kaltgepresstes Hanfsamen\u00f6l, Hanfsamen.<br \/>\nHergestellt in der Tschechischen Republik.[\/vc_column_text][vc_empty_space height=&#8220;24&#8243;][\/vc_column][\/vc_row]<\/p>\n<\/div>","protected":false},"excerpt":{"rendered":"<p class=\"pr_title mb10\">Getrocknete Gem\u00fcsemischung f\u00fcr Hunde<\/p>\n","protected":false},"featured_media":82757,"template":"","meta":[],"pwb-brand":[2249],"product_cat":[2263],"product_tag":[],"class_list":{"0":"post-82753","1":"product","2":"type-product","3":"status-publish","4":"has-post-thumbnail","6":"pwb-brand-canislab-de","7":"product_cat-fuer-barf","9":"first","10":"instock","11":"taxable","12":"shipping-taxable","13":"purchasable","14":"product-type-variable"},"brands":[{"id":2249,"name":"canislab","slug":"canislab-de"}],"_links":{"self":[{"href":"https:\/\/www.havohravo.com\/de\/wp-json\/wp\/v2\/product\/82753","targetHints":{"allow":["GET"]}}],"collection":[{"href":"https:\/\/www.havohravo.com\/de\/wp-json\/wp\/v2\/product"}],"about":[{"href":"https:\/\/www.havohravo.com\/de\/wp-json\/wp\/v2\/types\/product"}],"wp:featuredmedia":[{"embeddable":true,"href":"https:\/\/www.havohravo.com\/de\/wp-json\/wp\/v2\/media\/82757"}],"wp:attachment":[{"href":"https:\/\/www.havohravo.com\/de\/wp-json\/wp\/v2\/media?parent=82753"}],"wp:term":[{"taxonomy":"pwb-brand","embeddable":true,"href":"https:\/\/www.havohravo.com\/de\/wp-json\/wp\/v2\/pwb-brand?post=82753"},{"taxonomy":"product_cat","embeddable":true,"href":"https:\/\/www.havohravo.com\/de\/wp-json\/wp\/v2\/product_cat?post=82753"},{"taxonomy":"product_tag","embeddable":true,"href":"https:\/\/www.havohravo.com\/de\/wp-json\/wp\/v2\/product_tag?post=82753"}],"curies":[{"name":"wp","href":"https:\/\/api.w.org\/{rel}","templated":true}]}}