{"id":8321,"date":"2018-10-14T18:47:51","date_gmt":"2018-10-14T16:47:51","guid":{"rendered":"https:\/\/www.havohravo.com\/product\/leine-fur-bike-scooterjoring\/"},"modified":"2022-12-14T09:10:15","modified_gmt":"2022-12-14T08:10:15","slug":"leine-fur-bike-scooterjoring","status":"publish","type":"product","link":"https:\/\/www.havohravo.com\/de\/produkt\/leine-fur-bike-scooterjoring\/","title":{"rendered":"Leine f\u00fcr Bike\/Scooterj\u00d8ring"},"content":{"rendered":"<div class=\"wpb-content-wrapper\"><p>[vc_row][vc_column][vc_empty_space][\/vc_column][\/vc_row][vc_row][vc_column width=&#8220;2\/3&#8243; offset=&#8220;vc_col-sm-offset-2 vc_col-xs-12&#8243;][vc_column_text]<\/p>\n<h3>Leine f\u00fcr Bike\/Scooterj\u00d8ring<\/h3>\n<p>Die Leine mit integriertem Ruckd\u00e4mpfer entspricht den internationalen Wettkampfregel f\u00fcr Bike\/Scooterj\u00d8ring und hat eine L\u00e4nge von max. 2,5 m unter Zug.<\/p>\n<p>Die Leine besteht aus einem 16-fach hohlgeflochtene PE-Seil mit einem eingebauten Ruckd\u00e4mpfer.<\/p>\n<p>Verf\u00fcgbar in mehreren Farbvariantionen.<br \/>\nVerf\u00fcgbar in 3 verschiedenen St\u00e4rken:<\/p>\n<ul>\n<li>mit einem\u00a0<strong>schw\u00e4cheren<\/strong> R\u00fcckd\u00e4mpfer mit weniger Widerstand und kleinem Karabinerhaken. Ideal f\u00fcr kleine Hunde mit K\u00f6rpergewicht bis zum 13 kg. z.B. JRT, Shetland Sheepdog, etc. oder f\u00fcr gr\u00f6\u00dfere Hunde die nicht zum Ziehen \u201emotiviert\u201c sind.<\/li>\n<li>mit einem\u00a0<strong>mittleren<\/strong> R\u00fcckd\u00e4mpfer mit mehr Widerstand und mittelgro\u00dfem Karabinerhaken. Ideal f\u00fcr Hunde mit K\u00f6rpergewicht bis zum 21 kg. z.B. Border Collie oder f\u00fcr kleinere Rassen die sehr viel zum Ziehen \u201emotiviert\u201c sind.<\/li>\n<li>mit einem\u00a0<strong>starkem<\/strong> R\u00fcckd\u00e4mpfer mit sehr viel Widerstand und gro\u00dfem Karabinerhaken. Ideal f\u00fcr gro\u00dfe Hunde mit K\u00f6rpergewicht bis \u00fcber 21 kg. z.B. ESP, Mallinois, Alaskan Husky, etc.<\/li>\n<\/ul>\n<p>Leine ist hergestellt aus Polyetylen-Material (PE), weil es auch bei sehr niedrigen Temperaturen sehr stabil ist (bis zu -40\u00b0C). Leinen mit R\u00fcckd\u00e4mpfer aus Polypropylene (PP) neigen dazu, dass sie bei Temperaturen unter 0\u00b0C frieren, sind empfindlich auf Belastung und sind Bruchanf\u00e4llig.[\/vc_column_text][vc_empty_space height=&#8220;32&#8243;][\/vc_column][\/vc_row]<\/p>\n<\/div>","protected":false},"excerpt":{"rendered":"<p>Leine mit R\u00fcckd\u00e4mpfer geeignet f\u00fcr Bike\/Scooterj\u00d8ring.<\/p>\n","protected":false},"featured_media":12436,"template":"","meta":[],"pwb-brand":[],"product_cat":[1680,1681,16,879,30,860],"product_tag":[],"class_list":{"0":"post-8321","1":"product","2":"type-product","3":"status-publish","4":"has-post-thumbnail","6":"product_cat-bungee-leashes","7":"product_cat-mit-rueckdaempfer","8":"product_cat-dogwear","9":"product_cat-hundemode","10":"product_cat-leashes","11":"product_cat-leinen","13":"first","14":"instock","15":"taxable","16":"shipping-taxable","17":"purchasable","18":"product-type-variable"},"brands":[],"_links":{"self":[{"href":"https:\/\/www.havohravo.com\/de\/wp-json\/wp\/v2\/product\/8321","targetHints":{"allow":["GET"]}}],"collection":[{"href":"https:\/\/www.havohravo.com\/de\/wp-json\/wp\/v2\/product"}],"about":[{"href":"https:\/\/www.havohravo.com\/de\/wp-json\/wp\/v2\/types\/product"}],"wp:featuredmedia":[{"embeddable":true,"href":"https:\/\/www.havohravo.com\/de\/wp-json\/wp\/v2\/media\/12436"}],"wp:attachment":[{"href":"https:\/\/www.havohravo.com\/de\/wp-json\/wp\/v2\/media?parent=8321"}],"wp:term":[{"taxonomy":"pwb-brand","embeddable":true,"href":"https:\/\/www.havohravo.com\/de\/wp-json\/wp\/v2\/pwb-brand?post=8321"},{"taxonomy":"product_cat","embeddable":true,"href":"https:\/\/www.havohravo.com\/de\/wp-json\/wp\/v2\/product_cat?post=8321"},{"taxonomy":"product_tag","embeddable":true,"href":"https:\/\/www.havohravo.com\/de\/wp-json\/wp\/v2\/product_tag?post=8321"}],"curies":[{"name":"wp","href":"https:\/\/api.w.org\/{rel}","templated":true}]}}