{"id":83671,"date":"2024-09-17T23:09:06","date_gmt":"2024-09-17T21:09:06","guid":{"rendered":"https:\/\/www.havohravo.com\/?post_type=product&#038;p=83671"},"modified":"2026-03-26T11:48:02","modified_gmt":"2026-03-26T10:48:02","slug":"jumppa-pomppa-trail-copy","status":"publish","type":"product","link":"https:\/\/www.havohravo.com\/de\/produkt\/jumppa-pomppa-trail-copy\/","title":{"rendered":"Jumppa Pomppa Forest"},"content":{"rendered":"<div class=\"wpb-content-wrapper\"><p>[vc_row][vc_column][vc_empty_space][\/vc_column][\/vc_row][vc_row type=&#8220;boxed&#8220;][vc_column width=&#8220;1\/2&#8243;][vc_column_text css=&#8220;&#8220;]<\/p>\n<h3>Jumppa Pomppa<\/h3>\n<p>JumppaPomppa ist ein warmes und vielseitiges Fleeceshirt f\u00fcr den ganzj\u00e4hrigen Einsatz. Durch die hochflexiblen Materialien ist das Shirt leicht anzuziehen und angenehm zu tragen. JumppaPomppa kann einzeln als warmes Shirt oder als Midlayer unter einem Mantel verwendet werden. Dieses beliebte Hundeshirt wird h\u00e4ufig im Hundesport eingesetzt, wenn es darauf ankommt, die Muskeln des Hundes w\u00e4hrend Training und in Pausen warm zu halten.<\/p>\n<p>NEU! Die Saisonfarben Forest und Trail haben ein aktualisiertes Bauchteil, das die Passform des Shirts f\u00fcr R\u00fcden verbessert, ohne die Abdeckung zu beeintr\u00e4chtigen. Dar\u00fcber hinaus wurde die Fleece- und Trikotqualit\u00e4t aktualisiert.<br \/>\n[\/vc_column_text][vc_empty_space height=&#8220;24&#8243;][vc_column_text css=&#8220;&#8220;]<\/p>\n<h3>Charakteristik<\/h3>\n<p>\u2714 Das beliebteste Pomppa-Produkt aller Zeiten!<br \/>\n\u2714 Warmes und hochelastisches Fleece<br \/>\n\u2714 Thermotrikot mit einer weichen Innenseite<br \/>\n\u2714 Passform passt sich der Bewegung des Hundes an<br \/>\n\u2714 Sowohl f\u00fcr den t\u00e4glichen Spaziergang als auch f\u00fcr den Hundesport geeignet<br \/>\n\u2714 Keine Rei\u00dfverschl\u00fcsse, Riemen oder Schnallen.<br \/>\n[\/vc_column_text][vc_empty_space height=&#8220;24&#8243;][\/vc_column][vc_column width=&#8220;1\/2&#8243; offset=&#8220;vc_col-lg-offset-1 vc_col-lg-5 vc_col-sm-offset-0&#8243;][vc_single_image image=&#8220;83633&#8243; img_size=&#8220;full&#8220;][vc_empty_space height=&#8220;24&#8243;][vc_column_text css=&#8220;&#8220;]<\/p>\n<h3>Material<\/h3>\n<p>Oberteil: 100 % recyceltes Polyester (Forest, Trail, Lime und Aurora). 100 % Polyester (andere Farben).<br \/>\nUnterteil: 88 % recyceltes Polyester, 12 % Elastan (Forest, Trail, Lime und Aurora). 88 % Polyester, 12 % Elastan (andere Farben).<br \/>\nPassform: Slim<\/p>\n<h3>Pflegehinweise<\/h3>\n<p>Schonende Maschinenw\u00e4sche bei 30 \u00b0C (Rei\u00dfverschluss schlie\u00dfen)<br \/>\nKeinen Weichsp\u00fcler verwenden<br \/>\nNicht im Trockner trocknen<br \/>\nNicht b\u00fcgeln<br \/>\nNicht bleichen<br \/>\nMit \u00e4hnlichen Farben waschen<br \/>\nMit Feinwaschmittel waschen[\/vc_column_text][vc_empty_space height=&#8220;24&#8243;][\/vc_column][\/vc_row][vc_row equal_height=&#8220;yes&#8220; content_placement=&#8220;middle&#8220; css=&#8220;.vc_custom_1546260833978{padding-top: 40px !important;padding-bottom: 40px !important;}&#8220;][vc_column width=&#8220;1\/2&#8243;][vc_single_image image=&#8220;83637&#8243; img_size=&#8220;full&#8220;][\/vc_column][vc_column width=&#8220;1\/2&#8243;][vc_column_text css=&#8220;&#8220;]<\/p>\n<h3>Auswahl der richtigen Gr\u00f6\u00dfe<\/h3>\n<p>Die Pomppa-Gr\u00f6\u00dfen richten sich nach der R\u00fcckenl\u00e4nge des Hundes in Zentimetern. W\u00e4hle die richtige Gr\u00f6\u00dfe in erster Linie nach der R\u00fcckenl\u00e4nge deines Hundes. Hinweis: JumppaPomppa ist ein schmal geschnittenes Produkt. Wenn die Ma\u00dfe Ihres Hundes zwischen zwei Gr\u00f6\u00dfen liegen, empfehlen wir, die gr\u00f6\u00dfere Gr\u00f6\u00dfe zu w\u00e4hlen.<\/p>\n<p>Messe deinen Hund gem\u00e4\u00df den unten stehenden Anweisungen. Achte darauf, dass gen\u00fcgend Platz f\u00fcr das Fell des Hundes bleibt.<\/p>\n<p>R\u00dcCKEN: Die R\u00fcckenl\u00e4nge wird vom Hals des Hundes bis zum Rutenansatz gemessen. Beginne mit der Messung am Widerrist, d. h. an der Stelle, an der der Hals auf den R\u00fccken trifft (beziehe keinen Teil des Halses in die Messung ein).<br \/>\nHALS: Der Halsumfang wird an der breitesten Stelle des Halses, nahe der Brust, gemessen.<br \/>\nBRUST: Der Brustumfang wird an der breitesten Stelle der Brust gemessen.<br \/>\nTAILLE: Der Taillenumfang wird an der schmalsten Stelle des Bauches des Hundes gemessen.[\/vc_column_text][\/vc_column][\/vc_row][vc_row type=&#8220;boxed&#8220;][vc_column][vc_empty_space height=&#8220;64&#8243;][vc_video link=&#8220;https:\/\/youtu.be\/Ewo7P7lkb5Y&#8220; align=&#8220;center&#8220;][vc_empty_space][\/vc_column][\/vc_row]<\/p>\n<\/div>","protected":false},"excerpt":{"rendered":"<p>JumppaPomppa ist ein hochelastischer und vielseitiger Hundepullover. Die Kombination aus weichem Fleece und wasserabweisendem Thermotrikot ist f\u00fcr den ganzj\u00e4hrigen Einsatz geeignet.<\/p>\n","protected":false},"featured_media":83631,"template":"","meta":[],"pwb-brand":[386],"product_cat":[2165,879,881],"product_tag":[1228],"class_list":{"0":"post-83671","1":"product","2":"type-product","3":"status-publish","4":"has-post-thumbnail","6":"pwb-brand-pomppa-de","7":"product_cat-basiclayer-de","8":"product_cat-hundemode","9":"product_cat-mantel-und-jacken","10":"product_tag-ausverkauf","12":"first","13":"instock","14":"sale","15":"featured","16":"taxable","17":"shipping-taxable","18":"purchasable","19":"product-type-variable"},"brands":[{"id":386,"name":"Pomppa","slug":"pomppa-de"}],"_links":{"self":[{"href":"https:\/\/www.havohravo.com\/de\/wp-json\/wp\/v2\/product\/83671","targetHints":{"allow":["GET"]}}],"collection":[{"href":"https:\/\/www.havohravo.com\/de\/wp-json\/wp\/v2\/product"}],"about":[{"href":"https:\/\/www.havohravo.com\/de\/wp-json\/wp\/v2\/types\/product"}],"wp:featuredmedia":[{"embeddable":true,"href":"https:\/\/www.havohravo.com\/de\/wp-json\/wp\/v2\/media\/83631"}],"wp:attachment":[{"href":"https:\/\/www.havohravo.com\/de\/wp-json\/wp\/v2\/media?parent=83671"}],"wp:term":[{"taxonomy":"pwb-brand","embeddable":true,"href":"https:\/\/www.havohravo.com\/de\/wp-json\/wp\/v2\/pwb-brand?post=83671"},{"taxonomy":"product_cat","embeddable":true,"href":"https:\/\/www.havohravo.com\/de\/wp-json\/wp\/v2\/product_cat?post=83671"},{"taxonomy":"product_tag","embeddable":true,"href":"https:\/\/www.havohravo.com\/de\/wp-json\/wp\/v2\/product_tag?post=83671"}],"curies":[{"name":"wp","href":"https:\/\/api.w.org\/{rel}","templated":true}]}}