{"id":84078,"date":"2024-10-09T12:48:55","date_gmt":"2024-10-09T10:48:55","guid":{"rendered":"https:\/\/www.havohravo.com\/?post_type=product&#038;p=84078"},"modified":"2026-03-24T20:30:19","modified_gmt":"2026-03-24T19:30:19","slug":"toppa-pomppa-forest-mit-brustgeschirroffnung-copy","status":"publish","type":"product","link":"https:\/\/www.havohravo.com\/de\/produkt\/toppa-pomppa-forest-mit-brustgeschirroffnung-copy\/","title":{"rendered":"Toppa Pomppa Trail mit Brustgeschirr\u00f6ffnung"},"content":{"rendered":"<div class=\"wpb-content-wrapper\"><p>[vc_row][vc_column][vc_empty_space][\/vc_column][\/vc_row][vc_row type=&#8220;boxed&#8220;][vc_column width=&#8220;1\/2&#8243;][vc_column_text css=&#8220;&#8220;]<\/p>\n<h3>Toppa Pomppa<\/h3>\n<p>ToppaPomppa ist ein dicker und gro\u00dfz\u00fcgig bemessener Wintermantel f\u00fcr eisige Wetterbedingungen. Das strapazierf\u00e4hige Au\u00dfenmaterial, das Teddyfutter und die Isolierung eignen sich am besten f\u00fcr mittelwinterliches Wetter. ToppaPomppa ist der perfekte Wintermantel f\u00fcr k\u00e4lteempfindliche Hunde, w\u00e4hrend wir Hunden mit dickem Fell empfehlen, ihn f\u00fcr ruhigere Spazierg\u00e4nge oder f\u00fcr die Auszeiten beim Hundesport zu verwenden, wenn es wichtig ist, die gro\u00dfen Muskelgruppen warm zu halten.<br \/>\n[\/vc_column_text][vc_empty_space height=&#8220;24&#8243;][vc_column_text css=&#8220;&#8220;]<\/p>\n<h3>Charakteristik<\/h3>\n<p>NEU: Die Saisonfarben Trail und Forest haben jetzt eine funktionelle Geschirr\u00f6ffnung und abnehmbare und verstellbare Beingurte! Auch der G\u00fcrtel und die Schnalle wurden \u00fcberarbeitet.<\/p>\n<p>\u2714 Au\u00dfergew\u00f6hnlich warmer Wintermantel<br \/>\n\u2714 Strapazierf\u00e4higes Au\u00dfenmaterial<br \/>\n\u2714 Weiches und dickes Teddyfutter, das das Fell nicht verheddert<br \/>\n\u2714 Isolierung innen f\u00fcr zus\u00e4tzliche W\u00e4rme<br \/>\n\u2714 Voller Schutz ohne Einschr\u00e4nkung der Bewegungsfreiheit<br \/>\n\u2714 Das schlichte Design ist f\u00fcr viele Hundetypen geeignet<br \/>\n\u2714 Schnelles und einfaches An- und Ausziehen<br \/>\n\u2714 Gr\u00f6\u00dfere Gr\u00f6\u00dfen im Vergleich zu anderen Pomppa-M\u00e4nteln<br \/>\n[\/vc_column_text][vc_empty_space height=&#8220;24&#8243;][\/vc_column][vc_column width=&#8220;1\/2&#8243; offset=&#8220;vc_col-lg-offset-1 vc_col-lg-5 vc_col-sm-offset-0&#8243;][vc_single_image image=&#8220;83934&#8243; img_size=&#8220;full&#8220;][vc_empty_space height=&#8220;24&#8243;][vc_column_text css=&#8220;&#8220;]<\/p>\n<h3>Material<\/h3>\n<ul>\n<li>Obermaterial: 100 % Polyester \/ 100 % recyceltes Polyester<\/li>\n<li>Wassers\u00e4ule des Au\u00dfenmaterials: 5 000 mm<\/li>\n<li>Au\u00dfenmaterial ist wasserabweisend behandelt<\/li>\n<li>Isolierung: 100 % recyceltes Polyester*<\/li>\n<li>Futter: 100 % Polyacryl<\/li>\n<li>Passform: Locker<\/li>\n<li><\/li>\n<\/ul>\n<h3>Pflege<\/h3>\n<ul>\n<li>Schonende Maschinenw\u00e4sche 30 C<\/li>\n<li>Schnalle vor dem Waschen schlie\u00dfen<\/li>\n<li>Keinen Weichsp\u00fcler verwenden<\/li>\n<li>Nicht im Trockner trocknen<\/li>\n<li>Nicht b\u00fcgeln<\/li>\n<li>Nicht bleichen<\/li>\n<li>Mit \u00e4hnlichen Farben waschen<\/li>\n<li>Mit Feinwaschmittel waschen<\/li>\n<li>Reagieren Sie nach jeder W\u00e4sche auf die wasserabweisende Wirkung des Mantels.<\/li>\n<li>Nach ein paar W\u00e4schen die DWR mit Impr\u00e4gnierspray wiederherstellen<\/li>\n<\/ul>\n<p>[\/vc_column_text][vc_empty_space height=&#8220;24&#8243;][\/vc_column][\/vc_row][vc_row equal_height=&#8220;yes&#8220; content_placement=&#8220;middle&#8220; css=&#8220;.vc_custom_1546260833978{padding-top: 40px !important;padding-bottom: 40px !important;}&#8220;][vc_column width=&#8220;1\/2&#8243;][vc_single_image image=&#8220;83942&#8243; img_size=&#8220;full&#8220; alignment=&#8220;center&#8220;][\/vc_column][vc_column width=&#8220;1\/2&#8243;][vc_column_text css=&#8220;&#8220;]<\/p>\n<h3>Richtige Gr\u00f6\u00dfe bestimmen<\/h3>\n<p>Die Pomppa-Gr\u00f6\u00dfen basieren auf der R\u00fcckenl\u00e4nge des Hundes in Zentimetern. W\u00e4hle die richtige Gr\u00f6\u00dfe in erster Linie nach der R\u00fcckenl\u00e4nge deines Hundes. Bitte beachte, dass ToppaPomppa im Vergleich zu anderen Pomppa-M\u00e4nteln eine lockerere Passform hat. Wenn die Ma\u00dfe deines Hundes zwischen zwei Gr\u00f6\u00dfen liegen, empfehlen wir, die kleinere Gr\u00f6\u00dfe zu w\u00e4hlen.<\/p>\n<p>Messe deinen Hund gem\u00e4\u00df den unten stehenden Anweisungen. Achte darauf, dass du Platz f\u00fcr das Fell deines Hundes l\u00e4sst. Bitte beachte, dass aufgrund des dicken Teddyfutters die Taillenweite des Mantels etwas gr\u00f6\u00dfer sein sollte als der Taillenumfang des Hundes, damit der Mantel bequem am Hund sitzt. Je nach den Proportionen des Hundes kann es sein, dass der G\u00fcrtel nicht an der schmalsten Stelle des Bauches des Hundes sitzt.<\/p>\n<ol>\n<li>R\u00dcCKEN: Die R\u00fcckenl\u00e4nge wird vom Hals des Hundes bis zum Rutenansatz gemessen. Beginnen Sie die Messung am Widerrist, d. h. an der Stelle, an der der Hals auf den R\u00fccken trifft.<\/li>\n<li>HALS: Der Halsumfang wird an der dicksten Stelle des Halses, nahe der Brust, gemessen.<\/li>\n<li>BRUST: Der Brustumfang wird an der breitesten Stelle der Brust gemessen.<\/li>\n<li>TAILLE: Der Taillenumfang wird an der schmalsten Stelle des Bauches des Hundes gemessen.<\/li>\n<\/ol>\n<p>[\/vc_column_text][\/vc_column][\/vc_row][vc_row type=&#8220;boxed&#8220;][vc_column][vc_empty_space height=&#8220;64&#8243;][vc_video link=&#8220;https:\/\/youtu.be\/4Nl3LGrPpFg&#8220; align=&#8220;center&#8220;][vc_empty_space][\/vc_column][\/vc_row]<\/p>\n<\/div>","protected":false},"excerpt":{"rendered":"<p style=\"font-weight: 400;\">ToppaPomppa ist ein au\u00dfergew\u00f6hnlich warmer Wintermantel. Das wasserdichte Au\u00dfenmaterial, das warme Teddyfutter und die Isolierung halten den Hund auch bei arktischen Wetterbedingungen warm und komfortabel.<\/p>\n","protected":false},"featured_media":83938,"template":"","meta":[],"pwb-brand":[386],"product_cat":[2167,879,881],"product_tag":[1228],"class_list":{"0":"post-84078","1":"product","2":"type-product","3":"status-publish","4":"has-post-thumbnail","6":"pwb-brand-pomppa-de","7":"product_cat-wintermantel","8":"product_cat-hundemode","9":"product_cat-mantel-und-jacken","10":"product_tag-ausverkauf","12":"first","13":"instock","14":"sale","15":"taxable","16":"shipping-taxable","17":"purchasable","18":"product-type-variable"},"brands":[{"id":386,"name":"Pomppa","slug":"pomppa-de"}],"_links":{"self":[{"href":"https:\/\/www.havohravo.com\/de\/wp-json\/wp\/v2\/product\/84078","targetHints":{"allow":["GET"]}}],"collection":[{"href":"https:\/\/www.havohravo.com\/de\/wp-json\/wp\/v2\/product"}],"about":[{"href":"https:\/\/www.havohravo.com\/de\/wp-json\/wp\/v2\/types\/product"}],"wp:featuredmedia":[{"embeddable":true,"href":"https:\/\/www.havohravo.com\/de\/wp-json\/wp\/v2\/media\/83938"}],"wp:attachment":[{"href":"https:\/\/www.havohravo.com\/de\/wp-json\/wp\/v2\/media?parent=84078"}],"wp:term":[{"taxonomy":"pwb-brand","embeddable":true,"href":"https:\/\/www.havohravo.com\/de\/wp-json\/wp\/v2\/pwb-brand?post=84078"},{"taxonomy":"product_cat","embeddable":true,"href":"https:\/\/www.havohravo.com\/de\/wp-json\/wp\/v2\/product_cat?post=84078"},{"taxonomy":"product_tag","embeddable":true,"href":"https:\/\/www.havohravo.com\/de\/wp-json\/wp\/v2\/product_tag?post=84078"}],"curies":[{"name":"wp","href":"https:\/\/api.w.org\/{rel}","templated":true}]}}