{"id":84154,"date":"2024-10-10T14:50:34","date_gmt":"2024-10-10T12:50:34","guid":{"rendered":"https:\/\/www.havohravo.com\/?post_type=product&#038;p=84154"},"modified":"2024-10-31T09:37:42","modified_gmt":"2024-10-31T08:37:42","slug":"eule-copy-4","status":"publish","type":"product","link":"https:\/\/www.havohravo.com\/de\/produkt\/eule-copy-4\/","title":{"rendered":"Magische Eule"},"content":{"rendered":"<div class=\"wpb-content-wrapper\"><p>[vc_row][vc_column][vc_empty_space][\/vc_column][\/vc_row][vc_row][vc_column width=&#8220;2\/3&#8243; offset=&#8220;vc_col-sm-offset-2 vc_col-xs-12&#8243;][vc_column_text css=&#8220;&#8220;]<\/p>\n<h3>Magische Eule<\/h3>\n<p>Mit einem Fl\u00fcgelschlag verwandelt diese magische Eule jeden Tag in etwas Magisches. Das 100 Jahre alte Federvieh gibt geheimnisvolle Laute aus ihrem tiefsten Inneren von sich. Jeder Hund wei\u00df, dass dieses Geheimnis erforscht werden muss. Die magischen F\u00e4higkeiten der Eule werden am h\u00e4ufigsten beim gemeinsamen Spielen entdeckt, und gelegentlich kann man sie auch schweben sehen (vor allem beim Apportieren oder beim \u00dcben von Zaubertricks auf dem Trainingsplatz). Die magische Eule ist magisch weich und strapazierf\u00e4hig. In der Werkstatt hinter der neun Fl\u00fcsse und sieben Berge wurde sie von den Schneiderinnen bei Kerzenlicht von Hand gen\u00e4ht.<\/p>\n<p>Enth\u00e4lt 1 Quietsche.<\/p>\n<p>Dieses Spielzeug ist f\u00fcr das aktive Spiel zwischen dem Hundef\u00fchrer und seinem Hund gedacht. Lasse den Hund nicht unbeaufsichtigt mit dem Spielzeug. Nimm das Spielzeug weg, wenn es besch\u00e4digt ist. Nicht f\u00fcr Kinder geeignet.<\/p>\n<h4>Gr\u00f6\u00dfe:<\/h4>\n<p>H\u00f6he ca 22 cm<\/p>\n<p>Breite ca 10\u201312 cm + Fl\u00fcgel ca 12 cm<\/p>\n<h4>Material<\/h4>\n<p>100 % Polyester[\/vc_column_text][vc_empty_space height=&#8220;32&#8243;][\/vc_column][\/vc_row]<\/p>\n<\/div>","protected":false},"excerpt":{"rendered":"<p>100 Jahre alte magische Eule<\/p>\n","protected":false},"featured_media":84143,"template":"","meta":[],"pwb-brand":[1009],"product_cat":[1178,866],"product_tag":[2187,1179],"class_list":{"0":"post-84154","1":"product","2":"type-product","3":"status-publish","4":"has-post-thumbnail","6":"pwb-brand-piskacipotvurky","7":"product_cat-pluschtierchen","8":"product_cat-hundespielzeug","9":"product_tag-halloween-de","10":"product_tag-quitschi","12":"first","13":"instock","14":"featured","15":"taxable","16":"shipping-taxable","17":"purchasable","18":"product-type-simple"},"brands":[{"id":1009,"name":"Piskaci Potvurky","slug":"piskacipotvurky"}],"_links":{"self":[{"href":"https:\/\/www.havohravo.com\/de\/wp-json\/wp\/v2\/product\/84154","targetHints":{"allow":["GET"]}}],"collection":[{"href":"https:\/\/www.havohravo.com\/de\/wp-json\/wp\/v2\/product"}],"about":[{"href":"https:\/\/www.havohravo.com\/de\/wp-json\/wp\/v2\/types\/product"}],"wp:featuredmedia":[{"embeddable":true,"href":"https:\/\/www.havohravo.com\/de\/wp-json\/wp\/v2\/media\/84143"}],"wp:attachment":[{"href":"https:\/\/www.havohravo.com\/de\/wp-json\/wp\/v2\/media?parent=84154"}],"wp:term":[{"taxonomy":"pwb-brand","embeddable":true,"href":"https:\/\/www.havohravo.com\/de\/wp-json\/wp\/v2\/pwb-brand?post=84154"},{"taxonomy":"product_cat","embeddable":true,"href":"https:\/\/www.havohravo.com\/de\/wp-json\/wp\/v2\/product_cat?post=84154"},{"taxonomy":"product_tag","embeddable":true,"href":"https:\/\/www.havohravo.com\/de\/wp-json\/wp\/v2\/product_tag?post=84154"}],"curies":[{"name":"wp","href":"https:\/\/api.w.org\/{rel}","templated":true}]}}