{"id":84185,"date":"2024-10-10T15:17:26","date_gmt":"2024-10-10T13:17:26","guid":{"rendered":"https:\/\/www.havohravo.com\/?post_type=product&#038;p=84185"},"modified":"2024-10-31T09:36:49","modified_gmt":"2024-10-31T08:36:49","slug":"fledermaus-copy","status":"publish","type":"product","link":"https:\/\/www.havohravo.com\/de\/produkt\/fledermaus-copy\/","title":{"rendered":"Vampirmaus"},"content":{"rendered":"<div class=\"wpb-content-wrapper\"><p>[vc_row][vc_column][vc_empty_space][\/vc_column][\/vc_row][vc_row][vc_column width=&#8220;2\/3&#8243; offset=&#8220;vc_col-sm-offset-2 vc_col-xs-12&#8243;][vc_column_text css=&#8220;&#8220;]<\/p>\n<h3>Vampirmaus<\/h3>\n<p>In einer weit entfernten Werkstatt, in dunkelster Nacht, schl\u00fcpfte ein Fledermaus-Vampir. Seine Fl\u00fcgel sind aus Albtr\u00e4umen (und hochwertigem Pl\u00fcsch) gewebt, seine Krallen glitzern im Widerschein des Mondes, es ist mit magischem (technischem) Garn gen\u00e4ht. Es fliegt in der D\u00e4mmerung und w\u00e4hrend der Spielzeit (vor allem beim Apportieren).<\/p>\n<p>Die blutr\u00fcnstige Fledermaus erregt die Aufmerksamkeit deines Hundes, du brauchst sie einfach zu dr\u00fccken. Schreckliche Quietschger\u00e4usche str\u00f6men aus ihrem tiefsten Inneren und verwandeln jeden Couch-Hund in einen spielfreudigen Baskerville.<\/p>\n<p>Enth\u00e4lt 1 Quietsche.<\/p>\n<p>Dieses Spielzeug ist f\u00fcr das aktive Spiel zwischen dem Hundef\u00fchrer und seinem Hund gedacht. Lasse den Hund nicht unbeaufsichtigt mit dem Spielzeug. Nimm das Spielzeug weg, wenn es besch\u00e4digt ist. Nicht f\u00fcr Kinder geeignet.<\/p>\n<h4>Gr\u00f6\u00dfe:<\/h4>\n<p>Small:<br \/>\nK\u00f6rper: L\u00e4nge ca 9 cm, Breite ca 19 cm<br \/>\nSchwanz: L\u00e4nge 15 cm<\/p>\n<p>Medium:<br \/>\nK\u00f6rper: L\u00e4nge ca 13 cm, Breite ca 25 cm<br \/>\nSchwanz: L\u00e4nge ca 23 cm<\/p>\n<p>Large:<br \/>\nK\u00f6rper: L\u00e4nge 21 cm, Breite ca 36 cm<br \/>\nSchwanz: L\u00e4nge 34 cm<\/p>\n<h4>Material<\/h4>\n<p>100 % Polyester[\/vc_column_text][vc_empty_space height=&#8220;32&#8243;][\/vc_column][\/vc_row]<\/p>\n<\/div>","protected":false},"excerpt":{"rendered":"<p>Blutr\u00fcnstige Fledermaus, die deinen Hund in eine spielfreudigen Baskerville verwandelt<\/p>\n","protected":false},"featured_media":84205,"template":"","meta":[],"pwb-brand":[1009],"product_cat":[1178,866],"product_tag":[2187,1179],"class_list":{"0":"post-84185","1":"product","2":"type-product","3":"status-publish","4":"has-post-thumbnail","6":"pwb-brand-piskacipotvurky","7":"product_cat-pluschtierchen","8":"product_cat-hundespielzeug","9":"product_tag-halloween-de","10":"product_tag-quitschi","12":"first","13":"instock","14":"taxable","15":"shipping-taxable","16":"purchasable","17":"product-type-variable"},"brands":[{"id":1009,"name":"Piskaci Potvurky","slug":"piskacipotvurky"}],"_links":{"self":[{"href":"https:\/\/www.havohravo.com\/de\/wp-json\/wp\/v2\/product\/84185","targetHints":{"allow":["GET"]}}],"collection":[{"href":"https:\/\/www.havohravo.com\/de\/wp-json\/wp\/v2\/product"}],"about":[{"href":"https:\/\/www.havohravo.com\/de\/wp-json\/wp\/v2\/types\/product"}],"wp:featuredmedia":[{"embeddable":true,"href":"https:\/\/www.havohravo.com\/de\/wp-json\/wp\/v2\/media\/84205"}],"wp:attachment":[{"href":"https:\/\/www.havohravo.com\/de\/wp-json\/wp\/v2\/media?parent=84185"}],"wp:term":[{"taxonomy":"pwb-brand","embeddable":true,"href":"https:\/\/www.havohravo.com\/de\/wp-json\/wp\/v2\/pwb-brand?post=84185"},{"taxonomy":"product_cat","embeddable":true,"href":"https:\/\/www.havohravo.com\/de\/wp-json\/wp\/v2\/product_cat?post=84185"},{"taxonomy":"product_tag","embeddable":true,"href":"https:\/\/www.havohravo.com\/de\/wp-json\/wp\/v2\/product_tag?post=84185"}],"curies":[{"name":"wp","href":"https:\/\/api.w.org\/{rel}","templated":true}]}}