{"id":84207,"date":"2024-10-10T15:50:54","date_gmt":"2024-10-10T13:50:54","guid":{"rendered":"https:\/\/www.havohravo.com\/?post_type=product&#038;p=84207"},"modified":"2024-10-31T09:36:33","modified_gmt":"2024-10-31T08:36:33","slug":"magische-eule-copy","status":"publish","type":"product","link":"https:\/\/www.havohravo.com\/de\/produkt\/magische-eule-copy\/","title":{"rendered":"Friendhofgeist"},"content":{"rendered":"<div class=\"wpb-content-wrapper\"><p>[vc_row][vc_column][vc_empty_space][\/vc_column][\/vc_row][vc_row][vc_column width=&#8220;2\/3&#8243; offset=&#8220;vc_col-sm-offset-2 vc_col-xs-12&#8243;][vc_column_text css=&#8220;&#8220;]<\/p>\n<h3>Friedhofgeist<\/h3>\n<p>Der Geist ist eine neue Erg\u00e4nzung zu den Halloween-Hundespielzeugen und bringt einen Hauch von dunklem Humor direkt aus dem Reich der Toten! Dieser gruselige Begleiter ist perfekt f\u00fcr deinen Hund, der sich nicht scheut, ein wenig mit dem \u00dcbernat\u00fcrlichen zu spielen.<\/p>\n<p>Der Legende nach ist das Gespenst der Geist eines alten Totengr\u00e4bers, der sein ganzes Leben zwischen den Grabsteinen verbracht hat und nun beschlie\u00dft, nach dem Tod ein wenig Spa\u00df zu haben. Wenn die Nacht hereinbricht und der Mond den Friedhof beleuchtet, erwacht unser Geist zum Leben und wird zum besten Freund deines Hundes. Denn wer h\u00e4tte nicht gerne einen Freund, der wei\u00df, wo alle Knochen vergraben sind?<\/p>\n<p>Der alte Mann war bekannt f\u00fcr seinen trockenen Humor und seine Liebe zu Hunden, die ihm auf seinen n\u00e4chtlichen Runden Gesellschaft leisteten. Jetzt, als Geist, bringt er diese Liebe zu deinem vierbeinigen Freund, ob es nun Halloween ist oder nicht. Und wenn dein Hund an einer leeren Stelle zu bellen beginnt, mach dir keine Sorgen &#8211; er spielt nur mit einem neuen Freund.<\/p>\n<p>Wenn du also auf der Suche nach einem langlebigen Spielzeug bist, das ein L\u00e4cheln auf die Lippen zaubert (und ein bisschen gruselig ist), ist der Geist die richtige Wahl. Mach dich bereit f\u00fcr einen Tag voller Spa\u00df, Bellen und gruseligem Lachen!<\/p>\n<p>Enth\u00e4lt 1 Quietsche.<\/p>\n<p>Dieses Spielzeuh ist f\u00fcr das aktive Spiel zwischen dem Hundef\u00fchrer und seinem Hund gedacht. Lasse den Hund nicht unbeaufsichtigt mit dem Spielzeug. Nimm das Spielzeug weg, wenn es besch\u00e4digt ist. Nicht f\u00fcr Kinder geeignet.<\/p>\n<h4>Gr\u00f6\u00dfe:<\/h4>\n<p>H\u00f6he ca 34 cm<\/p>\n<p>Griff ca 20 cm<\/p>\n<h4>Material<\/h4>\n<p>100 % Polyester[\/vc_column_text][vc_empty_space height=&#8220;32&#8243;][\/vc_column][\/vc_row]<\/p>\n<\/div>","protected":false},"excerpt":{"rendered":"<p>Geist- der neue imagin\u00e4re Freund deines Hundes<\/p>\n","protected":false},"featured_media":84145,"template":"","meta":[],"pwb-brand":[1009],"product_cat":[1178,866],"product_tag":[2187,1179],"class_list":{"0":"post-84207","1":"product","2":"type-product","3":"status-publish","4":"has-post-thumbnail","6":"pwb-brand-piskacipotvurky","7":"product_cat-pluschtierchen","8":"product_cat-hundespielzeug","9":"product_tag-halloween-de","10":"product_tag-quitschi","12":"first","13":"instock","14":"featured","15":"taxable","16":"shipping-taxable","17":"purchasable","18":"product-type-simple"},"brands":[{"id":1009,"name":"Piskaci Potvurky","slug":"piskacipotvurky"}],"_links":{"self":[{"href":"https:\/\/www.havohravo.com\/de\/wp-json\/wp\/v2\/product\/84207","targetHints":{"allow":["GET"]}}],"collection":[{"href":"https:\/\/www.havohravo.com\/de\/wp-json\/wp\/v2\/product"}],"about":[{"href":"https:\/\/www.havohravo.com\/de\/wp-json\/wp\/v2\/types\/product"}],"wp:featuredmedia":[{"embeddable":true,"href":"https:\/\/www.havohravo.com\/de\/wp-json\/wp\/v2\/media\/84145"}],"wp:attachment":[{"href":"https:\/\/www.havohravo.com\/de\/wp-json\/wp\/v2\/media?parent=84207"}],"wp:term":[{"taxonomy":"pwb-brand","embeddable":true,"href":"https:\/\/www.havohravo.com\/de\/wp-json\/wp\/v2\/pwb-brand?post=84207"},{"taxonomy":"product_cat","embeddable":true,"href":"https:\/\/www.havohravo.com\/de\/wp-json\/wp\/v2\/product_cat?post=84207"},{"taxonomy":"product_tag","embeddable":true,"href":"https:\/\/www.havohravo.com\/de\/wp-json\/wp\/v2\/product_tag?post=84207"}],"curies":[{"name":"wp","href":"https:\/\/api.w.org\/{rel}","templated":true}]}}