{"id":8435,"date":"2018-10-14T18:47:20","date_gmt":"2018-10-14T16:47:20","guid":{"rendered":"https:\/\/www.havohravo.com\/product\/tuggy-anemone-ring\/"},"modified":"2022-03-28T21:47:51","modified_gmt":"2022-03-28T19:47:51","slug":"tuggy-anemone-ring","status":"publish","type":"product","link":"https:\/\/www.havohravo.com\/de\/produkt\/tuggy-anemone-ring\/","title":{"rendered":"Tuggy Anemone Ring"},"content":{"rendered":"<div class=\"wpb-content-wrapper\"><p>[vc_row][vc_column][vc_empty_space][\/vc_column][\/vc_row][vc_row][vc_column width=&#8220;2\/3&#8243; offset=&#8220;vc_col-sm-offset-2 vc_col-xs-12&#8243;][vc_column_text]<\/p>\n<h3>Tuggy Anemone Ring<\/h3>\n<p>Zerspielzeug f\u00fcr Hunde, die kuscheliges Spielzeug lieben!<br \/>\nIntegrierter R\u00fcckd\u00e4mpfer schont die Wirbels\u00e4ule vom Hund als auch Mensch beim abrupten Zug. Der Teil zum \u201eReinbeissen\u201c besteht aus Chenille-Stoff.<\/p>\n<p>Das Spielzeug dient zum aktiven Spiel zwischen dem Hundef\u00fchrer und dem Hund. Lassen sie den Hund nicht unbeaufsichtig damit spielen.<\/p>\n<p>Dieses Produkt kann man in Waschmaschine auf 30\u00b0C waschen.<\/p>\n<p>Das Produktbild dient nur zu den Illustrationszwecken. Farben vom Griff werden durch Zufall kombiniert. Falls du dir eine bestimmte Farbkombination w\u00fcnschen solltest, notiere es bitte bei Bestellungsprozess.[\/vc_column_text][vc_empty_space height=&#8220;32&#8243;][\/vc_column][\/vc_row]<\/p>\n<\/div>","protected":false},"excerpt":{"rendered":"<p>Zerspielzeug f\u00fcr Hunde, die kuscheliges Spielzeug lieben!<\/p>\n","protected":false},"featured_media":14303,"template":"","meta":[],"pwb-brand":[374],"product_cat":[866,870],"product_tag":[917],"class_list":{"0":"post-8435","1":"product","2":"type-product","3":"status-publish","4":"has-post-thumbnail","6":"pwb-brand-havohravo-de","7":"product_cat-hundespielzeug","8":"product_cat-spielzeug-mit-tuggy-griff","9":"product_tag-anemone-de","11":"first","12":"instock","13":"taxable","14":"shipping-taxable","15":"purchasable","16":"product-type-variable"},"brands":[{"id":374,"name":"havohravo","slug":"havohravo-de"}],"_links":{"self":[{"href":"https:\/\/www.havohravo.com\/de\/wp-json\/wp\/v2\/product\/8435","targetHints":{"allow":["GET"]}}],"collection":[{"href":"https:\/\/www.havohravo.com\/de\/wp-json\/wp\/v2\/product"}],"about":[{"href":"https:\/\/www.havohravo.com\/de\/wp-json\/wp\/v2\/types\/product"}],"wp:featuredmedia":[{"embeddable":true,"href":"https:\/\/www.havohravo.com\/de\/wp-json\/wp\/v2\/media\/14303"}],"wp:attachment":[{"href":"https:\/\/www.havohravo.com\/de\/wp-json\/wp\/v2\/media?parent=8435"}],"wp:term":[{"taxonomy":"pwb-brand","embeddable":true,"href":"https:\/\/www.havohravo.com\/de\/wp-json\/wp\/v2\/pwb-brand?post=8435"},{"taxonomy":"product_cat","embeddable":true,"href":"https:\/\/www.havohravo.com\/de\/wp-json\/wp\/v2\/product_cat?post=8435"},{"taxonomy":"product_tag","embeddable":true,"href":"https:\/\/www.havohravo.com\/de\/wp-json\/wp\/v2\/product_tag?post=8435"}],"curies":[{"name":"wp","href":"https:\/\/api.w.org\/{rel}","templated":true}]}}