{"id":84355,"date":"2024-10-22T18:10:28","date_gmt":"2024-10-22T16:10:28","guid":{"rendered":"https:\/\/www.havohravo.com\/?post_type=product&#038;p=84355"},"modified":"2024-10-22T18:18:30","modified_gmt":"2024-10-22T16:18:30","slug":"apfel-blaubeeren-kaustangen","status":"publish","type":"product","link":"https:\/\/www.havohravo.com\/de\/produkt\/apfel-blaubeeren-kaustangen\/","title":{"rendered":"Apfel &#038; Blaubeeren Kaustangen"},"content":{"rendered":"<div class=\"wpb-content-wrapper\"><p>[vc_row][vc_column][vc_empty_space][\/vc_column][\/vc_row][vc_row][vc_column][vc_column_text css=&#8220;&#8220;]<\/p>\n<h3>Kaustangen Apfel &amp; Blaubeere<\/h3>\n<div class=\"wpb_text_column wpb_content_element\">\n<div class=\"wpb_wrapper\">\n<p>Soopa Kauknochen sind hypoallergene, getreidefreie Leckerbissen f\u00fcr Hunde, die gerne kauen. Sie werden aus nat\u00fcrlichen Zutaten in Humanqualit\u00e4t hergestellt und helfen, die Z\u00e4hne sauber zu halten und den Atem des Hundes zu verbessern. Diese Kauknochen sind reich an Vitaminen und Mineralien und f\u00f6rdern die Gesundheit deines Hundes.<span class=\"Apple-converted-space\">\u00a0<\/span><\/p>\n<\/div>\n<\/div>\n<p>[\/vc_column_text][vc_empty_space height=&#8220;24&#8243;][vc_column_text css=&#8220;&#8220;]<\/p>\n<h4>Zutaten:<\/h4>\n<p>Kartoffelvollkornmehl, pflanzliches Glycerin (ohne Palm\u00f6l), Tapiokast\u00e4rke, Kichererbsenmehl, Zellulosefasern, Hefeprodukte, Bio-Kokos\u00f6l 2,5%, Apfelpulver 1,5%, Heidelbeerpulver 1%.<\/p>\n<h4>Werte pro 100g:<\/h4>\n<p>5,79% Rohprotein<span class=\"Apple-converted-space\"><br \/>\n<\/span>3,08% Rohfett<br \/>\n1,6% Rohfasern<span class=\"Apple-converted-space\"><br \/>\n<\/span>1,07% Asche<br \/>\n11,4% Feuchtigkeit<span class=\"Apple-converted-space\">\u00a0<\/span><br \/>\n[\/vc_column_text][\/vc_column][\/vc_row]<\/p>\n<\/div>","protected":false},"excerpt":{"rendered":"<p>Leckere &#038; gesunde Kaustangen<\/p>\n","protected":false},"featured_media":84296,"template":"","meta":[],"pwb-brand":[1931],"product_cat":[1933,1953],"product_tag":[],"class_list":{"0":"post-84355","1":"product","2":"type-product","3":"status-publish","4":"has-post-thumbnail","6":"pwb-brand-soopa-de","7":"product_cat-futter","8":"product_cat-kaustangen","10":"first","11":"instock","12":"taxable","13":"shipping-taxable","14":"purchasable","15":"product-type-simple"},"brands":[{"id":1931,"name":"Soopa","slug":"soopa-de"}],"_links":{"self":[{"href":"https:\/\/www.havohravo.com\/de\/wp-json\/wp\/v2\/product\/84355","targetHints":{"allow":["GET"]}}],"collection":[{"href":"https:\/\/www.havohravo.com\/de\/wp-json\/wp\/v2\/product"}],"about":[{"href":"https:\/\/www.havohravo.com\/de\/wp-json\/wp\/v2\/types\/product"}],"wp:featuredmedia":[{"embeddable":true,"href":"https:\/\/www.havohravo.com\/de\/wp-json\/wp\/v2\/media\/84296"}],"wp:attachment":[{"href":"https:\/\/www.havohravo.com\/de\/wp-json\/wp\/v2\/media?parent=84355"}],"wp:term":[{"taxonomy":"pwb-brand","embeddable":true,"href":"https:\/\/www.havohravo.com\/de\/wp-json\/wp\/v2\/pwb-brand?post=84355"},{"taxonomy":"product_cat","embeddable":true,"href":"https:\/\/www.havohravo.com\/de\/wp-json\/wp\/v2\/product_cat?post=84355"},{"taxonomy":"product_tag","embeddable":true,"href":"https:\/\/www.havohravo.com\/de\/wp-json\/wp\/v2\/product_tag?post=84355"}],"curies":[{"name":"wp","href":"https:\/\/api.w.org\/{rel}","templated":true}]}}