{"id":84363,"date":"2024-10-22T18:29:20","date_gmt":"2024-10-22T16:29:20","guid":{"rendered":"https:\/\/www.havohravo.com\/?post_type=product&#038;p=84363"},"modified":"2024-10-22T18:48:30","modified_gmt":"2024-10-22T16:48:30","slug":"banane-kuerbis-kaustangen-fuer-mini-hunde","status":"publish","type":"product","link":"https:\/\/www.havohravo.com\/de\/produkt\/banane-kuerbis-kaustangen-fuer-mini-hunde\/","title":{"rendered":"Banane &#038; K\u00fcrbis Kaustangen f\u00fcr Mini Hunde"},"content":{"rendered":"<div class=\"wpb-content-wrapper\"><p>[vc_row][vc_column][vc_empty_space][\/vc_column][\/vc_row][vc_row][vc_column][vc_column_text css=&#8220;&#8220;]<\/p>\n<h3 class=\"title\" data-default-text=\"Banana &amp; Pumpkin Dental Sticks for Mini Dogs\">Banane &amp; K\u00fcrnis Kaustangen f\u00fcr Mini Hunde<\/h3>\n<p>Soopa Kauknochen sind hypoallergene, getreidefreie Leckerbissen f\u00fcr Hunde, die gerne kauen. Sie werden aus nat\u00fcrlichen Zutaten in Humanqualit\u00e4t hergestellt und helfen, die Z\u00e4hne sauber zu halten und den Atem des Hundes zu verbessern. Diese Kauknochen sind reich an Vitaminen und Mineralien und f\u00f6rdern die Gesundheit deines Hundes.<span class=\"Apple-converted-space\">\u00a0<\/span>[\/vc_column_text][vc_empty_space height=&#8220;24&#8243;][vc_column_text css=&#8220;&#8220;]<\/p>\n<h4>Zutaten:<\/h4>\n<p>Kichererbsenmehl, pflanzliches Glycerin (ohne Palm\u00f6l), Tapiokast\u00e4rke, Kartoffelvollkornmehl, Cellulosefaser, Bio-Bananenpulver 3,8%, Hefeprodukte, Bio-Kokos\u00f6l 2,38%, Raps\u00f6l, K\u00fcrbisfleischmehl 0,95%, Apfelmelasse.<\/p>\n<h4>Werte pro 100g:<\/h4>\n<p>6,91% Rohprotein<span class=\"Apple-converted-space\"><br \/>\n<\/span>5,61% Rohfett<br \/>\n1,8% Rohfasern<span class=\"Apple-converted-space\"><br \/>\n<\/span>1,86% Asche<br \/>\n11,4% Feuchtigkeit<span class=\"Apple-converted-space\">\u00a0<\/span><br \/>\n[\/vc_column_text][\/vc_column][\/vc_row]<\/p>\n<\/div>","protected":false},"excerpt":{"rendered":"<p>Leckere &#038; gesunde Kaustangen<\/p>\n","protected":false},"featured_media":84310,"template":"","meta":[],"pwb-brand":[1931],"product_cat":[1933,1953],"product_tag":[],"class_list":{"0":"post-84363","1":"product","2":"type-product","3":"status-publish","4":"has-post-thumbnail","6":"pwb-brand-soopa-de","7":"product_cat-futter","8":"product_cat-kaustangen","10":"first","11":"instock","12":"taxable","13":"shipping-taxable","14":"purchasable","15":"product-type-simple"},"brands":[{"id":1931,"name":"Soopa","slug":"soopa-de"}],"_links":{"self":[{"href":"https:\/\/www.havohravo.com\/de\/wp-json\/wp\/v2\/product\/84363","targetHints":{"allow":["GET"]}}],"collection":[{"href":"https:\/\/www.havohravo.com\/de\/wp-json\/wp\/v2\/product"}],"about":[{"href":"https:\/\/www.havohravo.com\/de\/wp-json\/wp\/v2\/types\/product"}],"wp:featuredmedia":[{"embeddable":true,"href":"https:\/\/www.havohravo.com\/de\/wp-json\/wp\/v2\/media\/84310"}],"wp:attachment":[{"href":"https:\/\/www.havohravo.com\/de\/wp-json\/wp\/v2\/media?parent=84363"}],"wp:term":[{"taxonomy":"pwb-brand","embeddable":true,"href":"https:\/\/www.havohravo.com\/de\/wp-json\/wp\/v2\/pwb-brand?post=84363"},{"taxonomy":"product_cat","embeddable":true,"href":"https:\/\/www.havohravo.com\/de\/wp-json\/wp\/v2\/product_cat?post=84363"},{"taxonomy":"product_tag","embeddable":true,"href":"https:\/\/www.havohravo.com\/de\/wp-json\/wp\/v2\/product_tag?post=84363"}],"curies":[{"name":"wp","href":"https:\/\/api.w.org\/{rel}","templated":true}]}}