{"id":84396,"date":"2024-10-22T19:09:48","date_gmt":"2024-10-22T17:09:48","guid":{"rendered":"https:\/\/www.havohravo.com\/?post_type=product&#038;p=84396"},"modified":"2024-10-22T19:16:40","modified_gmt":"2024-10-22T17:16:40","slug":"apfel-blaubeere-hundedrops","status":"publish","type":"product","link":"https:\/\/www.havohravo.com\/de\/produkt\/apfel-blaubeere-hundedrops\/","title":{"rendered":"Apfel &#038; Blaubeere Hundedrops"},"content":{"rendered":"<div class=\"wpb-content-wrapper\"><p>[vc_row][vc_column][vc_empty_space][\/vc_column][\/vc_row][vc_row][vc_column width=&#8220;1\/2&#8243;][vc_column_text css=&#8220;&#8220;]<\/p>\n<h3>Apfel &amp; Blaubeere Hundedrops<\/h3>\n<p>Soopa Hundedrops sind getreidefrei, hypoallergen und aus nat\u00fcrlichen Superfood-Zutaten in Humanqualit\u00e4t hergestellt. Diese kleinen, mundgerechten St\u00fccke eignen sich hervorragend f\u00fcrs Training. Sie werden in einem praktischen, taschenfreundlichen Kissenbeutel geliefert, damit du sie immer dabei haben kannst!<span class=\"Apple-converted-space\">\u00a0<\/span>[\/vc_column_text][vc_empty_space height=&#8220;24&#8243;][\/vc_column][vc_column width=&#8220;1\/2&#8243;][vc_column_text css=&#8220;&#8220;]<\/p>\n<h4>Zutaten:<\/h4>\n<p>Kartoffelvollkornmehl, pflanzliches Glycerin (ohne Palm\u00f6l), Tapiokast\u00e4rke, Kichererbsenmehl, Zellulosefasern, Hefeprodukte, Bio-Kokos\u00f6l 2,5%, Apfelpulver 1,5%, Heidelbeerpulver 1%.<\/p>\n<h4>Werte pro 100g:<\/h4>\n<p>5,79% Rohprotein<span class=\"Apple-converted-space\"><br \/>\n<\/span>3,08% Rohfett<br \/>\n1.6% Rohfasern<span class=\"Apple-converted-space\"><br \/>\n<\/span>1,07% Asche<br \/>\n11,4% Feuchtigkeit<span class=\"Apple-converted-space\">\u00a0<\/span><br \/>\n[\/vc_column_text][\/vc_column][\/vc_row]<\/p>\n<\/div>","protected":false},"excerpt":{"rendered":"<p>Leckere &#038; gesunde Leckerlis f\u00fcr \u00e4ltere Hunde<\/p>\n","protected":false},"featured_media":84370,"template":"","meta":[],"pwb-brand":[1931],"product_cat":[1933,1954],"product_tag":[],"class_list":{"0":"post-84396","1":"product","2":"type-product","3":"status-publish","4":"has-post-thumbnail","6":"pwb-brand-soopa-de","7":"product_cat-futter","8":"product_cat-leckerlis","10":"first","11":"instock","12":"taxable","13":"shipping-taxable","14":"purchasable","15":"product-type-simple"},"brands":[{"id":1931,"name":"Soopa","slug":"soopa-de"}],"_links":{"self":[{"href":"https:\/\/www.havohravo.com\/de\/wp-json\/wp\/v2\/product\/84396","targetHints":{"allow":["GET"]}}],"collection":[{"href":"https:\/\/www.havohravo.com\/de\/wp-json\/wp\/v2\/product"}],"about":[{"href":"https:\/\/www.havohravo.com\/de\/wp-json\/wp\/v2\/types\/product"}],"wp:featuredmedia":[{"embeddable":true,"href":"https:\/\/www.havohravo.com\/de\/wp-json\/wp\/v2\/media\/84370"}],"wp:attachment":[{"href":"https:\/\/www.havohravo.com\/de\/wp-json\/wp\/v2\/media?parent=84396"}],"wp:term":[{"taxonomy":"pwb-brand","embeddable":true,"href":"https:\/\/www.havohravo.com\/de\/wp-json\/wp\/v2\/pwb-brand?post=84396"},{"taxonomy":"product_cat","embeddable":true,"href":"https:\/\/www.havohravo.com\/de\/wp-json\/wp\/v2\/product_cat?post=84396"},{"taxonomy":"product_tag","embeddable":true,"href":"https:\/\/www.havohravo.com\/de\/wp-json\/wp\/v2\/product_tag?post=84396"}],"curies":[{"name":"wp","href":"https:\/\/api.w.org\/{rel}","templated":true}]}}