{"id":84500,"date":"2024-10-31T10:33:21","date_gmt":"2024-10-31T09:33:21","guid":{"rendered":"https:\/\/www.havohravo.com\/?post_type=product&#038;p=84500"},"modified":"2026-02-27T07:39:21","modified_gmt":"2026-02-27T06:39:21","slug":"bungeezergel-mit-schaffell-m-copy-3","status":"publish","type":"product","link":"https:\/\/www.havohravo.com\/de\/produkt\/bungeezergel-mit-schaffell-m-copy-3\/","title":{"rendered":"Mini Fluff Ball"},"content":{"rendered":"<div class=\"wpb-content-wrapper\"><p>[vc_row][vc_column][vc_empty_space][\/vc_column][\/vc_row][vc_row][vc_column width=&#8220;2\/3&#8243; offset=&#8220;vc_col-sm-offset-2 vc_col-xs-12&#8243;][vc_column_text css=&#8220;&#8220;]<\/p>\n<h3>Mini Fluffball<\/h3>\n<p>Fluffi ist ein Ball aus echtem langhaarigem Schaffell mit einem eingen\u00e4hten Band aus Expander (Gummi). Der Flausch ist ca. 9 cm \u00d8 und das Band 13 cm mit einem kleinen Knoten am Ende. Die Farben variieren zwischen beige, wei\u00df, schwarz oder grau.<\/p>\n<p>Du kannst es allein verwenden oder in XS oder S Hol-ee-Roller stopfen.<\/p>\n<p>Dieses Produkt ist NICHT waschmaschinenfest. In kaltem Wasser waschen und an der Luft trocknen lassen.[\/vc_column_text][vc_empty_space height=&#8220;32&#8243;][\/vc_column][\/vc_row]<\/p>\n<\/div>","protected":false},"excerpt":{"rendered":"<p>Zerspielzeug f\u00fcr Hunde, die kuscheliges Spielzeug lieben!<\/p>\n","protected":false},"featured_media":84502,"template":"","meta":[],"pwb-brand":[1009],"product_cat":[1693,866],"product_tag":[],"class_list":{"0":"post-84500","1":"product","2":"type-product","3":"status-publish","4":"has-post-thumbnail","6":"pwb-brand-piskacipotvurky","7":"product_cat-fellspielzeug","8":"product_cat-hundespielzeug","10":"first","11":"instock","12":"taxable","13":"shipping-taxable","14":"purchasable","15":"product-type-simple"},"brands":[{"id":1009,"name":"Piskaci Potvurky","slug":"piskacipotvurky"}],"_links":{"self":[{"href":"https:\/\/www.havohravo.com\/de\/wp-json\/wp\/v2\/product\/84500","targetHints":{"allow":["GET"]}}],"collection":[{"href":"https:\/\/www.havohravo.com\/de\/wp-json\/wp\/v2\/product"}],"about":[{"href":"https:\/\/www.havohravo.com\/de\/wp-json\/wp\/v2\/types\/product"}],"wp:featuredmedia":[{"embeddable":true,"href":"https:\/\/www.havohravo.com\/de\/wp-json\/wp\/v2\/media\/84502"}],"wp:attachment":[{"href":"https:\/\/www.havohravo.com\/de\/wp-json\/wp\/v2\/media?parent=84500"}],"wp:term":[{"taxonomy":"pwb-brand","embeddable":true,"href":"https:\/\/www.havohravo.com\/de\/wp-json\/wp\/v2\/pwb-brand?post=84500"},{"taxonomy":"product_cat","embeddable":true,"href":"https:\/\/www.havohravo.com\/de\/wp-json\/wp\/v2\/product_cat?post=84500"},{"taxonomy":"product_tag","embeddable":true,"href":"https:\/\/www.havohravo.com\/de\/wp-json\/wp\/v2\/product_tag?post=84500"}],"curies":[{"name":"wp","href":"https:\/\/api.w.org\/{rel}","templated":true}]}}