{"id":84540,"date":"2024-11-05T11:32:58","date_gmt":"2024-11-05T10:32:58","guid":{"rendered":"https:\/\/www.havohravo.com\/?post_type=product&#038;p=84540"},"modified":"2025-11-28T20:00:55","modified_gmt":"2025-11-28T19:00:55","slug":"zerodc-brustgeschirr-short-pink-dream-copy-2","status":"publish","type":"product","link":"https:\/\/www.havohravo.com\/de\/produkt\/zerodc-brustgeschirr-short-pink-dream-copy-2\/","title":{"rendered":"ZeroDC Brustgeschirr Short Neon Burst"},"content":{"rendered":"<div class=\"wpb-content-wrapper\"><p>[vc_row][vc_column][vc_column_text]<\/p>\n<div class=\"wpb_text_column wpb_content_element\">\n<div class=\"wpb_wrapper\">\n<div class=\"wpb_text_column wpb_content_element \">\n<div class=\"wpb_wrapper\">\n<h3>Charakteristik<\/h3>\n<table>\n<tbody>\n<tr>\n<td width=\"301\"><strong>Brustgeschirrtyp:<\/strong><\/td>\n<td width=\"301\">Y-Form, kurzes Brustgeschirr<\/td>\n<\/tr>\n<tr>\n<td width=\"301\"><strong>Hundef\u00fchrigkeit:<\/strong><\/td>\n<td width=\"301\">schlechte Kontrolle \u00fcber dem Hund, falls du eine schnelle Korrektur brauchst<\/td>\n<\/tr>\n<tr>\n<td width=\"301\"><strong>Geeignet f\u00fcr Zugsport:<\/strong><\/td>\n<td width=\"301\">Ja (f\u00fcr Hunde, die mittelm\u00e4\u00dfig stark ziehen)<\/td>\n<\/tr>\n<tr>\n<td width=\"301\"><strong>Verstellbarer Halsumfang:<\/strong><\/td>\n<td width=\"301\">Nein<\/td>\n<\/tr>\n<tr>\n<td width=\"301\"><strong>Ausgestattet mit Griff:<\/strong><\/td>\n<td width=\"301\">Nein<\/td>\n<\/tr>\n<tr>\n<td width=\"301\"><strong>Geeignete Anwendung:<\/strong><\/td>\n<td width=\"301\">Alltag, Mantrailing, Wandern, Canicross, Bikej\u00f6ring<\/td>\n<\/tr>\n<\/tbody>\n<\/table>\n<\/div>\n<\/div>\n<\/div>\n<\/div>\n<p>[\/vc_column_text][vc_empty_space height=&#8220;24px&#8220;][\/vc_column][\/vc_row][vc_row][vc_column width=&#8220;1\/2&#8243;][vc_column_text]<\/p>\n<h3>ZeroDC Brustgeschirr Short<\/h3>\n<p>SHORT ist ein universales Brustgeschirr f\u00fcr den t\u00e4glichen Gebrauch als auch f\u00fcr Zugarbeit. Es ist bequem, reibt nicht an der Haut des Hundes und ist sehr einfach anzuziehen.<\/p>\n<p>Dieses Brustgeschirr eignet sich am besten f\u00fcr Hunde, die die meiste Zeit vor dir laufen. Bei Hunden, die lieber neben oder hinter dir spazieren, kann es seitlich verrutschen und nach oben umklappen. Das Handling des Hundes in Situationen wie Jagdtrieb oder beim Hundebegegnungen kann im Vergleich zu <a href=\"https:\/\/www.havohravo.com\/de\/produkt\/brustgeschirr-line-5-0\/\" target=\"_blank\" rel=\"noopener\">Line 5.0 Harness<\/a> oder <a href=\"https:\/\/www.havohravo.com\/de\/produkt\/zerodc-easy-peasy-brustgeschirr\/\" target=\"_blank\" rel=\"noopener\">Easy Peasy Harness<\/a> etwas schwieriger sein.<\/p>\n<p>Zur besseren Sichtbarkeit ist das Geschirr auf beiden Seiten mit reflektierenden Elementen ausgestattet. Die Leine kann am Metallring auf dem R\u00fccken befestigt werden.<\/p>\n<p>Es besteht aus schnell trocknenden Materialien, was besonders im Sommer von Vorteil ist. Du kannst die untere Brustpartie in Wasser eintauchen und deinen Hund damit w\u00e4hrend der Wanderung k\u00fchlen.<\/p>\n<p>Verwendetes Material 100% Polyester. Maschinenwaschbar bis zu 40 \u00b0 C, nicht im Trockner trocknen.[\/vc_column_text][vc_empty_space height=&#8220;24&#8243;][\/vc_column][vc_column width=&#8220;5\/12&#8243; offset=&#8220;vc_col-sm-offset-1&#8243;][vc_single_image image=&#8220;70710&#8243; img_size=&#8220;full&#8220;][vc_empty_space height=&#8220;24&#8243;][\/vc_column][\/vc_row][vc_row][vc_column][vc_column_text]<\/p>\n<h3>Auswahl der richtigen Gr\u00f6\u00dfe<\/h3>\n<h4>Den Hund richtig abmessen<\/h4>\n<p>Hals (B):<br \/>\nMesse mittig um den Teil des Halses herum (finde die Oberkante des Brustbeins vorne und beginne etwa 2 Finger oberhalb dieses Punktes entlang der Schulterbl\u00e4tter um den Hals herum zu messen, bis du zum Ausgangspunkt zur\u00fcckkommst).<\/p>\n<p>Brustkorb (C):<br \/>\nMesse Umfang an der breitesten Stelle der Brust.<\/p>\n<p>R\u00fccken (A):<br \/>\nWenn der Hund gerade steht, fahre mit der Hand entlang der Linie gleich hinter den Vorderbeinen nach oben zum R\u00fcckgrat und finde den Punkt, an dem sich die Schulterbl\u00e4tter treffen. Dies ist der Anfangspunkt. Messe von hier aus entlang des R\u00fcckens bis zum Rutenansatz (im Zweifelsfall messe dreimal und nimm den Durchschnittwert).<br \/>\n[\/vc_column_text][vc_empty_space height=&#8220;24&#8243;][vc_single_image image=&#8220;53998&#8243; img_size=&#8220;full&#8220; alignment=&#8220;center&#8220;][vc_empty_space height=&#8220;24&#8243;][vc_column_text]<\/p>\n<table>\n<tbody>\n<tr>\n<td>GR\u00d6SSE<\/td>\n<td>HALSUMFANG (B)<\/td>\n<td>BRUSTUMFANG (C)<\/td>\n<td>R\u00dcCKENL\u00c4NGE (A)<\/td>\n<\/tr>\n<tr>\n<td>MINI I<\/td>\n<td>20 \u2013 24 cm<\/td>\n<td>35 \u2013 45 cm<\/td>\n<td>20 \u2013 25 cm<\/td>\n<\/tr>\n<tr>\n<td>MINI I-L<\/td>\n<td>20 \u2013 24 cm<\/td>\n<td>40 \u2013 55 cm<\/td>\n<td>26 \u2013 30 cm<\/td>\n<\/tr>\n<tr>\n<td>MINI II<\/td>\n<td>24 \u2013 27 cm<\/td>\n<td>40 \u2013 55 cm<\/td>\n<td>26 \u2013 30 cm<\/td>\n<\/tr>\n<tr>\n<td>MINI II-L<\/td>\n<td>24 \u2013 27 cm<\/td>\n<td>45 \u2013 60 cm<\/td>\n<td>31 \u2013 36 cm<\/td>\n<\/tr>\n<tr>\n<td>SX<\/td>\n<td>27 \u2013 30 cm<\/td>\n<td>45 \u2013 60 cm<\/td>\n<td>31 \u2013 36 cm<\/td>\n<\/tr>\n<tr>\n<td>SX-L<\/td>\n<td>27 \u2013 30 cm<\/td>\n<td>50 \u2013 65\u00a0cm<\/td>\n<td>37 \u2013 43 cm<\/td>\n<\/tr>\n<tr>\n<td>SL<\/td>\n<td>30 \u2013 35 cm<\/td>\n<td>50 \u2013 65 cm<\/td>\n<td>37 \u2013 43 cm<\/td>\n<\/tr>\n<tr>\n<td>SB<\/td>\n<td>30 \u2013 35\u00a0cm<\/td>\n<td>55 \u2013 75 cm<\/td>\n<td>40 \u2013 48 cm<\/td>\n<\/tr>\n<tr>\n<td>SB-L<\/td>\n<td>30 \u2013 35\u00a0cm<\/td>\n<td>55 \u2013 75 cm<\/td>\n<td>44 \u2013 53 cm<\/td>\n<\/tr>\n<tr>\n<td>S<\/td>\n<td>35 \u2013 40 cm<\/td>\n<td>55 \u2013 75 cm<\/td>\n<td>44 \u2013 53 cm<\/td>\n<\/tr>\n<tr>\n<td>S-L<\/td>\n<td>35 \u2013 40 cm<\/td>\n<td>65 \u2013 80 cm<\/td>\n<td>53 \u2013 60 cm<\/td>\n<\/tr>\n<tr>\n<td>S\/M<\/td>\n<td>40 \u2013 44 cm<\/td>\n<td>65 \u2013 80 cm<\/td>\n<td>53 \u2013 60 cm<\/td>\n<\/tr>\n<tr>\n<td>M<\/td>\n<td>45 \u2013 50 cm<\/td>\n<td>68 \u2013 90 cm<\/td>\n<td>60 \u2013 68 cm<\/td>\n<\/tr>\n<tr>\n<td>L<\/td>\n<td>50 \u2013 55 cm<\/td>\n<td>75 \u2013 95 cm<\/td>\n<td>65 \u2013 72 cm<\/td>\n<\/tr>\n<tr>\n<td>XL<\/td>\n<td>54 \u2013 58 cm<\/td>\n<td>85 \u2013 105 cm<\/td>\n<td>65 \u2013 75 cm<\/td>\n<\/tr>\n<tr>\n<td>XXL<\/td>\n<td>55 \u2013 60 cm<\/td>\n<td>90 \u2013 120 cm<\/td>\n<td>75 \u2013 80 cm<\/td>\n<\/tr>\n<tr>\n<td>XXXL<\/td>\n<td>60 \u2013 65 cm<\/td>\n<td>95 \u2013 125 cm<\/td>\n<td>80 \u2013 90 cm<\/td>\n<\/tr>\n<\/tbody>\n<\/table>\n<p>[\/vc_column_text][vc_empty_space height=&#8220;24&#8243;][\/vc_column][\/vc_row]<\/p>\n<\/div>","protected":false},"excerpt":{"rendered":"<p>SHORT ist ein multifunktionelles Brustgeschirr perfekt f\u00fcr Spazierg\u00e4nge als auch Zugsport.<\/p>\n","protected":false},"featured_media":84561,"template":"","meta":[],"pwb-brand":[1162],"product_cat":[1675,879,883],"product_tag":[],"class_list":{"0":"post-84540","1":"product","2":"type-product","3":"status-publish","4":"has-post-thumbnail","6":"pwb-brand-zerodc-de","7":"product_cat-kurze-brustgeschirre","8":"product_cat-hundemode","9":"product_cat-brustgeschirre","11":"first","12":"instock","13":"taxable","14":"shipping-taxable","15":"purchasable","16":"product-type-variable"},"brands":[{"id":1162,"name":"ZeroDC","slug":"zerodc-de"}],"_links":{"self":[{"href":"https:\/\/www.havohravo.com\/de\/wp-json\/wp\/v2\/product\/84540","targetHints":{"allow":["GET"]}}],"collection":[{"href":"https:\/\/www.havohravo.com\/de\/wp-json\/wp\/v2\/product"}],"about":[{"href":"https:\/\/www.havohravo.com\/de\/wp-json\/wp\/v2\/types\/product"}],"wp:featuredmedia":[{"embeddable":true,"href":"https:\/\/www.havohravo.com\/de\/wp-json\/wp\/v2\/media\/84561"}],"wp:attachment":[{"href":"https:\/\/www.havohravo.com\/de\/wp-json\/wp\/v2\/media?parent=84540"}],"wp:term":[{"taxonomy":"pwb-brand","embeddable":true,"href":"https:\/\/www.havohravo.com\/de\/wp-json\/wp\/v2\/pwb-brand?post=84540"},{"taxonomy":"product_cat","embeddable":true,"href":"https:\/\/www.havohravo.com\/de\/wp-json\/wp\/v2\/product_cat?post=84540"},{"taxonomy":"product_tag","embeddable":true,"href":"https:\/\/www.havohravo.com\/de\/wp-json\/wp\/v2\/product_tag?post=84540"}],"curies":[{"name":"wp","href":"https:\/\/api.w.org\/{rel}","templated":true}]}}