{"id":84843,"date":"2024-11-06T21:30:53","date_gmt":"2024-11-06T20:30:53","guid":{"rendered":"https:\/\/www.havohravo.com\/?post_type=product&#038;p=84843"},"modified":"2024-11-19T17:28:23","modified_gmt":"2024-11-19T16:28:23","slug":"leine-move-copy","status":"publish","type":"product","link":"https:\/\/www.havohravo.com\/de\/produkt\/leine-move-copy\/","title":{"rendered":"Trail Quest Leine Rachel Pohl Edition"},"content":{"rendered":"<div class=\"wpb-content-wrapper\"><p>[vc_row][vc_column][vc_empty_space][\/vc_column][\/vc_row][vc_row][vc_column][vc_column_text css=&#8220;&#8220;]<\/p>\n<h3>Trail Quest Leine<\/h3>\n<p>Die Trail Quest Leine Rachel Pohl Edition verbindet dich, deinen Hund und die Natur mit ihrem optimistischen Design. Sie zeigt ein Berg- und geometrisches Muster vom Griff bis zum Karabiner.<\/p>\n<p>Sie ist in zwei Farben erh\u00e4ltlich: Rosa und Lila spiegeln das magische Alpengl\u00fchen norwegischer Winter wider und fangen das Licht verschneiter Sonnenauf- und -unterg\u00e4nge ein. Teal, Blau und Rost spiegeln die W\u00e4rme des Sommers wider, mit leuchtenden Himmeln, \u00fcppigen Bergen und t\u00fcrkisfarbenen Seen.<\/p>\n<p>Diese Hundeleine ist in den Gr\u00f6\u00dfen 15 mm\/2 m erh\u00e4ltlich.[\/vc_column_text][vc_empty_space height=&#8220;24&#8243;][\/vc_column][\/vc_row]<\/p>\n<\/div>","protected":false},"excerpt":{"rendered":"<p>Eine bequeme Hundeleine, die die Sch\u00f6nheit der nordischen Landschaften mit den k\u00fcnstlerischen Augen von Rachel Pohl zeigt.<\/p>\n","protected":false},"featured_media":84862,"template":"","meta":[],"pwb-brand":[378],"product_cat":[1684,879,860],"product_tag":[],"class_list":{"0":"post-84843","1":"product","2":"type-product","3":"status-publish","4":"has-post-thumbnail","6":"pwb-brand-non-stop-dogwear-de","7":"product_cat-fuehrleinen","8":"product_cat-hundemode","9":"product_cat-leinen","11":"first","12":"outofstock","13":"taxable","14":"shipping-taxable","15":"purchasable","16":"product-type-variable"},"brands":[{"id":378,"name":"Non-Stop Dogwear","slug":"non-stop-dogwear-de"}],"_links":{"self":[{"href":"https:\/\/www.havohravo.com\/de\/wp-json\/wp\/v2\/product\/84843","targetHints":{"allow":["GET"]}}],"collection":[{"href":"https:\/\/www.havohravo.com\/de\/wp-json\/wp\/v2\/product"}],"about":[{"href":"https:\/\/www.havohravo.com\/de\/wp-json\/wp\/v2\/types\/product"}],"wp:featuredmedia":[{"embeddable":true,"href":"https:\/\/www.havohravo.com\/de\/wp-json\/wp\/v2\/media\/84862"}],"wp:attachment":[{"href":"https:\/\/www.havohravo.com\/de\/wp-json\/wp\/v2\/media?parent=84843"}],"wp:term":[{"taxonomy":"pwb-brand","embeddable":true,"href":"https:\/\/www.havohravo.com\/de\/wp-json\/wp\/v2\/pwb-brand?post=84843"},{"taxonomy":"product_cat","embeddable":true,"href":"https:\/\/www.havohravo.com\/de\/wp-json\/wp\/v2\/product_cat?post=84843"},{"taxonomy":"product_tag","embeddable":true,"href":"https:\/\/www.havohravo.com\/de\/wp-json\/wp\/v2\/product_tag?post=84843"}],"curies":[{"name":"wp","href":"https:\/\/api.w.org\/{rel}","templated":true}]}}