{"id":84871,"date":"2024-11-06T21:38:41","date_gmt":"2024-11-06T20:38:41","guid":{"rendered":"https:\/\/www.havohravo.com\/?post_type=product&#038;p=84871"},"modified":"2025-12-18T03:26:23","modified_gmt":"2025-12-18T02:26:23","slug":"trail-quest-leine-rachel-pohl-edition-copy","status":"publish","type":"product","link":"https:\/\/www.havohravo.com\/de\/produkt\/trail-quest-leine-rachel-pohl-edition-copy\/","title":{"rendered":"Trail Quest Fanny Tasche Rachel Pohl Edition"},"content":{"rendered":"<div class=\"wpb-content-wrapper\"><p>[vc_row][vc_column][vc_empty_space][\/vc_column][\/vc_row][vc_row][vc_column][vc_column_text css=&#8220;&#8220;]<\/p>\n<h3>Trail Quest Fanny Tasche<\/h3>\n<p>Die Trail Quest G\u00fcrteltasche wurde entwickelt, um deine wichtigsten Utensilien bei Spazierg\u00e4ngen und Stadtausfl\u00fcgen zu transportieren. Sie verf\u00fcgt \u00fcber ein weiches, farbenfrohes und verstellbares Gurtband, das ein vielseitiges Tragen um die Taille, im Cross-Bag-Stil, durch einen G\u00fcrtel oder als Handtasche erm\u00f6glicht, wenn der G\u00fcrtel in der daf\u00fcr vorgesehenen \u00d6ffnung verstaut ist.<br \/>\nDas einzigartige Design des G\u00fcrtels erinnert an die Gebirgskette des Rondane-Nationalparks, w\u00e4hrend die gegen\u00fcberliegende Seite an das traditionelle Strickmuster norwegischer Pullover erinnert.[\/vc_column_text][vc_empty_space height=&#8220;24&#8243;][\/vc_column][\/vc_row]<\/p>\n<\/div>","protected":false},"excerpt":{"rendered":"<p>Eine G\u00fcrteltasche f\u00fcr Hundebesitzer und Naturliebhaber, die mit den Original-Acrylbildern von Rachel Pohl den Geist des Abenteuers zum Ausdruck bringt.<\/p>\n","protected":false},"featured_media":84881,"template":"","meta":[],"pwb-brand":[378],"product_cat":[861,885],"product_tag":[],"class_list":{"0":"post-84871","1":"product","2":"type-product","3":"status-publish","4":"has-post-thumbnail","6":"pwb-brand-non-stop-dogwear-de","7":"product_cat-fur-menschen","8":"product_cat-taschen-und-futterbeutel","10":"first","11":"instock","12":"taxable","13":"shipping-taxable","14":"purchasable","15":"product-type-variable"},"brands":[{"id":378,"name":"Non-Stop Dogwear","slug":"non-stop-dogwear-de"}],"_links":{"self":[{"href":"https:\/\/www.havohravo.com\/de\/wp-json\/wp\/v2\/product\/84871","targetHints":{"allow":["GET"]}}],"collection":[{"href":"https:\/\/www.havohravo.com\/de\/wp-json\/wp\/v2\/product"}],"about":[{"href":"https:\/\/www.havohravo.com\/de\/wp-json\/wp\/v2\/types\/product"}],"wp:featuredmedia":[{"embeddable":true,"href":"https:\/\/www.havohravo.com\/de\/wp-json\/wp\/v2\/media\/84881"}],"wp:attachment":[{"href":"https:\/\/www.havohravo.com\/de\/wp-json\/wp\/v2\/media?parent=84871"}],"wp:term":[{"taxonomy":"pwb-brand","embeddable":true,"href":"https:\/\/www.havohravo.com\/de\/wp-json\/wp\/v2\/pwb-brand?post=84871"},{"taxonomy":"product_cat","embeddable":true,"href":"https:\/\/www.havohravo.com\/de\/wp-json\/wp\/v2\/product_cat?post=84871"},{"taxonomy":"product_tag","embeddable":true,"href":"https:\/\/www.havohravo.com\/de\/wp-json\/wp\/v2\/product_tag?post=84871"}],"curies":[{"name":"wp","href":"https:\/\/api.w.org\/{rel}","templated":true}]}}