{"id":84931,"date":"2024-11-13T10:06:15","date_gmt":"2024-11-13T09:06:15","guid":{"rendered":"https:\/\/www.havohravo.com\/?post_type=product&#038;p=84931"},"modified":"2025-09-02T12:06:35","modified_gmt":"2025-09-02T10:06:35","slug":"trail-quest-halsband-rachel-pohl-edition-copy","status":"publish","type":"product","link":"https:\/\/www.havohravo.com\/de\/produkt\/trail-quest-halsband-rachel-pohl-edition-copy\/","title":{"rendered":"WanderLite Halsband Never Give Up Lila"},"content":{"rendered":"<div class=\"wpb-content-wrapper\"><p>[vc_row][vc_column][vc_empty_space][\/vc_column][\/vc_row][vc_row][vc_column width=&#8220;1\/2&#8243;][vc_column_text css=&#8220;&#8220;]<\/p>\n<h3>WanderLite Halsband<\/h3>\n<p>Dieses Halsband ist perfekt zum Laufen, Wandern und f\u00fcr jede Aktivit\u00e4t, bei der du deinem Hund Bewegungsfreiheit geben m\u00f6chten.<\/p>\n<p>Das WanderLite-Halsband hat <strong>keine Metallteile<\/strong>. Daher ist es f\u00fcr raue Bedingungen geeignet, bei denen Metall korrodieren kann. Du kannst es beispielsweise in den Bergen (Schnee) oder am Meer (Salzwasser) verwenden.<\/p>\n<p>Metallkomponenten des Halsbands wurden durch eine feste Schlaufe ersetzt. Die Schlaufe kann eine Last von bis zu 300 kg tragen (der klassische Ring kann etwa 180 kg tragen). W\u00e4hrend der Bewegung wird der Hund nicht eingeschr\u00e4nkt, das Halsband schwingt nicht, es schl\u00e4gt nicht an den Hals oder die Ohren des Hundes und st\u00f6rt den Hund nicht. Dadurch ist es f\u00fcr l\u00e4ngere Reisen und schwieriges Gel\u00e4nde geeignet.<\/p>\n<p><strong>Zugstophalsband<\/strong><br \/>\nDas Halsband vergr\u00f6\u00dfert sich beim An- und Ausziehen um 5 cm. Wenn die Leine entfernt wird, wird das Halsband in eine bequeme Position gelockert. Beim Ziehen ist die \u00d6ffnung nur um 5 cm kleiner und w\u00fcrgt den Hund daher nicht. W\u00e4hle die Gr\u00f6\u00dfe so, dass das Halsband den Hund im geschlossenen Zustand nicht einschr\u00e4nkt.[\/vc_column_text][vc_empty_space height=&#8220;24&#8243;][\/vc_column][vc_column width=&#8220;5\/12&#8243; offset=&#8220;vc_col-sm-offset-1&#8243;][vc_column_text css=&#8220;&#8220;]<\/p>\n<h3>Charakteristik<\/h3>\n<ul>\n<li>Minimales Gewicht und maximale Festigkeit<\/li>\n<li>geringes Gewicht (25g) &#8211; f\u00fcr Bewegungsfreiheit ohne Einschr\u00e4nkungen<\/li>\n<li>Neoprenpolsterung verhindert Scheuern am Hals<\/li>\n<li>Metallfrei f\u00fcr h\u00f6heren Tragekomfort<\/li>\n<li>jedes St\u00fcck wird in Handarbeit in der EU hergestellt<\/li>\n<\/ul>\n<h3>Verf\u00fcgbare Gr\u00f6\u00dfen<\/h3>\n<p><strong>S<\/strong><br \/>\n30-35 cm<br \/>\nInnenumfang in geschlossener Position 30 cm, Gesamtgr\u00f6\u00dfe des Halsbandes in ge\u00f6ffneter Position 35 cm.<\/p>\n<p><strong>M<\/strong><br \/>\n35-40 cm<br \/>\nInnenumfang in geschlossener Position 35 cm, Gesamtgr\u00f6\u00dfe des Halsbandes in ge\u00f6ffneter Position 40 cm.<\/p>\n<p><strong>L<\/strong><br \/>\n40-45 cm<br \/>\nInnenumfang in geschlossener Position 40 cm, Gesamtgr\u00f6\u00dfe des Halsbandes in ge\u00f6ffneter Position 45 cm.<\/p>\n<p><strong>XL<\/strong><br \/>\n45-50 cm<br \/>\nInnenumfang in geschlossener Position 45 cm, Gesamtgr\u00f6\u00dfe des Halsbandes in ge\u00f6ffneter Position 50 cm.<\/p>\n<h3>Pflegehinweise<\/h3>\n<ul>\n<li>Bei maximal 30\u00b0C im Schonwaschgang waschen \/ Ideal f\u00fcr Handw\u00e4sche. Im W\u00e4schesack waschen<\/li>\n<li>Keinen Weichsp\u00fcler verwenden<\/li>\n<li>Nicht im Trockner trocknen, nicht b\u00fcgeln, nicht chemisch reinigen, nicht bleichen.<\/li>\n<li>Wenn das Halsband sehr schmutzig ist, vor dem Waschen in einem Waschmittelbad einweichen lassen.<\/li>\n<\/ul>\n<p>[\/vc_column_text][vc_empty_space height=&#8220;24&#8243;][\/vc_column][\/vc_row]<\/p>\n<\/div>","protected":false},"excerpt":{"rendered":"<p>F\u00fcr Hundesport, Abenteuer in den Bergen oder am Meer<\/p>\n","protected":false},"featured_media":84947,"template":"","meta":[],"pwb-brand":[374],"product_cat":[879,882],"product_tag":[],"class_list":{"0":"post-84931","1":"product","2":"type-product","3":"status-publish","4":"has-post-thumbnail","6":"pwb-brand-havohravo-de","7":"product_cat-hundemode","8":"product_cat-halsbander","10":"first","11":"instock","12":"taxable","13":"shipping-taxable","14":"purchasable","15":"product-type-variable"},"brands":[{"id":374,"name":"havohravo","slug":"havohravo-de"}],"_links":{"self":[{"href":"https:\/\/www.havohravo.com\/de\/wp-json\/wp\/v2\/product\/84931","targetHints":{"allow":["GET"]}}],"collection":[{"href":"https:\/\/www.havohravo.com\/de\/wp-json\/wp\/v2\/product"}],"about":[{"href":"https:\/\/www.havohravo.com\/de\/wp-json\/wp\/v2\/types\/product"}],"wp:featuredmedia":[{"embeddable":true,"href":"https:\/\/www.havohravo.com\/de\/wp-json\/wp\/v2\/media\/84947"}],"wp:attachment":[{"href":"https:\/\/www.havohravo.com\/de\/wp-json\/wp\/v2\/media?parent=84931"}],"wp:term":[{"taxonomy":"pwb-brand","embeddable":true,"href":"https:\/\/www.havohravo.com\/de\/wp-json\/wp\/v2\/pwb-brand?post=84931"},{"taxonomy":"product_cat","embeddable":true,"href":"https:\/\/www.havohravo.com\/de\/wp-json\/wp\/v2\/product_cat?post=84931"},{"taxonomy":"product_tag","embeddable":true,"href":"https:\/\/www.havohravo.com\/de\/wp-json\/wp\/v2\/product_tag?post=84931"}],"curies":[{"name":"wp","href":"https:\/\/api.w.org\/{rel}","templated":true}]}}