{"id":85037,"date":"2024-11-19T15:13:50","date_gmt":"2024-11-19T14:13:50","guid":{"rendered":"https:\/\/www.havohravo.com\/?post_type=product&#038;p=85037"},"modified":"2026-04-09T22:38:49","modified_gmt":"2026-04-09T20:38:49","slug":"wanderlite-leine-forest-friends-copy","status":"publish","type":"product","link":"https:\/\/www.havohravo.com\/de\/produkt\/wanderlite-leine-forest-friends-copy\/","title":{"rendered":"Powered by Dog: Steig ein in den Zughundesport"},"content":{"rendered":"<div class=\"wpb-content-wrapper\"><p>[vc_row][vc_column][vc_empty_space][\/vc_column][\/vc_row][vc_row][vc_column][vc_column_text css=&#8220;&#8220;]<\/p>\n<p style=\"font-weight: 400;\">Egal ob du mit dem Hund im Zug wandern, laufen oder Fahrradfahren m\u00f6chtest, egal ob du Rennambitionen hast oder es einfach als Zusatz zum Agility oder Obedience betreiben m\u00f6chtest &#8211; die richtige Aufbau ist wichtig, nicht nur um richtig Spa\u00df bei der Sache zu haben, sondern auch f\u00fcr deine Sicherheit und die von deinem Hund!<\/p>\n<p style=\"font-weight: 400;\">Im unseren <strong>Powered by Dog \u2013 Workshop<\/strong> lernst du verschiedene Varianten des Zughundesports kennen (Canicross, Bikej\u00f6ring, Scooterj\u00f6ring, CaniWalk, usw.) und wir zeigen dir verschiedene M\u00f6glichkeiten f\u00fcr einen gesunden Trainingsaufbau.<\/p>\n<p style=\"font-weight: 400;\">Hast du noch keine Ausr\u00fcstung? Kein Problem! Im Praxisteil hast du die M\u00f6glichkeit jegliche Ausr\u00fcstung f\u00fcr den Hund und dich auszuborgen &amp; testen.<\/p>\n<p>[\/vc_column_text][vc_empty_space height=&#8220;24&#8243;][\/vc_column][\/vc_row][vc_row][vc_column width=&#8220;1\/2&#8243;][vc_column_text css=&#8220;&#8220;]<\/p>\n<p style=\"font-weight: 400;\"><strong>Wer?<\/strong><\/p>\n<p style=\"font-weight: 400;\"><u>Barbara Hinterberger<\/u> &#8211; https:\/\/canicross-academy.at\/<\/p>\n<p style=\"font-weight: 400;\">Barbara ist Zughundetrainerin und Sportwissenschaftlerin, selbst aktiv im Renngeschehen und bildet seit ca. 6 Jahren Teams in Zughundesport aus. Barbara zeigt dir die notwendigen Basics um diesen Sport gesund &amp; sicher auszu\u00fcben.<\/p>\n<p style=\"font-weight: 400;\"><u>Martina Stryckova<\/u> &#8211; https:\/\/www.havohravo.com\/<\/p>\n<p style=\"font-weight: 400;\">Martina ist CEO von havohravo.com, den Shop f\u00fcr Sporthunde und ihre aktiven Zweibeiner. Sie ist dein Guide f\u00fcr die Wahl der richtigen Ausr\u00fcstung f\u00fcr dich und deinen Hund.<\/p>\n<p>[\/vc_column_text][vc_empty_space height=&#8220;24&#8243;][\/vc_column][vc_column width=&#8220;1\/2&#8243;][vc_column_text css=&#8220;&#8220;]<\/p>\n<p style=\"font-weight: 400;\"><strong>Wo und Wann?<\/strong><\/p>\n<p style=\"font-weight: 400;\"><em><strong>11. April 2026<\/strong><\/em><br \/>\nDie Hundesporthalle<br \/>\nIndustriestra\u00dfe 3 (Ecke MAN Stra\u00dfe 1)<br \/>\n2721 Bad Fischau-Brunn, \u00d6sterreich<\/p>\n<p style=\"font-weight: 400;\"><strong>Was?<\/strong><\/p>\n<p style=\"font-weight: 400;\">9.30 \u2013 12.00 Uhr Theorie-Teil: Indoor<br \/>\n12.00 \u2013 13.00 Uhr Mittagspause<br \/>\n13.00 \u2013 15.30 Uhr Praxis-Teil: Outdoor<\/p>\n<p style=\"font-weight: 400;\"><strong>Kosten:<\/strong><\/p>\n<p style=\"font-weight: 400;\"><u>Aktive Teilnahme mit Hund<\/u>: 150 Euro, Max 8 Teams (1 Hund pro Person)<br \/>\nInkl. Skript, Ausr\u00fcstung-Verleih falls keine vorhanden und Teilnehmerpaket mit verschiedenen Goodies<\/p>\n<p style=\"font-weight: 400;\"><u>Teilnahme ohne Hund<\/u>: 80 Euro<br \/>\nInkl. Skript und Teilnehmerpaket mit verschiedenen Goodies<\/p>\n<p>[\/vc_column_text][vc_empty_space height=&#8220;24&#8243;][\/vc_column][\/vc_row][vc_row][vc_column][vc_column_text css=&#8220;&#8220;]<\/p>\n<p style=\"font-weight: 400;\"><strong>Voraussetzungen:<\/strong><\/p>\n<p style=\"font-weight: 400;\">Hunde m\u00fcssen gesund und mind. <strong>12 Monate alt sein,<\/strong> au\u00dferdem \u00fcber eine g\u00fcltige Haftpflichtversicherung sowie Tollwutimpfung verf\u00fcgen.<br \/>\nDie Hunde werden im Praxisteil einzeln gearbeitet, es <strong>sind also auch unvertr\u00e4gliche Hunde herzlich willkommen<\/strong>.<br \/>\nHunde, die gerade nicht dran sind, sollten im Auto warten k\u00f6nnen. Alle Hunde brauchen f\u00fcr die Dauer des Kurses ein gutsitzendes Halsband!<br \/>\nGrunds\u00e4tzlich sollten sowohl Hund als auch Mensch Spa\u00df an einer sportlichen Bet\u00e4tigung haben.<\/p>\n<p style=\"font-weight: 400;\">Jede Anmeldung ist verbindlich und somit werden die jeweiligen Geb\u00fchren f\u00e4llig. Bei kurzfristigen Absagen wird der Workshopbeitrag nicht zur\u00fcckerstattet, du kannst aber gerne eine Ersatzperson f\u00fcr dich schicken.<\/p>\n<p>[\/vc_column_text][\/vc_column][\/vc_row]<\/p>\n<\/div>","protected":false},"excerpt":{"rendered":"<p>Einsteigerworkshop f\u00fcr alle Zugsportfans<\/p>\n","protected":false},"featured_media":92357,"template":"","meta":[],"pwb-brand":[374],"product_cat":[1011,861],"product_tag":[],"class_list":{"0":"post-85037","1":"product","2":"type-product","3":"status-publish","4":"has-post-thumbnail","6":"pwb-brand-havohravo-de","7":"product_cat-anderes-zubehoer","8":"product_cat-fur-menschen","10":"first","11":"instock","12":"featured","13":"taxable","14":"shipping-taxable","15":"purchasable","16":"product-type-variable"},"brands":[{"id":374,"name":"havohravo","slug":"havohravo-de"}],"_links":{"self":[{"href":"https:\/\/www.havohravo.com\/de\/wp-json\/wp\/v2\/product\/85037","targetHints":{"allow":["GET"]}}],"collection":[{"href":"https:\/\/www.havohravo.com\/de\/wp-json\/wp\/v2\/product"}],"about":[{"href":"https:\/\/www.havohravo.com\/de\/wp-json\/wp\/v2\/types\/product"}],"wp:featuredmedia":[{"embeddable":true,"href":"https:\/\/www.havohravo.com\/de\/wp-json\/wp\/v2\/media\/92357"}],"wp:attachment":[{"href":"https:\/\/www.havohravo.com\/de\/wp-json\/wp\/v2\/media?parent=85037"}],"wp:term":[{"taxonomy":"pwb-brand","embeddable":true,"href":"https:\/\/www.havohravo.com\/de\/wp-json\/wp\/v2\/pwb-brand?post=85037"},{"taxonomy":"product_cat","embeddable":true,"href":"https:\/\/www.havohravo.com\/de\/wp-json\/wp\/v2\/product_cat?post=85037"},{"taxonomy":"product_tag","embeddable":true,"href":"https:\/\/www.havohravo.com\/de\/wp-json\/wp\/v2\/product_tag?post=85037"}],"curies":[{"name":"wp","href":"https:\/\/api.w.org\/{rel}","templated":true}]}}