{"id":85065,"date":"2024-11-22T13:18:25","date_gmt":"2024-11-22T12:18:25","guid":{"rendered":"https:\/\/www.havohravo.com\/?post_type=product&#038;p=85065"},"modified":"2026-02-24T17:49:41","modified_gmt":"2026-02-24T16:49:41","slug":"wanderlite-halsband-never-give-up-mint-copy","status":"publish","type":"product","link":"https:\/\/www.havohravo.com\/de\/produkt\/wanderlite-halsband-never-give-up-mint-copy\/","title":{"rendered":"Bei\u00dfwurst mit Biothane-Griffen"},"content":{"rendered":"<div class=\"wpb-content-wrapper\"><p>[vc_row][vc_column][vc_empty_space][\/vc_column][\/vc_row][vc_row][vc_column width=&#8220;1\/2&#8243;][vc_column_text css=&#8220;&#8220;]<\/p>\n<h3>Bei\u00dfwurst<\/h3>\n<p>Diese Bei\u00dfwurst ist aus Ringo-Gewebe gefertigt und hat einen mittellangen Griff auf beiden Seiten.<\/p>\n<p>Die Griffe sind aus 20 mm wasserdichtem Gurtband gefertigt. Die Griffe nehmen keine Feuchtigkeit auf, k\u00f6nnen leicht gereinigt werden und bieten einen guten Halt beim Training.<\/p>\n<p>Bitte beachte: Dieses Produkt ist nicht als Spielzeug gedacht. Nur f\u00fcr das aktive Spiel zwischen Hund und Hundef\u00fchrer.<\/p>\n<p>Hergestellt in Europa.[\/vc_column_text][vc_empty_space height=&#8220;24&#8243;][\/vc_column][vc_column width=&#8220;5\/12&#8243; offset=&#8220;vc_col-sm-offset-1&#8243;][vc_column_text css=&#8220;&#8220;]<\/p>\n<h3>Verf\u00fcgbare Gr\u00f6\u00dfen<\/h3>\n<p><b>S<\/b><br \/>\nBei\u00dfteil: 25x7cm<\/p>\n<p><b>M<\/b><br \/>\nBei\u00dfteil: 38x8cm<\/p>\n<p><b>L<\/b><br \/>\nBei\u00dfteil: 50x9cm[\/vc_column_text][vc_empty_space height=&#8220;24&#8243;][\/vc_column][\/vc_row]<\/p>\n<\/div>","protected":false},"excerpt":{"rendered":"<p>Ideal f\u00fcr Outdoor-Training<\/p>\n","protected":false},"featured_media":85080,"template":"","meta":[],"pwb-brand":[374],"product_cat":[1696,866],"product_tag":[],"class_list":{"0":"post-85065","1":"product","2":"type-product","3":"status-publish","4":"has-post-thumbnail","6":"pwb-brand-havohravo-de","7":"product_cat-anderes-spielzeug","8":"product_cat-hundespielzeug","10":"first","11":"instock","12":"taxable","13":"shipping-taxable","14":"purchasable","15":"product-type-variable"},"brands":[{"id":374,"name":"havohravo","slug":"havohravo-de"}],"_links":{"self":[{"href":"https:\/\/www.havohravo.com\/de\/wp-json\/wp\/v2\/product\/85065","targetHints":{"allow":["GET"]}}],"collection":[{"href":"https:\/\/www.havohravo.com\/de\/wp-json\/wp\/v2\/product"}],"about":[{"href":"https:\/\/www.havohravo.com\/de\/wp-json\/wp\/v2\/types\/product"}],"wp:featuredmedia":[{"embeddable":true,"href":"https:\/\/www.havohravo.com\/de\/wp-json\/wp\/v2\/media\/85080"}],"wp:attachment":[{"href":"https:\/\/www.havohravo.com\/de\/wp-json\/wp\/v2\/media?parent=85065"}],"wp:term":[{"taxonomy":"pwb-brand","embeddable":true,"href":"https:\/\/www.havohravo.com\/de\/wp-json\/wp\/v2\/pwb-brand?post=85065"},{"taxonomy":"product_cat","embeddable":true,"href":"https:\/\/www.havohravo.com\/de\/wp-json\/wp\/v2\/product_cat?post=85065"},{"taxonomy":"product_tag","embeddable":true,"href":"https:\/\/www.havohravo.com\/de\/wp-json\/wp\/v2\/product_tag?post=85065"}],"curies":[{"name":"wp","href":"https:\/\/api.w.org\/{rel}","templated":true}]}}