{"id":85201,"date":"2024-12-01T17:06:12","date_gmt":"2024-12-01T16:06:12","guid":{"rendered":"https:\/\/www.havohravo.com\/?post_type=product&#038;p=85201"},"modified":"2024-12-01T17:11:45","modified_gmt":"2024-12-01T16:11:45","slug":"sodapup-honigtopf-copy","status":"publish","type":"product","link":"https:\/\/www.havohravo.com\/de\/produkt\/sodapup-honigtopf-copy\/","title":{"rendered":"Sodapup Honigtopf Weihnachten"},"content":{"rendered":"<div class=\"wpb-content-wrapper\"><p>[vc_row][vc_column][vc_column_text]<\/p>\n<h3>Sodapup Honigtopf<\/h3>\n<p>Dieser lustige Leckerlispender kann mit allen Arten von Lebensmitteln gef\u00fcllt und eingefroren werden, um die Herausforderung zu erh\u00f6hen.<\/p>\n<p>Bef\u00fcllbare Spielzeuge f\u00f6rdern das Schn\u00fcffel- und Leckverhalten. F\u00fclle den Spielzeug auf und verstecke ihn, damit dein Hund ihn suchen muss, bevor er an das beste St\u00fcck kommt!<\/p>\n<p>Bei richtiger Anwendung <strong>reduziert <\/strong>Enrichment-Hundespielzeug<strong> problematisches Verhalten<\/strong> wie Kauen, hilft gegen Langeweile und lindert Trennungsangst.[\/vc_column_text][vc_empty_space height=&#8220;24px&#8220;][vc_column_text]<\/p>\n<div class=\"wpb_text_column wpb_content_element\">\n<div class=\"wpb_wrapper\">\n<h3>Spielzeug Guide<\/h3>\n<table>\n<tbody>\n<tr>\n<td width=\"301\"><strong>Spielzeugart:<\/strong><\/td>\n<td width=\"301\">Leckerlispender<\/td>\n<\/tr>\n<tr>\n<td width=\"301\"><strong>Geeignet f\u00fcr:<\/strong><\/td>\n<td width=\"301\">Kein Kauspielzeug! Falls du einen \u201cKauer\u201d hast, w\u00e4hle ein anderes Spielzeug<\/td>\n<\/tr>\n<tr>\n<td width=\"301\"><strong>Schwierigkeitsgrad:<\/strong><\/td>\n<td width=\"301\">Leicht (weniger wackelig als Toppl)<\/td>\n<\/tr>\n<tr>\n<td width=\"301\"><strong>Gr\u00f6\u00dfe:<\/strong><\/td>\n<td width=\"301\">Geeignet f\u00fcr alle Hundegr\u00f6\u00dfen<\/td>\n<\/tr>\n<tr>\n<td width=\"301\"><strong>Geschirrsp\u00fcller geeignet:<\/strong><\/td>\n<td width=\"301\">Ja, obere Reihe<\/td>\n<\/tr>\n<\/tbody>\n<\/table>\n<\/div>\n<\/div>\n<p>[\/vc_column_text][vc_empty_space height=&#8220;24px&#8220;][vc_column_text]<\/p>\n<h3><span class=\"a-list-item\">Welcher Spielzeug passt f\u00fcr meinen Hund?<\/span><\/h3>\n<p>Jeder Hund ist anders und hat unterschiedliche Pr\u00e4ferenz. Manche w\u00fcrden das Futter zusammen mit ihrem Napf in 5 Sekunden auffressen. Diese Hunde sind leicht frustriert und haben wenig Geduld mit dem Futter. Gelegentliches Reinbei\u00dfen in die Schleckmatte ist in Ordnung, aber sobald sie versuchen, sie zu zerst\u00f6ren, ist das ein Zeichen von Stress. Andere Hunde lecken ewig geduldig den versch\u00fctteten Joghurt vom Boden auf. Sobald man ihnen jedoch einen gef\u00fcllten Kong gibt, verlieren sie das Interesse. Viele Hunde verbringen mehr als 30 Minuten mit dem Spielzeug und \u00fcberlegen geduldig, wie sie an die Leckerlis kommen. Du kennst deinen Hund am besten! Nutze unseren <strong>Guide<\/strong> und w\u00e4hle das richtige Spielzeug, um deinen Hund eine entspannende Besch\u00e4ftigung zu bieten, die keinen Frust verursacht.<br \/>\n[\/vc_column_text][vc_empty_space height=&#8220;24px&#8220;][vc_single_image image=&#8220;69510&#8243; img_size=&#8220;large&#8220;][vc_empty_space height=&#8220;24px&#8220;][vc_column_text]<\/p>\n<h3>Gr\u00f6\u00dfe<\/h3>\n<p>H\u00f6he 6,5 cm<br \/>\nDurchmesse 8 cm<br \/>\nUmfang: ungef\u00e4hr 90 g Trockenfutter<\/p>\n<h3><span class=\"a-list-item\">Material &amp; Reinigung<\/span><\/h3>\n<p>Hergestellt in den USA. Hergestellt aus ungiftigem und biologisch abbaubarem Material.<br \/>\nDieses Spielzeug ist sp\u00fclmaschinenfest \u2013 im oberen Fach einordnen.<\/p>\n<p>Es handelt sich nicht um ein Kauspielzeug. Lass den Hund mit der Schleckmatte nie unbeaufsichtigt. Wenn die Matte besch\u00e4digt wird, entferne es sofort vom Tier.[\/vc_column_text][\/vc_column][\/vc_row]<\/p>\n<\/div>","protected":false},"excerpt":{"rendered":"<p id=\"tw-target-text\" class=\"tw-data-text tw-text-large tw-ta\" dir=\"ltr\" data-placeholder=\"Translation\">Winnie the Pooh w\u00fcrde es lieben und dein Hund auch.<\/p>\n","protected":false},"featured_media":85208,"template":"","meta":[],"pwb-brand":[1976],"product_cat":[2113,2115,1974],"product_tag":[2046],"class_list":{"0":"post-85201","1":"product","2":"type-product","3":"status-publish","4":"has-post-thumbnail","6":"pwb-brand-sodapup-de","7":"product_cat-anti-schling-naepfe","8":"product_cat-befuellbares-spielzeug","9":"product_cat-hunde-enrichment","10":"product_tag-weihnachten","12":"first","13":"instock","14":"taxable","15":"shipping-taxable","16":"purchasable","17":"product-type-simple"},"brands":[{"id":1976,"name":"Sodapup","slug":"sodapup-de"}],"_links":{"self":[{"href":"https:\/\/www.havohravo.com\/de\/wp-json\/wp\/v2\/product\/85201","targetHints":{"allow":["GET"]}}],"collection":[{"href":"https:\/\/www.havohravo.com\/de\/wp-json\/wp\/v2\/product"}],"about":[{"href":"https:\/\/www.havohravo.com\/de\/wp-json\/wp\/v2\/types\/product"}],"wp:featuredmedia":[{"embeddable":true,"href":"https:\/\/www.havohravo.com\/de\/wp-json\/wp\/v2\/media\/85208"}],"wp:attachment":[{"href":"https:\/\/www.havohravo.com\/de\/wp-json\/wp\/v2\/media?parent=85201"}],"wp:term":[{"taxonomy":"pwb-brand","embeddable":true,"href":"https:\/\/www.havohravo.com\/de\/wp-json\/wp\/v2\/pwb-brand?post=85201"},{"taxonomy":"product_cat","embeddable":true,"href":"https:\/\/www.havohravo.com\/de\/wp-json\/wp\/v2\/product_cat?post=85201"},{"taxonomy":"product_tag","embeddable":true,"href":"https:\/\/www.havohravo.com\/de\/wp-json\/wp\/v2\/product_tag?post=85201"}],"curies":[{"name":"wp","href":"https:\/\/api.w.org\/{rel}","templated":true}]}}