{"id":85213,"date":"2024-12-01T17:15:10","date_gmt":"2024-12-01T16:15:10","guid":{"rendered":"https:\/\/www.havohravo.com\/?post_type=product&#038;p=85213"},"modified":"2024-12-01T17:29:55","modified_gmt":"2024-12-01T16:29:55","slug":"westpaw-stopper-fur-toppl-copy","status":"publish","type":"product","link":"https:\/\/www.havohravo.com\/de\/produkt\/westpaw-stopper-fur-toppl-copy\/","title":{"rendered":"Westpaw Stopper f\u00fcr Toppl Weihnachtsgr\u00fcn"},"content":{"rendered":"<div class=\"wpb-content-wrapper\"><p>[vc_row][vc_column][vc_column_text]<\/p>\n<h3>Toppl Stopper<\/h3>\n<ul>\n<li>Verhindert das Auslaufen des Inhalts auf Oberfl\u00e4chen<\/li>\n<li>Der Toppl Stopper dient auch als St\u00e4nder f\u00fcr mehr Stabilit\u00e4t beim Bef\u00fcllen und Einfrieren<\/li>\n<li>Hergestellt aus recyceltem ozeangebundenem Kunststoff und wiederverwertbarem Zogoflex-Material<\/li>\n<li>Sp\u00fclmaschinenfest<\/li>\n<li>Muss vor dem Servieren entfernt werden<\/li>\n<li>Hergestellt in den USA<\/li>\n<\/ul>\n<h3>Gr\u00f6\u00dfe<\/h3>\n<p>Passt f\u00fcr alle Toppl-Gr\u00f6\u00dfen und macht die Kreation von Mahlzeiten und Leckereien einfacher und sauberer. Kommt in einer Doppelpackung, die Kopf und Schwanz enth\u00e4lt.[\/vc_column_text][vc_empty_space height=&#8220;24px&#8220;][vc_single_image image=&#8220;74811&#8243; img_size=&#8220;large&#8220;][\/vc_column][\/vc_row]<\/p>\n<\/div>","protected":false},"excerpt":{"rendered":"<p id=\"tw-target-text\" class=\"tw-data-text tw-text-large tw-ta\" dir=\"ltr\" data-placeholder=\"Translation\"><span class=\"Y2IQFc\" lang=\"de\">Macht die Vorbereitung f\u00fcr Hunde-Enrichment einfacher!<\/span><\/p>\n","protected":false},"featured_media":85226,"template":"","meta":[],"pwb-brand":[1972],"product_cat":[1974,2151],"product_tag":[],"class_list":{"0":"post-85213","1":"product","2":"type-product","3":"status-publish","4":"has-post-thumbnail","6":"pwb-brand-westpaw-de","7":"product_cat-hunde-enrichment","8":"product_cat-zubehoer-de","10":"first","11":"instock","12":"taxable","13":"shipping-taxable","14":"purchasable","15":"product-type-simple"},"brands":[{"id":1972,"name":"West Paw","slug":"westpaw-de"}],"_links":{"self":[{"href":"https:\/\/www.havohravo.com\/de\/wp-json\/wp\/v2\/product\/85213","targetHints":{"allow":["GET"]}}],"collection":[{"href":"https:\/\/www.havohravo.com\/de\/wp-json\/wp\/v2\/product"}],"about":[{"href":"https:\/\/www.havohravo.com\/de\/wp-json\/wp\/v2\/types\/product"}],"wp:featuredmedia":[{"embeddable":true,"href":"https:\/\/www.havohravo.com\/de\/wp-json\/wp\/v2\/media\/85226"}],"wp:attachment":[{"href":"https:\/\/www.havohravo.com\/de\/wp-json\/wp\/v2\/media?parent=85213"}],"wp:term":[{"taxonomy":"pwb-brand","embeddable":true,"href":"https:\/\/www.havohravo.com\/de\/wp-json\/wp\/v2\/pwb-brand?post=85213"},{"taxonomy":"product_cat","embeddable":true,"href":"https:\/\/www.havohravo.com\/de\/wp-json\/wp\/v2\/product_cat?post=85213"},{"taxonomy":"product_tag","embeddable":true,"href":"https:\/\/www.havohravo.com\/de\/wp-json\/wp\/v2\/product_tag?post=85213"}],"curies":[{"name":"wp","href":"https:\/\/api.w.org\/{rel}","templated":true}]}}