{"id":85453,"date":"2025-01-13T11:00:09","date_gmt":"2025-01-13T10:00:09","guid":{"rendered":"https:\/\/www.havohravo.com\/?post_type=product&#038;p=85453"},"modified":"2025-01-13T15:29:32","modified_gmt":"2025-01-13T14:29:32","slug":"wanderlite-halsband-never-give-up-mint-copy-2","status":"publish","type":"product","link":"https:\/\/www.havohravo.com\/de\/produkt\/wanderlite-halsband-never-give-up-mint-copy-2\/","title":{"rendered":"Flocktails Halsband"},"content":{"rendered":"<div class=\"wpb-content-wrapper\"><p>[vc_row][vc_column][vc_empty_space][\/vc_column][\/vc_row][vc_row][vc_column width=&#8220;1\/2&#8243;][vc_column_text css=&#8220;&#8220;]<\/p>\n<h3>Flocktails Halsband<\/h3>\n<p>Dieses Halsband ist perfekt f\u00fcr allt\u00e4gliche Abenteuer und Stadtspazierg\u00e4nge. Perfekt abgestimmt auf die <a href=\"https:\/\/www.havohravo.com\/de\/produkt\/wanderlite-leine-never-give-up-mint-copy\/\" target=\"_blank\" rel=\"noopener\">Flocktails Leine<\/a>.<\/p>\n<p>Das Flocktails Halsband besteht aus langlebigen Metallteilen und Acetalschnallen mit einer Belastbarkeit von bis zu 55 kg. Die Komponenten sind leicht, langlebig und resistent gegen Feuchtigkeit und Salz.<\/p>\n<p>Das Halsband ist mit d\u00fcnnem Polyestergewebe mit Teflon EcoElite\u2122-Eigenschaften gepolstert: Es nimmt keine Feuchtigkeit auf und ist schmutzabweisend. Sowohl das Gurtband als auch die Polsterung sind nach STANDARD 100 von OEKO-TEX\u00ae zertifiziert.[\/vc_column_text][vc_empty_space height=&#8220;24&#8243;][\/vc_column][vc_column width=&#8220;5\/12&#8243; offset=&#8220;vc_col-sm-offset-1&#8243;][vc_single_image image=&#8220;85498&#8243; img_size=&#8220;large&#8220;][vc_empty_space height=&#8220;24&#8243;][\/vc_column][\/vc_row][vc_row][vc_column width=&#8220;1\/2&#8243;][vc_single_image image=&#8220;85508&#8243; img_size=&#8220;large&#8220;][\/vc_column][vc_column width=&#8220;1\/2&#8243;][vc_column_text css=&#8220;&#8220;]<\/p>\n<h3>Verf\u00fcgbare Gr\u00f6\u00dfen<\/h3>\n<p>Das Halsband ist in einer Standardgr\u00f6\u00dfe erh\u00e4ltlich, die den meisten Bordercollies passt. Es ist einstellbar von mindestens 30 cm bis zu maximal 45 cm Halsumfang. Wenn du eine andere Gr\u00f6\u00dfe ben\u00f6tigst, gib bitte den Halsumfang deines Hundes in der Anmerkung beim Check-Out an und wir werden das Halsband entsprechend anfertigen.<\/p>\n<h3>Pflegehinweise<\/h3>\n<ul>\n<li>Bei maximal 30\u00b0C im Schonwaschgang waschen \/ Ideal f\u00fcr die Handw\u00e4sche.<\/li>\n<li>In einem W\u00e4schebeutel waschen<\/li>\n<li>Keinen Weichsp\u00fcler verwenden<\/li>\n<li>Nicht im Trockner trocknen, nicht b\u00fcgeln, nicht chemisch reinigen, nicht bleichen<\/li>\n<li>Wenn der Kragen stark verschmutzt ist, lassen Sie ihn vor dem Waschen in einem Waschmittelbad einweichen.<\/li>\n<\/ul>\n<p>[\/vc_column_text][\/vc_column][\/vc_row]<\/p>\n<\/div>","protected":false},"excerpt":{"rendered":"<p>F\u00fcr Hundesport, Abenteuer in den Bergen oder am Meer<\/p>\n","protected":false},"featured_media":85496,"template":"","meta":[],"pwb-brand":[374],"product_cat":[879,882],"product_tag":[],"class_list":{"0":"post-85453","1":"product","2":"type-product","3":"status-publish","4":"has-post-thumbnail","6":"pwb-brand-havohravo-de","7":"product_cat-hundemode","8":"product_cat-halsbander","10":"first","11":"instock","12":"taxable","13":"shipping-taxable","14":"purchasable","15":"product-type-variable"},"brands":[{"id":374,"name":"havohravo","slug":"havohravo-de"}],"_links":{"self":[{"href":"https:\/\/www.havohravo.com\/de\/wp-json\/wp\/v2\/product\/85453","targetHints":{"allow":["GET"]}}],"collection":[{"href":"https:\/\/www.havohravo.com\/de\/wp-json\/wp\/v2\/product"}],"about":[{"href":"https:\/\/www.havohravo.com\/de\/wp-json\/wp\/v2\/types\/product"}],"wp:featuredmedia":[{"embeddable":true,"href":"https:\/\/www.havohravo.com\/de\/wp-json\/wp\/v2\/media\/85496"}],"wp:attachment":[{"href":"https:\/\/www.havohravo.com\/de\/wp-json\/wp\/v2\/media?parent=85453"}],"wp:term":[{"taxonomy":"pwb-brand","embeddable":true,"href":"https:\/\/www.havohravo.com\/de\/wp-json\/wp\/v2\/pwb-brand?post=85453"},{"taxonomy":"product_cat","embeddable":true,"href":"https:\/\/www.havohravo.com\/de\/wp-json\/wp\/v2\/product_cat?post=85453"},{"taxonomy":"product_tag","embeddable":true,"href":"https:\/\/www.havohravo.com\/de\/wp-json\/wp\/v2\/product_tag?post=85453"}],"curies":[{"name":"wp","href":"https:\/\/api.w.org\/{rel}","templated":true}]}}