{"id":85632,"date":"2025-01-28T15:49:16","date_gmt":"2025-01-28T14:49:16","guid":{"rendered":"https:\/\/www.havohravo.com\/?post_type=product&#038;p=85632"},"modified":"2025-01-28T16:12:16","modified_gmt":"2025-01-28T15:12:16","slug":"loype-gurtel-copy","status":"publish","type":"product","link":"https:\/\/www.havohravo.com\/de\/produkt\/loype-gurtel-copy\/","title":{"rendered":"L\u00d8ype G\u00fcrtel Pro"},"content":{"rendered":"<div class=\"wpb-content-wrapper\"><p>[vc_row][vc_column][vc_empty_space][vc_column_text]<\/p>\n<table>\n<tbody>\n<tr>\n<td width=\"301\"><strong>Geeignet f\u00fcr:<\/strong><\/td>\n<td width=\"301\">Skij\u00f6ring, Wandern<\/td>\n<\/tr>\n<tr>\n<td width=\"301\"><strong>Zugverteilung:<\/strong><\/td>\n<td width=\"301\">unten \u00fcber Hintern<\/td>\n<\/tr>\n<tr>\n<td width=\"301\"><strong>Verstellbar:<\/strong><\/td>\n<td width=\"301\">ja<\/td>\n<\/tr>\n<tr>\n<td width=\"301\"><strong>Befestigung der Leine<\/strong><\/td>\n<td width=\"301\">Panik-Snap<\/td>\n<\/tr>\n<tr>\n<td width=\"301\"><strong>Verf\u00fcgbare Gr\u00f6\u00dfen:<\/strong><\/td>\n<td width=\"301\">S, M, L<\/td>\n<\/tr>\n<\/tbody>\n<\/table>\n<p>[\/vc_column_text][\/vc_column][\/vc_row][vc_row][vc_column width=&#8220;1\/2&#8243;][vc_column_text css=&#8220;&#8220;]<\/p>\n<h3>L\u00f8ype Belt Pro<\/h3>\n<p>Der L\u00f8ype G\u00fcrtel Pro ist so konzipiert, dass er sich wie eine zweite Haut anf\u00fchlt, er bewegt sich zusammen mit dienem K\u00f6rper und f\u00f6rdert deine Skitechnik.<\/p>\n<p>In Zusammenarbeit mit den weltbesten Athleten im Schlittenhundesport hat Non-Stop Dogwear den urspr\u00fcnglichen L\u00f8ype-G\u00fcrtel f\u00fcr Skij\u00f6ring zum leichtesten und ergonomischsten Skig\u00fcrtel \u00fcberhaupt weiterentwickelt.<\/p>\n<p>Der Schnitt ist so konzipiert, dass er auf der H\u00fcfte sitzt und mit der nat\u00fcrlichen Mechanik des K\u00f6rpers w\u00e4hrend der Skibewegung zusammenarbeitet. Wir haben die seitlichen Schlaufen strategisch nach hinten verlagert, damit sie den Bewegungsablauf nicht behindern.<\/p>\n<p>Ein fester, k\u00f6rpernaher Befestigungspunkt f\u00fcr die Bungee-Leine garantiert eine reibungslose Koordination mit deinem Hund und verbessert die Kontrolle. Schnell zu befestigende, schlanke Beingurte halten den Gurt w\u00e4hrend der Bewegung an Ort und Stelle, w\u00e4hrend die H\u00fcftgurte eine hohe Anpassungsf\u00e4higkeit erm\u00f6glichen. Der Gurt verf\u00fcgt \u00fcber einen Schnellverschluss mit Karabinerhaken f\u00fcr schnelles \u00d6ffnen und ist f\u00fcr Rennen geeignet.<\/p>\n<p>Mesh-Gewebe an den Seiten und unser hoch atmungsaktives Hexivent-Material auf dem R\u00fccken sorgen f\u00fcr maximale Luftzirkulation und damit f\u00fcr Atmungsaktivit\u00e4t und Komfort.[\/vc_column_text][vc_empty_space height=&#8220;24&#8243;][\/vc_column][vc_column width=&#8220;5\/12&#8243; offset=&#8220;vc_col-sm-offset-1&#8243;][vc_column_text css=&#8220;&#8220;]<\/p>\n<h3>Technische Eigenschaften<\/h3>\n<ul>\n<li>Duraflex\u00ae-Schnallen (bluesign\u00ae APPROVED)<\/li>\n<li>Reflektierende 3M\u2122-Logos<\/li>\n<li>Spannverschl\u00fcsse aus Aluminium<\/li>\n<li>Zugfestigkeit: 300 kg am vorderen Gurt, 130 kg an der hinteren Befestigung<\/li>\n<li>Panik-Karabinerhaken<\/li>\n<li>Beingurte<\/li>\n<li>\u00c4u\u00dferes Material: 100D Nylon Dreifach-Ripsto<\/li>\n<li>Innenmaterial: Nylon<\/li>\n<li>Gurtband: Nylon<\/li>\n<li>Tasche: Stretch-Nylon<\/li>\n<li>YKK-Rei\u00dfverschluss<\/li>\n<\/ul>\n<p>[\/vc_column_text][vc_empty_space height=&#8220;24&#8243;][vc_column_text css=&#8220;&#8220;]<\/p>\n<h3>Gr\u00f6\u00dfentabelle<\/h3>\n<table style=\"width: 31.3158%;\">\n<tbody>\n<tr>\n<td style=\"width: 49px;\">\n<h4>Gr\u00f6\u00dfe<\/h4>\n<\/td>\n<td style=\"width: 291px;\">\n<h4>H\u00fcftumfang<\/h4>\n<\/td>\n<\/tr>\n<tr>\n<td style=\"width: 49px;\">S<\/td>\n<td style=\"width: 291px;\">73-100 cm<\/td>\n<\/tr>\n<tr>\n<td style=\"width: 49px;\">M<\/td>\n<td style=\"width: 291px;\">85-124 cm<\/td>\n<\/tr>\n<tr>\n<td style=\"width: 49px;\">L<\/td>\n<td style=\"width: 291px;\">97-140 cm<\/td>\n<\/tr>\n<\/tbody>\n<\/table>\n<p>[\/vc_column_text][vc_empty_space height=&#8220;24&#8243;][\/vc_column][\/vc_row][vc_row][vc_column][vc_single_image image=&#8220;85636&#8243; img_size=&#8220;large&#8220;][vc_empty_space height=&#8220;24&#8243;][\/vc_column][\/vc_row]<\/p>\n<\/div>","protected":false},"excerpt":{"rendered":"<p>Ein bemerkenswert leichter und stromlinienf\u00f6rmiger Skij\u00f6ring-G\u00fcrtel, der deine Leistung auf den Skiern verbessert.<\/p>\n","protected":false},"featured_media":85638,"template":"","meta":[],"pwb-brand":[378],"product_cat":[861,862],"product_tag":[],"class_list":{"0":"post-85632","1":"product","2":"type-product","3":"status-publish","4":"has-post-thumbnail","6":"pwb-brand-non-stop-dogwear-de","7":"product_cat-fur-menschen","8":"product_cat-laufgurte","10":"first","11":"instock","12":"taxable","13":"shipping-taxable","14":"purchasable","15":"product-type-variable"},"brands":[{"id":378,"name":"Non-Stop Dogwear","slug":"non-stop-dogwear-de"}],"_links":{"self":[{"href":"https:\/\/www.havohravo.com\/de\/wp-json\/wp\/v2\/product\/85632","targetHints":{"allow":["GET"]}}],"collection":[{"href":"https:\/\/www.havohravo.com\/de\/wp-json\/wp\/v2\/product"}],"about":[{"href":"https:\/\/www.havohravo.com\/de\/wp-json\/wp\/v2\/types\/product"}],"wp:featuredmedia":[{"embeddable":true,"href":"https:\/\/www.havohravo.com\/de\/wp-json\/wp\/v2\/media\/85638"}],"wp:attachment":[{"href":"https:\/\/www.havohravo.com\/de\/wp-json\/wp\/v2\/media?parent=85632"}],"wp:term":[{"taxonomy":"pwb-brand","embeddable":true,"href":"https:\/\/www.havohravo.com\/de\/wp-json\/wp\/v2\/pwb-brand?post=85632"},{"taxonomy":"product_cat","embeddable":true,"href":"https:\/\/www.havohravo.com\/de\/wp-json\/wp\/v2\/product_cat?post=85632"},{"taxonomy":"product_tag","embeddable":true,"href":"https:\/\/www.havohravo.com\/de\/wp-json\/wp\/v2\/product_tag?post=85632"}],"curies":[{"name":"wp","href":"https:\/\/api.w.org\/{rel}","templated":true}]}}