{"id":85715,"date":"2025-02-10T19:31:57","date_gmt":"2025-02-10T18:31:57","guid":{"rendered":"https:\/\/www.havohravo.com\/?post_type=product&#038;p=85715"},"modified":"2026-04-24T13:34:35","modified_gmt":"2026-04-24T11:34:35","slug":"bungee-teenytiny-copy","status":"publish","type":"product","link":"https:\/\/www.havohravo.com\/de\/produkt\/bungee-teenytiny-copy\/","title":{"rendered":"Bungee Sweetie Ball"},"content":{"rendered":"<div class=\"wpb-content-wrapper\"><p>[vc_row][vc_column width=&#8220;1\/2&#8243;][vc_column_text css=&#8220;&#8220;]<\/p>\n<h3>Bungee Sweetie Ball<\/h3>\n<p>BungeeSweetie ist der beliebter Sweetie-Ball mit einem l\u00e4ngeren, elastischen Bungee-Griff. Der BungeeSweetie-Ball ist ein echter Leckerbissen f\u00fcr Hunde: Der berauschende Duft von echtem Leder und Wolle in Kombination mit der Leckerlitasche im Inneren macht ihn zu einer \u00e4u\u00dferst verlockenden Belohnung. Die Sweeties werden in Finnland aus echtem Leder, das aus einer \u00f6rtlichen M\u00f6belfabrik stammt, handgefertigt und mit echter Schafwolle gef\u00fcttert. Der Geruch der echten Materialien ist f\u00fcr Hunde sehr verlockend.<\/p>\n<p>Der Griff ist 38 cm lang und l\u00e4sst sich auf 54 cm verl\u00e4ngern. Dank des Bungee-Griffs bietet dieses Spielzeug sowohl f\u00fcr den Hund als auch f\u00fcr den Hundef\u00fchrer ein sehr angenehmes und sicheres Zupferlebnis. Der Griff ist mit einem weichen Fleece gef\u00fcttert, das sehr angenehm f\u00fcr die H\u00e4nde des Hundef\u00fchrers ist.<\/p>\n<p>BungeeSweetie ist mit Schafwolle von einer \u00f6rtlichen Schaffarm gef\u00fcllt. Die F\u00fcllung besteht aus Wool Top, d. h. aus gewaschener und geb\u00fcrsteter Wolle. Das Spielzeug ist nicht \u00fcberf\u00fcllt und hart, es ist auch f\u00fcr den Hund angenehm zu bei\u00dfen und zu kauen.<\/p>\n<p>Die BungeeSweetie-B\u00e4lle werden in Finnland aus echtem Leder handgefertigt, das aus einer \u00f6rtlichen M\u00f6belfabrik stammt. Nur das Griffteil wird nicht in Finnland hergestellt.<\/p>\n<p><b><strong>Ballgr\u00f6\u00dfe:<\/strong><\/b>\u00a0ca. 10 x 10 cm[\/vc_column_text][vc_empty_space height=&#8220;32&#8243;][\/vc_column][vc_column width=&#8220;1\/2&#8243;][vc_column_text css=&#8220;&#8220;]<\/p>\n<h3>Anwendung<\/h3>\n<p>Lass deinen Hund niemals unbeaufsichtigt mit einem Spielzeug. Echtes Leder und Schafwolle sind Materialien, die Hunde dazu verleiten k\u00f6nnen, das Spielzeug zu zerrei\u00dfen und die St\u00fccke zu verschlucken, was vermieden werden sollte. Dieses Spielzeug ist nur f\u00fcr das gemeinsame Spielen mit deinem Hund gedacht. Es ist nicht empfehlenswert, das Spielzeug nass zu machen oder bei frierenden Temperaturen damit zu spielen, da nasses Leder hart wird, was die Haltbarkeit des Spielzeugs beeintr\u00e4chtigen und seine Lebensdauer verk\u00fcrzen kann. Als nat\u00fcrliches Material beh\u00e4lt Leder seine Haltbarkeit und Weichheit am besten, wenn es trocken gehalten wird. Daher ist dieses Spielzeug bei sehr nassen Trainingsbedingungen m\u00f6glicherweise nicht die beste Belohnung.<\/p>\n<p>Bitte beachte auch, dass ein mit Wolle gef\u00fclltes Spielzeug, wenn es nass wird, st\u00e4rker nach Wolle riechen kann.<\/p>\n<p>F\u00fcr ein optimales Spielerlebnis w\u00e4hle bitte das Spielzeug in der richtigen Gr\u00f6\u00dfe f\u00fcr deinen Hund. SweetieBall wird f\u00fcr Welpen, kleine und mittelg\u00f6\u00dfe Hunde empfohlen.[\/vc_column_text][vc_empty_space height=&#8220;32&#8243;][\/vc_column][\/vc_row][vc_row][vc_column][vc_single_image image=&#8220;85720&#8243; img_size=&#8220;large&#8220;][\/vc_column][\/vc_row]<\/p>\n<\/div>","protected":false},"excerpt":{"rendered":"<p>Ein handgefertigtes Spielzeug aus echtem recyceltem Leder und Schafswolle<\/p>\n","protected":false},"featured_media":85725,"template":"","meta":[],"pwb-brand":[2243],"product_cat":[1693,1690,866],"product_tag":[],"class_list":{"0":"post-85715","1":"product","2":"type-product","3":"status-publish","4":"has-post-thumbnail","6":"pwb-brand-sportsk9-de","7":"product_cat-fellspielzeug","8":"product_cat-futterbaelle","9":"product_cat-hundespielzeug","11":"first","12":"outofstock","13":"taxable","14":"shipping-taxable","15":"purchasable","16":"product-type-variable"},"brands":[{"id":2243,"name":"SportsK9","slug":"sportsk9-de"}],"_links":{"self":[{"href":"https:\/\/www.havohravo.com\/de\/wp-json\/wp\/v2\/product\/85715","targetHints":{"allow":["GET"]}}],"collection":[{"href":"https:\/\/www.havohravo.com\/de\/wp-json\/wp\/v2\/product"}],"about":[{"href":"https:\/\/www.havohravo.com\/de\/wp-json\/wp\/v2\/types\/product"}],"wp:featuredmedia":[{"embeddable":true,"href":"https:\/\/www.havohravo.com\/de\/wp-json\/wp\/v2\/media\/85725"}],"wp:attachment":[{"href":"https:\/\/www.havohravo.com\/de\/wp-json\/wp\/v2\/media?parent=85715"}],"wp:term":[{"taxonomy":"pwb-brand","embeddable":true,"href":"https:\/\/www.havohravo.com\/de\/wp-json\/wp\/v2\/pwb-brand?post=85715"},{"taxonomy":"product_cat","embeddable":true,"href":"https:\/\/www.havohravo.com\/de\/wp-json\/wp\/v2\/product_cat?post=85715"},{"taxonomy":"product_tag","embeddable":true,"href":"https:\/\/www.havohravo.com\/de\/wp-json\/wp\/v2\/product_tag?post=85715"}],"curies":[{"name":"wp","href":"https:\/\/api.w.org\/{rel}","templated":true}]}}