{"id":85796,"date":"2025-02-10T20:40:15","date_gmt":"2025-02-10T19:40:15","guid":{"rendered":"https:\/\/www.havohravo.com\/?post_type=product&#038;p=85796"},"modified":"2025-08-20T12:20:44","modified_gmt":"2025-08-20T10:20:44","slug":"propack-dog-sports-rucksack-copy","status":"publish","type":"product","link":"https:\/\/www.havohravo.com\/de\/produkt\/propack-dog-sports-rucksack-copy\/","title":{"rendered":"ProPack Mini"},"content":{"rendered":"<div class=\"wpb-content-wrapper\"><p>[vc_row][vc_column][vc_empty_space][\/vc_column][\/vc_row][vc_row][vc_column width=&#8220;1\/2&#8243;][vc_column_text css=&#8220;&#8220;]<\/p>\n<h3>ProPack Mini<\/h3>\n<ul>\n<li class=\"li1\">Riemenl\u00e4nge: einstellbar zwischen 63 cm (Minimum) und 150 cm (Maximum)<\/li>\n<li class=\"li1\">Breite von Riemen und Schnalle: 40 mm<\/li>\n<li class=\"li1\">Ein gro\u00dfes Fach mit Rei\u00dfverschluss und ein kleines Netzfach<\/li>\n<li class=\"li1\">Eine versteckte Tasche \u00fcber die gesamte Breite f\u00fcr Telefon und wichtige Dokumente auf der R\u00fcckseite<\/li>\n<li class=\"li1\">Eine Rei\u00dfverschlusstasche f\u00fcr Schl\u00fcssel auf der Vorderseite<\/li>\n<li class=\"li1\">Ein gepolstertes Netzfach auf der R\u00fcckseite<\/li>\n<li class=\"li1\">Extrem wasserabweisend, aber nicht v\u00f6llig wasserdicht. Der Stoff selbst ist wasserdicht, aber da die Rei\u00dfverschl\u00fcsse nicht beschichtet sind, sind sie nicht vollst\u00e4ndig wasserdicht<\/li>\n<li class=\"li1\">Ein reflektierendes SportsK9 Hundelogo und reflektierende Einfassungen an beiden Enden<\/li>\n<\/ul>\n<p>[\/vc_column_text][vc_empty_space height=&#8220;24&#8243;][\/vc_column][vc_column width=&#8220;5\/12&#8243; offset=&#8220;vc_col-sm-offset-1&#8243;][vc_single_image image=&#8220;85802&#8243; img_size=&#8220;large&#8220;][vc_empty_space height=&#8220;24&#8243;][vc_column_text css=&#8220;&#8220;]<\/p>\n<h3>Gr\u00f6\u00dfe<\/h3>\n<ul class=\"ul1\">\n<li class=\"li1\">Gr\u00f6\u00dfe: L\u00e4nge 35 cm, H\u00f6he 17 cm, Breite 10 cm<\/li>\n<li class=\"li1\">Gewicht: 240 g<\/li>\n<li class=\"li1\">Fassungsverm\u00f6gen: 4,5 Liter<\/li>\n<\/ul>\n<p>[\/vc_column_text][vc_empty_space height=&#8220;24&#8243;][\/vc_column][\/vc_row][vc_row][vc_column][vc_video link=&#8220;https:\/\/youtu.be\/2JI8AGtXjU0?si=lYftJUgtUJBr7i06&#8243;][\/vc_column][\/vc_row]<\/p>\n<\/div>","protected":false},"excerpt":{"rendered":"<p>Eine superpraktische Minitasche f\u00fcr Sport und Freizeitaktivit\u00e4ten<\/p>\n","protected":false},"featured_media":85809,"template":"","meta":[],"pwb-brand":[2243],"product_cat":[861,885],"product_tag":[],"class_list":{"0":"post-85796","1":"product","2":"type-product","3":"status-publish","4":"has-post-thumbnail","6":"pwb-brand-sportsk9-de","7":"product_cat-fur-menschen","8":"product_cat-taschen-und-futterbeutel","10":"first","11":"instock","12":"taxable","13":"shipping-taxable","14":"purchasable","15":"product-type-variable"},"brands":[{"id":2243,"name":"SportsK9","slug":"sportsk9-de"}],"_links":{"self":[{"href":"https:\/\/www.havohravo.com\/de\/wp-json\/wp\/v2\/product\/85796","targetHints":{"allow":["GET"]}}],"collection":[{"href":"https:\/\/www.havohravo.com\/de\/wp-json\/wp\/v2\/product"}],"about":[{"href":"https:\/\/www.havohravo.com\/de\/wp-json\/wp\/v2\/types\/product"}],"wp:featuredmedia":[{"embeddable":true,"href":"https:\/\/www.havohravo.com\/de\/wp-json\/wp\/v2\/media\/85809"}],"wp:attachment":[{"href":"https:\/\/www.havohravo.com\/de\/wp-json\/wp\/v2\/media?parent=85796"}],"wp:term":[{"taxonomy":"pwb-brand","embeddable":true,"href":"https:\/\/www.havohravo.com\/de\/wp-json\/wp\/v2\/pwb-brand?post=85796"},{"taxonomy":"product_cat","embeddable":true,"href":"https:\/\/www.havohravo.com\/de\/wp-json\/wp\/v2\/product_cat?post=85796"},{"taxonomy":"product_tag","embeddable":true,"href":"https:\/\/www.havohravo.com\/de\/wp-json\/wp\/v2\/product_tag?post=85796"}],"curies":[{"name":"wp","href":"https:\/\/api.w.org\/{rel}","templated":true}]}}