{"id":85951,"date":"2025-02-10T21:36:16","date_gmt":"2025-02-10T20:36:16","guid":{"rendered":"https:\/\/www.havohravo.com\/?post_type=product&#038;p=85951"},"modified":"2026-03-25T11:21:19","modified_gmt":"2026-03-25T10:21:19","slug":"toppa-pomppa-trail-mit-brustgeschirroffnung-copy","status":"publish","type":"product","link":"https:\/\/www.havohravo.com\/de\/produkt\/toppa-pomppa-trail-mit-brustgeschirroffnung-copy\/","title":{"rendered":"Woolmantel HYBRIDO"},"content":{"rendered":"<div class=\"wpb-content-wrapper\"><p>[vc_row][vc_column][vc_empty_space][\/vc_column][\/vc_row][vc_row type=&#8220;boxed&#8220;][vc_column width=&#8220;1\/2&#8243;][vc_column_text css=&#8220;&#8220;]<\/p>\n<h3>Woolmantel HYBRIDO<\/h3>\n<p>Eine w\u00e4rmende Hundejacke aus dicker Merinowolle. Entwickelt, um deinem Hund volle Bewegungsfreiheit zu geben und gleichzeitig alle gro\u00dfen Muskeln warm zu halten.<\/p>\n<p>Die Jacke ist in den Gr\u00f6\u00dfen 23 bis 80 erh\u00e4ltlich. Messe von der tiefsten Stelle des Halses (zwischen den Schultern) bis zur Rutenwurzel, um zu wissen, welche Gr\u00f6\u00dfe deinem Hund passen wird. Wenn du zwischen zwei Gr\u00f6\u00dfen schwankst, nimm nicht die n\u00e4chsth\u00f6here Gr\u00f6\u00dfe, da die Passform gro\u00dfz\u00fcgig ist.<\/p>\n<p>Wolle ist das funktionelle Material der Natur, es zieht weder Geruch noch Schmutz an und ist auch in feuchtem Zustand bequem und warm. Mit HYBRIDO hat dein Hund eine w\u00e4rmende Hundejacke, die bei Aktivit\u00e4ten genauso gut funktioniert wie im Auto.[\/vc_column_text][vc_empty_space height=&#8220;24&#8243;][vc_column_text css=&#8220;&#8220;]<\/p>\n<h3>Material<\/h3>\n<p>100% Merinowolle. Ethische Herkunft in Europa.<\/p>\n<p>Die in den Decken und Jacken verwendete Wolle hat ein Eco5-Zertifikat, das dies best\u00e4tigt:<\/p>\n<ul>\n<li>Das Produkt garantiert Sicherheit beim Gebrauch<\/li>\n<li>Das Produkt ist korrekt gekennzeichnet<\/li>\n<li>Der Hersteller gew\u00e4hrleistet die Produktionsstabilit\u00e4t und garantiert, dass die von den Normen geforderten Kriterien eingehalten werden.<\/li>\n<li>die Herstellung der Produkte in \u00dcbereinstimmung mit den gesetzlichen Bestimmungen \u00fcber die Arbeitsbedingungen erfolgt und somit menschenw\u00fcrdige Arbeitsbedingungen gew\u00e4hrleistet sind<\/li>\n<li>Der Hersteller setzt sich f\u00fcr \u00f6kologische Aktivit\u00e4ten ein, einschlie\u00dflich der Abfallentsorgung, des sparsamen Umgangs mit Ressourcen und der Emissionen in die nat\u00fcrliche Umwelt.<\/li>\n<li>Die hergestellten Produkte zeichnen sich durch gute Leistungseigenschaften aus und enthalten keine Stoffe, die als sch\u00e4dlich gelten und deren Menge die zul\u00e4ssigen Werte \u00fcberschreitet.<\/li>\n<\/ul>\n<p>[\/vc_column_text][\/vc_column][vc_column width=&#8220;1\/2&#8243; offset=&#8220;vc_col-lg-offset-1 vc_col-lg-5 vc_col-sm-offset-0&#8243;][vc_single_image image=&#8220;86305&#8243; img_size=&#8220;full&#8220;][vc_empty_space height=&#8220;24&#8243;][vc_column_text css=&#8220;&#8220;]<\/p>\n<h3>Details<\/h3>\n<ul>\n<li>gro\u00dfe Schnittform zum W\u00e4rmen der Vorderseite<\/li>\n<li>Kordelzug im Nacken, mit dem die Position\/L\u00e4nge angepasst werden kann<\/li>\n<li>Kragen, der den Hals w\u00e4rmt<\/li>\n<li>Verstellbare Befestigung aus d\u00fcnnem Softshell<\/li>\n<li>Fixierung mit einem G-Haken aus Aluminium, nicht kaubar \ud83d\ude42<\/li>\n<li>Doppelter Kordelzug im R\u00fccken, der eine formt ein U und l\u00e4sst Platz f\u00fcr die Rute=perfekt f\u00fcr Terrier und \u00e4hnliche Tiere oder wenn man die Jacke beim Spazierengehen verk\u00fcrzen m\u00f6chte, und der andere formt die Jacke um das Ges\u00e4\u00df=perfekt, wenn der Hund sich ausruht<\/li>\n<li>Elastische Beinschlaufen<\/li>\n<li>Zus\u00e4tzliche N\u00e4hte vorne und hinten an den Beinen f\u00fcr eine optimale Passform<\/li>\n<\/ul>\n<h3>Waschanleitung<\/h3>\n<ul>\n<li>L\u00fcfte die Jacke h\u00e4ufig und wasche sie nur selten; besonders gut ist es, sie zu l\u00fcften, wenn es drau\u00dfen feucht ist.<\/li>\n<li>Auffrischen durch Auslegen in sauberem, luftigem Schnee<\/li>\n<li>Immer im Wollwaschgang in der Waschmaschine waschen<\/li>\n<li>Verwende ein f\u00fcr Wolle geeignetes Waschmittel<\/li>\n<li>Wasche den Wollkleidungsst\u00fcck separat<\/li>\n<li>Lass das Kleidungsst\u00fcck flach trocknen<\/li>\n<\/ul>\n<p>[\/vc_column_text][vc_empty_space height=&#8220;24&#8243;][\/vc_column][\/vc_row][vc_row type=&#8220;boxed&#8220;][vc_column][vc_empty_space height=&#8220;64&#8243;][vc_video link=&#8220;https:\/\/youtu.be\/2STqDuMzy28?list=TLGGqOPSCT8FyJMxMDAyMjAyNQ&#8220; align=&#8220;center&#8220;][vc_empty_space][\/vc_column][\/vc_row]<\/p>\n<\/div>","protected":false},"excerpt":{"rendered":"<p style=\"font-weight: 400;\">Eine w\u00e4rmende Hundejacke aus dicker Merinowolle.<\/p>\n","protected":false},"featured_media":86301,"template":"","meta":[],"pwb-brand":[2405],"product_cat":[2167,879,881],"product_tag":[1228],"class_list":{"0":"post-85951","1":"product","2":"type-product","3":"status-publish","4":"has-post-thumbnail","6":"pwb-brand-hundlands-de","7":"product_cat-wintermantel","8":"product_cat-hundemode","9":"product_cat-mantel-und-jacken","10":"product_tag-ausverkauf","12":"first","13":"instock","14":"sale","15":"taxable","16":"shipping-taxable","17":"purchasable","18":"product-type-variable"},"brands":[{"id":2405,"name":"Hundlands","slug":"hundlands-de"}],"_links":{"self":[{"href":"https:\/\/www.havohravo.com\/de\/wp-json\/wp\/v2\/product\/85951","targetHints":{"allow":["GET"]}}],"collection":[{"href":"https:\/\/www.havohravo.com\/de\/wp-json\/wp\/v2\/product"}],"about":[{"href":"https:\/\/www.havohravo.com\/de\/wp-json\/wp\/v2\/types\/product"}],"wp:featuredmedia":[{"embeddable":true,"href":"https:\/\/www.havohravo.com\/de\/wp-json\/wp\/v2\/media\/86301"}],"wp:attachment":[{"href":"https:\/\/www.havohravo.com\/de\/wp-json\/wp\/v2\/media?parent=85951"}],"wp:term":[{"taxonomy":"pwb-brand","embeddable":true,"href":"https:\/\/www.havohravo.com\/de\/wp-json\/wp\/v2\/pwb-brand?post=85951"},{"taxonomy":"product_cat","embeddable":true,"href":"https:\/\/www.havohravo.com\/de\/wp-json\/wp\/v2\/product_cat?post=85951"},{"taxonomy":"product_tag","embeddable":true,"href":"https:\/\/www.havohravo.com\/de\/wp-json\/wp\/v2\/product_tag?post=85951"}],"curies":[{"name":"wp","href":"https:\/\/api.w.org\/{rel}","templated":true}]}}